{"id":2823,"date":"2025-04-16T09:10:26","date_gmt":"2025-04-16T09:10:26","guid":{"rendered":"https:\/\/wedrivesolar.com\/erklaerung-zum-datenschutz\/"},"modified":"2025-09-02T06:59:00","modified_gmt":"2025-09-02T06:59:00","slug":"erklaerung-zum-datenschutz","status":"publish","type":"page","link":"https:\/\/wedrivesolar.com\/de\/erklaerung-zum-datenschutz\/","title":{"rendered":"Erkl\u00e4rung zum Datenschutz"},"content":{"rendered":"\t\t<div data-elementor-type=\"wp-page\" data-elementor-id=\"2823\" class=\"elementor elementor-2823\" data-elementor-post-type=\"page\">\n\t\t\t\t<div class=\"elementor-element elementor-element-9291b52 e-flex e-con-boxed e-con e-parent\" data-id=\"9291b52\" data-element_type=\"container\" data-e-type=\"container\">\n\t\t\t\t\t<div class=\"e-con-inner\">\n\t\t\t\t<div class=\"elementor-element elementor-element-e860a22 elementor-widget elementor-widget-text-editor\" data-id=\"e860a22\" data-element_type=\"widget\" data-e-type=\"widget\" data-widget_type=\"text-editor.default\">\n\t\t\t\t\t\t\t\t\t<p><strong>GDPR &#8211; Datenschutzerkl\u00e4rung We Drive Solar (01-01-2025)<\/strong><\/p>\n<p>We Drive Solar, Europalaan 202, 7559 SC, Hengelo, Niederlande, ist verantwortlich f\u00fcr die Verarbeitung personenbezogener Daten wie in dieser Datenschutzerkl\u00e4rung beschrieben. Die Kontaktdaten von We Drive Solar finden Sie unter der Adresse auf der Website <a href=\"http:\/\/www.wedrivesolar.nl\/\">http:\/\/www.wedrivesolar.com<\/a> <\/p>\n<p>Robin Berg ist der Datenschutzbeauftragte von We Drive Solar und kann direkt per E-Mail kontaktiert werden: <a href=\"mailto:robin@wedrivesolar.nl\">robin@wedrivesolar.nl.<\/a><\/p>\n<p><strong>Personenbezogene Daten<\/strong><br>We Drive Solar verarbeitet bestimmte personenbezogene Daten, weil Sie unsere Dienste nutzen und\/oder weil Sie uns diese Informationen selbst zur Verf\u00fcgung stellen. Im Folgenden finden Sie einen \u00dcberblick \u00fcber die von We Drive Solar verarbeiteten personenbezogenen Daten: <\/p>\n<ul>\n<li>\n<p><strong>Prim\u00e4re Kontaktdaten<\/strong> (z. B. Firmennamen, pers\u00f6nliche Namen, Adressangaben, Telefonnummern und E-Mail-Adressen);<\/p>\n<\/li>\n<li>\n<p><strong>Sekund\u00e4re Kontaktdaten<\/strong> (z. B. Geburtsdaten, Geschlecht, Nationalit\u00e4t und F\u00fchrerscheindaten); und<\/p>\n<\/li>\n<li>\n<p><strong>Nutzungsdaten<\/strong> (wie Standort- und Fahrdaten).<\/p>\n<\/li>\n<\/ul>\n<p><strong>Besondere und\/oder sensible personenbezogene Daten<\/strong><br>Unsere Dienstleistungen (einschlie\u00dflich dieser Website) zielen nicht darauf ab, personenbezogene Daten zu sammeln. Wir erheben keine besonderen und\/oder sensiblen personenbezogenen Daten. <\/p>\n<p><strong>Zweck der Verarbeitung personenbezogener Daten<\/strong><br>We Drive Solar verarbeitet Ihre personenbezogenen Daten f\u00fcr die folgenden Zwecke:<\/p>\n<ul>\n<li>\n<p>Um ein Konto zu erstellen;<\/p>\n<\/li>\n<li>\n<p>Zur Erbringung unserer Dienstleistungen und zur Abwicklung des Zahlungsverkehrs;<\/p>\n<\/li>\n<li>\n<p>Um Sie \u00fcber unsere Dienstleistungen und\/oder Produkte zu informieren;<\/p>\n<\/li>\n<li>\n<p>F\u00fcr den Versand unseres Newsletters, wenn Sie ihn abonniert haben.<\/p>\n<\/li>\n<\/ul>\n<p>We Drive Solar analysiert Ihre Nutzungsdaten, um die Ihnen angebotenen Dienste zu verbessern\/optimieren. Wir verarbeiten personenbezogene Daten auch, weil wir gesetzlich dazu verpflichtet sind, z. B. Daten f\u00fcr die Steuererkl\u00e4rung. <\/p>\n<p><strong>Automatisierte Entscheidungsfindung<\/strong><br>We Drive Solar trifft keine Entscheidungen, die ausschlie\u00dflich auf einer automatisierten Verarbeitung beruhen und die erhebliche Folgen f\u00fcr den Einzelnen haben k\u00f6nnen (z. B. Entscheidungen, die von Computerprogrammen oder -systemen ohne menschliche Beteiligung getroffen werden).<\/p>\n<p><strong>Aufbewahrungsfristen f\u00fcr personenbezogene Daten<\/strong><br>We Drive Solar bewahrt Ihre personenbezogenen Daten nur so lange auf, wie es zur Erf\u00fcllung der Zwecke, f\u00fcr die Ihre Daten erhoben wurden, unbedingt erforderlich ist. Wir halten uns an die folgenden Aufbewahrungsfristen f\u00fcr die folgenden Kategorien von personenbezogenen Daten: <\/p>\n<ul>\n<li>\n<p><strong>Daten des Hauptkontakts<\/strong>: 10 Jahre nach Erbringung der Dienstleistung.<\/p>\n<\/li>\n<li>\n<p><strong>Sekund\u00e4re Kontaktdaten<\/strong>: 10 Jahre nach Erbringung der Dienstleistung.<\/p>\n<\/li>\n<li>\n<p><strong>Nutzungsdaten<\/strong>: 10 Jahre nach Erbringung der Dienstleistung.<\/p>\n<\/li>\n<\/ul>\n<p>Wenn jemand den elektronischen Newsletter abonniert hat (E-Mail-Adresse), wird diese E-Mail-Adresse so lange gespeichert, bis sich die Person von diesem Dienst abmeldet (z. B. \u00fcber eine Option im Newsletter).<\/p>\n<p><strong>Weitergabe personenbezogener Daten an Dritte<\/strong><br>We Drive Solar gibt personenbezogene Daten nur dann an Dritte weiter, wenn dies f\u00fcr die Durchf\u00fchrung unseres Vertrags mit Ihnen oder zur Erf\u00fcllung einer gesetzlichen Verpflichtung erforderlich ist.<\/p>\n<p><strong>Cookies oder \u00e4hnliche Technologien<\/strong><br>We Drive Solar verwendet nur technische und funktionale Cookies oder \u00e4hnliche Technologien. Wir verwenden nur technische, funktionale und analytische Cookies, die Ihre Privatsph\u00e4re nicht verletzen. Ein Cookie ist eine kleine Textdatei, die bei Ihrem ersten Besuch auf dieser Website auf Ihrem Computer, Tablet oder Smartphone gespeichert wird. Die von uns verwendeten Cookies sind f\u00fcr den technischen Betrieb der Website und Ihre Benutzerfreundlichkeit notwendig. Sie stellen sicher, dass die Website ordnungsgem\u00e4\u00df funktioniert und merken sich zum Beispiel Ihre Pr\u00e4ferenzen. Sie k\u00f6nnen die Verwendung von Cookies ablehnen, indem Sie Ihren Internet-Browser so einstellen, dass er keine Cookies speichert. Sie k\u00f6nnen auch alle zuvor gespeicherten Informationen \u00fcber Ihre Browsereinstellungen l\u00f6schen.      <\/p>\n<p><strong>Zugriff, Berichtigung oder L\u00f6schung von Daten<\/strong><br>Sie haben das Recht, den Zugriff auf Ihre bei We Drive Solar gespeicherten personenbezogenen Daten sowie deren Berichtigung oder L\u00f6schung zu verlangen. Sie haben auch das Recht, Ihre Zustimmung zur Datenverarbeitung zu widerrufen oder der Verarbeitung Ihrer personenbezogenen Daten durch We Drive Solar zu widersprechen, und Sie haben das Recht auf Daten\u00fcbertragbarkeit. Das bedeutet, dass Sie verlangen k\u00f6nnen, dass We Drive Solar Ihnen die personenbezogenen Daten, die es in einer Computerdatei gespeichert hat, \u00fcbermittelt. Einen Antrag auf Auskunft, Berichtigung, L\u00f6schung, Daten\u00fcbertragbarkeit, Widerruf der Einwilligung oder Widerspruch gegen die Verarbeitung Ihrer personenbezogenen Daten k\u00f6nnen Sie an die oben genannte E-Mail-Adresse senden.<br>Um sicherzustellen, dass der Antrag auf Auskunft von Ihnen gestellt wird, f\u00fcgen Sie dem Antrag bitte eine Kopie Ihres Ausweises bei. Bitte schw\u00e4rzen Sie zum Schutz der Privatsph\u00e4re Ihr Foto, die MRZ (maschinenlesbare Zone, der Streifen mit Zahlen am unteren Rand des Passes), die Passnummer und die Sozialversicherungsnummer (BSN). Wir von Drive Solar werden Ihnen so schnell wie m\u00f6glich antworten, auf jeden Fall aber innerhalb von vier Wochen.     <\/p>\n<p>We Drive Solar m\u00f6chte Sie au\u00dferdem dar\u00fcber informieren, dass Sie die M\u00f6glichkeit haben, eine Beschwerde bei der nationalen Aufsichtsbeh\u00f6rde, der niederl\u00e4ndischen Datenschutzbeh\u00f6rde, einzureichen. Sie k\u00f6nnen dies \u00fcber den folgenden Link tun: <a href=\"https:\/\/autoriteitpersoonsgegevens.nl\/nl\/contact-met-de-autoriteit-persoonsgegevens\/tip-ons\">https:\/\/autoriteitpersoonsgegevens.nl\/nl\/contact-met-de-autoriteit-persoonsgegevens\/tip-ons.<\/a> <\/p>\n<p><strong>Datensicherheit<\/strong><br>We Drive Solar nimmt den Schutz Ihrer Daten ernst und ergreift geeignete Ma\u00dfnahmen, um Missbrauch, Verlust, unbefugten Zugriff, unerw\u00fcnschte Offenlegung und unbefugte \u00c4nderung zu verhindern. Wenn Sie der Meinung sind, dass Ihre Daten nicht ausreichend gesch\u00fctzt sind oder wenn es Anzeichen f\u00fcr einen Missbrauch gibt, wenden Sie sich bitte \u00fcber die oben angegebene E-Mail-Adresse an We Drive Solar. <\/p>\n<p>We Drive Solar NL BV<br>Handelskammer: 67717403<br>Kontakt: <a href=\"mailto:info@wedrivesolar.nl\">info@wedrivesolar.nl<\/a><br>Europalaan 202, 7559 SC, Hengelo NL<\/p>\t\t\t\t\t\t\t\t<\/div>\n\t\t\t\t\t<\/div>\n\t\t\t\t<\/div>\n\t\t\t\t<\/div>\n\t\t","protected":false},"excerpt":{"rendered":"<p>GDPR &#8211; Datenschutzerkl\u00e4rung We Drive Solar (01-01-2025) We Drive Solar, Europalaan 202, 7559 SC, Hengelo, Niederlande, ist verantwortlich f\u00fcr die Verarbeitung personenbezogener Daten wie in dieser Datenschutzerkl\u00e4rung beschrieben. Die Kontaktdaten von We Drive Solar finden Sie unter der Adresse auf der Website http:\/\/www.wedrivesolar.com Robin Berg ist der Datenschutzbeauftragte von We Drive Solar und kann direkt [&hellip;]<\/p>\n","protected":false},"author":2,"featured_media":0,"parent":0,"menu_order":0,"comment_status":"closed","ping_status":"closed","template":"","meta":{"_acf_changed":false,"footnotes":""},"class_list":["post-2823","page","type-page","status-publish","hentry"],"acf":[],"yoast_head":"<!-- This site is optimized with the Yoast SEO plugin v27.2 - https:\/\/yoast.com\/product\/yoast-seo-wordpress\/ -->\n<title>Erkl\u00e4rung zum Datenschutz - We Drive Solar<\/title>\n<meta name=\"robots\" content=\"index, follow, max-snippet:-1, max-image-preview:large, max-video-preview:-1\" \/>\n<link rel=\"canonical\" href=\"https:\/\/wedrivesolar.com\/de\/erklaerung-zum-datenschutz\/\" \/>\n<meta property=\"og:locale\" content=\"de_DE\" \/>\n<meta property=\"og:type\" content=\"article\" \/>\n<meta property=\"og:title\" content=\"Erkl\u00e4rung zum Datenschutz - We Drive Solar\" \/>\n<meta property=\"og:description\" content=\"GDPR &#8211; Datenschutzerkl\u00e4rung We Drive Solar (01-01-2025) We Drive Solar, Europalaan 202, 7559 SC, Hengelo, Niederlande, ist verantwortlich f\u00fcr die Verarbeitung personenbezogener Daten wie in dieser Datenschutzerkl\u00e4rung beschrieben. Die Kontaktdaten von We Drive Solar finden Sie unter der Adresse auf der Website http:\/\/www.wedrivesolar.com Robin Berg ist der Datenschutzbeauftragte von We Drive Solar und kann direkt [&hellip;]\" \/>\n<meta property=\"og:url\" content=\"https:\/\/wedrivesolar.com\/de\/erklaerung-zum-datenschutz\/\" \/>\n<meta property=\"og:site_name\" content=\"We Drive Solar\" \/>\n<meta property=\"article:modified_time\" content=\"2025-09-02T06:59:00+00:00\" \/>\n<meta name=\"twitter:card\" content=\"summary_large_image\" \/>\n<meta name=\"twitter:label1\" content=\"Gesch\u00e4tzte Lesezeit\" \/>\n\t<meta name=\"twitter:data1\" content=\"4\u00a0Minute\" \/>\n<script type=\"application\/ld+json\" class=\"yoast-schema-graph\">{\"@context\":\"https:\/\/schema.org\",\"@graph\":[{\"@type\":\"WebPage\",\"@id\":\"https:\/\/wedrivesolar.com\/de\/erklaerung-zum-datenschutz\/\",\"url\":\"https:\/\/wedrivesolar.com\/de\/erklaerung-zum-datenschutz\/\",\"name\":\"Erkl\u00e4rung zum Datenschutz - We Drive Solar\",\"isPartOf\":{\"@id\":\"https:\/\/wedrivesolar.com\/#website\"},\"datePublished\":\"2025-04-16T09:10:26+00:00\",\"dateModified\":\"2025-09-02T06:59:00+00:00\",\"breadcrumb\":{\"@id\":\"https:\/\/wedrivesolar.com\/de\/erklaerung-zum-datenschutz\/#breadcrumb\"},\"inLanguage\":\"de\",\"potentialAction\":[{\"@type\":\"ReadAction\",\"target\":[\"https:\/\/wedrivesolar.com\/de\/erklaerung-zum-datenschutz\/\"]}]},{\"@type\":\"BreadcrumbList\",\"@id\":\"https:\/\/wedrivesolar.com\/de\/erklaerung-zum-datenschutz\/#breadcrumb\",\"itemListElement\":[{\"@type\":\"ListItem\",\"position\":1,\"name\":\"Startseite\",\"item\":\"https:\/\/wedrivesolar.com\/\"},{\"@type\":\"ListItem\",\"position\":2,\"name\":\"Erkl\u00e4rung zum Datenschutz\"}]},{\"@type\":\"WebSite\",\"@id\":\"https:\/\/wedrivesolar.com\/#website\",\"url\":\"https:\/\/wedrivesolar.com\/\",\"name\":\"We Drive Solar\",\"description\":\"Shaping the electricity grid of the future\",\"publisher\":{\"@id\":\"https:\/\/wedrivesolar.com\/#organization\"},\"potentialAction\":[{\"@type\":\"SearchAction\",\"target\":{\"@type\":\"EntryPoint\",\"urlTemplate\":\"https:\/\/wedrivesolar.com\/?s={search_term_string}\"},\"query-input\":{\"@type\":\"PropertyValueSpecification\",\"valueRequired\":true,\"valueName\":\"search_term_string\"}}],\"inLanguage\":\"de\"},{\"@type\":\"Organization\",\"@id\":\"https:\/\/wedrivesolar.com\/#organization\",\"name\":\"We Drive Solar\",\"url\":\"https:\/\/wedrivesolar.com\/\",\"logo\":{\"@type\":\"ImageObject\",\"inLanguage\":\"de\",\"@id\":\"https:\/\/wedrivesolar.com\/#\/schema\/logo\/image\/\",\"url\":\"https:\/\/wedrivesolar.com\/wp-content\/uploads\/2025\/04\/cropped-wedrivesolar_transparant.png\",\"contentUrl\":\"https:\/\/wedrivesolar.com\/wp-content\/uploads\/2025\/04\/cropped-wedrivesolar_transparant.png\",\"width\":1280,\"height\":201,\"caption\":\"We Drive Solar\"},\"image\":{\"@id\":\"https:\/\/wedrivesolar.com\/#\/schema\/logo\/image\/\"}}]}<\/script>\n<!-- \/ Yoast SEO plugin. -->","yoast_head_json":{"title":"Erkl\u00e4rung zum Datenschutz - We Drive Solar","robots":{"index":"index","follow":"follow","max-snippet":"max-snippet:-1","max-image-preview":"max-image-preview:large","max-video-preview":"max-video-preview:-1"},"canonical":"https:\/\/wedrivesolar.com\/de\/erklaerung-zum-datenschutz\/","og_locale":"de_DE","og_type":"article","og_title":"Erkl\u00e4rung zum Datenschutz - We Drive Solar","og_description":"GDPR &#8211; Datenschutzerkl\u00e4rung We Drive Solar (01-01-2025) We Drive Solar, Europalaan 202, 7559 SC, Hengelo, Niederlande, ist verantwortlich f\u00fcr die Verarbeitung personenbezogener Daten wie in dieser Datenschutzerkl\u00e4rung beschrieben. Die Kontaktdaten von We Drive Solar finden Sie unter der Adresse auf der Website http:\/\/www.wedrivesolar.com Robin Berg ist der Datenschutzbeauftragte von We Drive Solar und kann direkt [&hellip;]","og_url":"https:\/\/wedrivesolar.com\/de\/erklaerung-zum-datenschutz\/","og_site_name":"We Drive Solar","article_modified_time":"2025-09-02T06:59:00+00:00","twitter_card":"summary_large_image","twitter_misc":{"Gesch\u00e4tzte Lesezeit":"4\u00a0Minute"},"schema":{"@context":"https:\/\/schema.org","@graph":[{"@type":"WebPage","@id":"https:\/\/wedrivesolar.com\/de\/erklaerung-zum-datenschutz\/","url":"https:\/\/wedrivesolar.com\/de\/erklaerung-zum-datenschutz\/","name":"Erkl\u00e4rung zum Datenschutz - We Drive Solar","isPartOf":{"@id":"https:\/\/wedrivesolar.com\/#website"},"datePublished":"2025-04-16T09:10:26+00:00","dateModified":"2025-09-02T06:59:00+00:00","breadcrumb":{"@id":"https:\/\/wedrivesolar.com\/de\/erklaerung-zum-datenschutz\/#breadcrumb"},"inLanguage":"de","potentialAction":[{"@type":"ReadAction","target":["https:\/\/wedrivesolar.com\/de\/erklaerung-zum-datenschutz\/"]}]},{"@type":"BreadcrumbList","@id":"https:\/\/wedrivesolar.com\/de\/erklaerung-zum-datenschutz\/#breadcrumb","itemListElement":[{"@type":"ListItem","position":1,"name":"Startseite","item":"https:\/\/wedrivesolar.com\/"},{"@type":"ListItem","position":2,"name":"Erkl\u00e4rung zum Datenschutz"}]},{"@type":"WebSite","@id":"https:\/\/wedrivesolar.com\/#website","url":"https:\/\/wedrivesolar.com\/","name":"We Drive Solar","description":"Shaping the electricity grid of the future","publisher":{"@id":"https:\/\/wedrivesolar.com\/#organization"},"potentialAction":[{"@type":"SearchAction","target":{"@type":"EntryPoint","urlTemplate":"https:\/\/wedrivesolar.com\/?s={search_term_string}"},"query-input":{"@type":"PropertyValueSpecification","valueRequired":true,"valueName":"search_term_string"}}],"inLanguage":"de"},{"@type":"Organization","@id":"https:\/\/wedrivesolar.com\/#organization","name":"We Drive Solar","url":"https:\/\/wedrivesolar.com\/","logo":{"@type":"ImageObject","inLanguage":"de","@id":"https:\/\/wedrivesolar.com\/#\/schema\/logo\/image\/","url":"https:\/\/wedrivesolar.com\/wp-content\/uploads\/2025\/04\/cropped-wedrivesolar_transparant.png","contentUrl":"https:\/\/wedrivesolar.com\/wp-content\/uploads\/2025\/04\/cropped-wedrivesolar_transparant.png","width":1280,"height":201,"caption":"We Drive Solar"},"image":{"@id":"https:\/\/wedrivesolar.com\/#\/schema\/logo\/image\/"}}]}},"_links":{"self":[{"href":"https:\/\/wedrivesolar.com\/de\/wp-json\/wp\/v2\/pages\/2823","targetHints":{"allow":["GET"]}}],"collection":[{"href":"https:\/\/wedrivesolar.com\/de\/wp-json\/wp\/v2\/pages"}],"about":[{"href":"https:\/\/wedrivesolar.com\/de\/wp-json\/wp\/v2\/types\/page"}],"author":[{"embeddable":true,"href":"https:\/\/wedrivesolar.com\/de\/wp-json\/wp\/v2\/users\/2"}],"replies":[{"embeddable":true,"href":"https:\/\/wedrivesolar.com\/de\/wp-json\/wp\/v2\/comments?post=2823"}],"version-history":[{"count":0,"href":"https:\/\/wedrivesolar.com\/de\/wp-json\/wp\/v2\/pages\/2823\/revisions"}],"wp:attachment":[{"href":"https:\/\/wedrivesolar.com\/de\/wp-json\/wp\/v2\/media?parent=2823"}],"curies":[{"name":"wp","href":"https:\/\/api.w.org\/{rel}","templated":true}]}}