{"id":2829,"date":"2025-04-16T09:11:22","date_gmt":"2025-04-16T09:11:22","guid":{"rendered":"https:\/\/wedrivesolar.com\/allgemeine-begriffe\/"},"modified":"2025-04-29T08:22:58","modified_gmt":"2025-04-29T08:22:58","slug":"allgemeine-begriffe","status":"publish","type":"page","link":"https:\/\/wedrivesolar.com\/de\/allgemeine-begriffe\/","title":{"rendered":"Allgemeine Begriffe"},"content":{"rendered":"\t\t<div data-elementor-type=\"wp-page\" data-elementor-id=\"2829\" class=\"elementor elementor-2829 elementor-1209\" data-elementor-post-type=\"page\">\n\t\t\t\t<div class=\"elementor-element elementor-element-a447ccc e-flex e-con-boxed e-con e-parent\" data-id=\"a447ccc\" data-element_type=\"container\" data-e-type=\"container\" data-settings=\"{&quot;background_background&quot;:&quot;classic&quot;}\">\n\t\t\t\t\t<div class=\"e-con-inner\">\n\t\t\t\t<div class=\"elementor-element elementor-element-ca7d4ce elementor-widget elementor-widget-heading\" data-id=\"ca7d4ce\" data-element_type=\"widget\" data-e-type=\"widget\" data-widget_type=\"heading.default\">\n\t\t\t\t\t<h2 class=\"elementor-heading-title elementor-size-default\">Allgemeine Begriffe<\/h2>\t\t\t\t<\/div>\n\t\t\t\t<div class=\"elementor-element elementor-element-5c881ab elementor-widget elementor-widget-text-editor\" data-id=\"5c881ab\" data-element_type=\"widget\" data-e-type=\"widget\" data-widget_type=\"text-editor.default\">\n\t\t\t\t\t\t\t\t\t<p>Willkommen auf der Seite mit den Allgemeinen Gesch\u00e4ftsbedingungen von We Drive Solar. Diese Bedingungen umrei\u00dfen die Rechte und Pflichten sowohl von We Drive Solar als auch von unseren Kunden und sorgen f\u00fcr Klarheit und Transparenz bei unseren gesch\u00e4ftlichen Transaktionen. Bitte nehmen Sie sich einen Moment Zeit, um die folgenden Bedingungen sorgf\u00e4ltig durchzulesen, da sie die Nutzung unserer Dienstleistungen und Produkte regeln. Sollten Sie Fragen haben oder weitere Erl\u00e4uterungen ben\u00f6tigen, z\u00f6gern Sie nicht, uns zu kontaktieren.   <\/p>\t\t\t\t\t\t\t\t<\/div>\n\t\t\t\t<div class=\"elementor-element elementor-element-d620525 elementor-widget elementor-widget-button\" data-id=\"d620525\" data-element_type=\"widget\" data-e-type=\"widget\" data-widget_type=\"button.default\">\n\t\t\t\t\t\t\t\t\t\t<a class=\"elementor-button elementor-button-link elementor-size-sm\" href=\"https:\/\/wedrivesolar.com\/wp-content\/uploads\/2025\/04\/We-Drive-Solar-Terms-2019.pdf\">\n\t\t\t\t\t\t<span class=\"elementor-button-content-wrapper\">\n\t\t\t\t\t\t\t\t\t<span class=\"elementor-button-text\">Bedingungen und Konditionen anzeigen<\/span>\n\t\t\t\t\t<\/span>\n\t\t\t\t\t<\/a>\n\t\t\t\t\t\t\t\t<\/div>\n\t\t\t\t\t<\/div>\n\t\t\t\t<\/div>\n\t\t\t\t<\/div>\n\t\t","protected":false},"excerpt":{"rendered":"<p>Allgemeine Begriffe Willkommen auf der Seite mit den Allgemeinen Gesch\u00e4ftsbedingungen von We Drive Solar. Diese Bedingungen umrei\u00dfen die Rechte und Pflichten sowohl von We Drive Solar als auch von unseren Kunden und sorgen f\u00fcr Klarheit und Transparenz bei unseren gesch\u00e4ftlichen Transaktionen. Bitte nehmen Sie sich einen Moment Zeit, um die folgenden Bedingungen sorgf\u00e4ltig durchzulesen, da [&hellip;]<\/p>\n","protected":false},"author":2,"featured_media":0,"parent":0,"menu_order":0,"comment_status":"closed","ping_status":"closed","template":"","meta":{"_acf_changed":false,"footnotes":""},"class_list":["post-2829","page","type-page","status-publish","hentry"],"acf":[],"yoast_head":"<!-- This site is optimized with the Yoast SEO plugin v27.2 - https:\/\/yoast.com\/product\/yoast-seo-wordpress\/ -->\n<title>Allgemeine Begriffe - We Drive Solar<\/title>\n<meta name=\"robots\" content=\"index, follow, max-snippet:-1, max-image-preview:large, max-video-preview:-1\" \/>\n<link rel=\"canonical\" href=\"https:\/\/wedrivesolar.com\/de\/allgemeine-begriffe\/\" \/>\n<meta property=\"og:locale\" content=\"de_DE\" \/>\n<meta property=\"og:type\" content=\"article\" \/>\n<meta property=\"og:title\" content=\"Allgemeine Begriffe - We Drive Solar\" \/>\n<meta property=\"og:description\" content=\"Allgemeine Begriffe Willkommen auf der Seite mit den Allgemeinen Gesch\u00e4ftsbedingungen von We Drive Solar. Diese Bedingungen umrei\u00dfen die Rechte und Pflichten sowohl von We Drive Solar als auch von unseren Kunden und sorgen f\u00fcr Klarheit und Transparenz bei unseren gesch\u00e4ftlichen Transaktionen. Bitte nehmen Sie sich einen Moment Zeit, um die folgenden Bedingungen sorgf\u00e4ltig durchzulesen, da [&hellip;]\" \/>\n<meta property=\"og:url\" content=\"https:\/\/wedrivesolar.com\/de\/allgemeine-begriffe\/\" \/>\n<meta property=\"og:site_name\" content=\"We Drive Solar\" \/>\n<meta property=\"article:modified_time\" content=\"2025-04-29T08:22:58+00:00\" \/>\n<meta name=\"twitter:card\" content=\"summary_large_image\" \/>\n<script type=\"application\/ld+json\" class=\"yoast-schema-graph\">{\"@context\":\"https:\/\/schema.org\",\"@graph\":[{\"@type\":\"WebPage\",\"@id\":\"https:\/\/wedrivesolar.com\/de\/allgemeine-begriffe\/\",\"url\":\"https:\/\/wedrivesolar.com\/de\/allgemeine-begriffe\/\",\"name\":\"Allgemeine Begriffe - We Drive Solar\",\"isPartOf\":{\"@id\":\"https:\/\/wedrivesolar.com\/#website\"},\"datePublished\":\"2025-04-16T09:11:22+00:00\",\"dateModified\":\"2025-04-29T08:22:58+00:00\",\"breadcrumb\":{\"@id\":\"https:\/\/wedrivesolar.com\/de\/allgemeine-begriffe\/#breadcrumb\"},\"inLanguage\":\"de\",\"potentialAction\":[{\"@type\":\"ReadAction\",\"target\":[\"https:\/\/wedrivesolar.com\/de\/allgemeine-begriffe\/\"]}]},{\"@type\":\"BreadcrumbList\",\"@id\":\"https:\/\/wedrivesolar.com\/de\/allgemeine-begriffe\/#breadcrumb\",\"itemListElement\":[{\"@type\":\"ListItem\",\"position\":1,\"name\":\"Startseite\",\"item\":\"https:\/\/wedrivesolar.com\/\"},{\"@type\":\"ListItem\",\"position\":2,\"name\":\"Allgemeine Begriffe\"}]},{\"@type\":\"WebSite\",\"@id\":\"https:\/\/wedrivesolar.com\/#website\",\"url\":\"https:\/\/wedrivesolar.com\/\",\"name\":\"We Drive Solar\",\"description\":\"Shaping the electricity grid of the future\",\"publisher\":{\"@id\":\"https:\/\/wedrivesolar.com\/#organization\"},\"potentialAction\":[{\"@type\":\"SearchAction\",\"target\":{\"@type\":\"EntryPoint\",\"urlTemplate\":\"https:\/\/wedrivesolar.com\/?s={search_term_string}\"},\"query-input\":{\"@type\":\"PropertyValueSpecification\",\"valueRequired\":true,\"valueName\":\"search_term_string\"}}],\"inLanguage\":\"de\"},{\"@type\":\"Organization\",\"@id\":\"https:\/\/wedrivesolar.com\/#organization\",\"name\":\"We Drive Solar\",\"url\":\"https:\/\/wedrivesolar.com\/\",\"logo\":{\"@type\":\"ImageObject\",\"inLanguage\":\"de\",\"@id\":\"https:\/\/wedrivesolar.com\/#\/schema\/logo\/image\/\",\"url\":\"https:\/\/wedrivesolar.com\/wp-content\/uploads\/2025\/04\/cropped-wedrivesolar_transparant.png\",\"contentUrl\":\"https:\/\/wedrivesolar.com\/wp-content\/uploads\/2025\/04\/cropped-wedrivesolar_transparant.png\",\"width\":1280,\"height\":201,\"caption\":\"We Drive Solar\"},\"image\":{\"@id\":\"https:\/\/wedrivesolar.com\/#\/schema\/logo\/image\/\"}}]}<\/script>\n<!-- \/ Yoast SEO plugin. -->","yoast_head_json":{"title":"Allgemeine Begriffe - We Drive Solar","robots":{"index":"index","follow":"follow","max-snippet":"max-snippet:-1","max-image-preview":"max-image-preview:large","max-video-preview":"max-video-preview:-1"},"canonical":"https:\/\/wedrivesolar.com\/de\/allgemeine-begriffe\/","og_locale":"de_DE","og_type":"article","og_title":"Allgemeine Begriffe - We Drive Solar","og_description":"Allgemeine Begriffe Willkommen auf der Seite mit den Allgemeinen Gesch\u00e4ftsbedingungen von We Drive Solar. Diese Bedingungen umrei\u00dfen die Rechte und Pflichten sowohl von We Drive Solar als auch von unseren Kunden und sorgen f\u00fcr Klarheit und Transparenz bei unseren gesch\u00e4ftlichen Transaktionen. Bitte nehmen Sie sich einen Moment Zeit, um die folgenden Bedingungen sorgf\u00e4ltig durchzulesen, da [&hellip;]","og_url":"https:\/\/wedrivesolar.com\/de\/allgemeine-begriffe\/","og_site_name":"We Drive Solar","article_modified_time":"2025-04-29T08:22:58+00:00","twitter_card":"summary_large_image","schema":{"@context":"https:\/\/schema.org","@graph":[{"@type":"WebPage","@id":"https:\/\/wedrivesolar.com\/de\/allgemeine-begriffe\/","url":"https:\/\/wedrivesolar.com\/de\/allgemeine-begriffe\/","name":"Allgemeine Begriffe - We Drive Solar","isPartOf":{"@id":"https:\/\/wedrivesolar.com\/#website"},"datePublished":"2025-04-16T09:11:22+00:00","dateModified":"2025-04-29T08:22:58+00:00","breadcrumb":{"@id":"https:\/\/wedrivesolar.com\/de\/allgemeine-begriffe\/#breadcrumb"},"inLanguage":"de","potentialAction":[{"@type":"ReadAction","target":["https:\/\/wedrivesolar.com\/de\/allgemeine-begriffe\/"]}]},{"@type":"BreadcrumbList","@id":"https:\/\/wedrivesolar.com\/de\/allgemeine-begriffe\/#breadcrumb","itemListElement":[{"@type":"ListItem","position":1,"name":"Startseite","item":"https:\/\/wedrivesolar.com\/"},{"@type":"ListItem","position":2,"name":"Allgemeine Begriffe"}]},{"@type":"WebSite","@id":"https:\/\/wedrivesolar.com\/#website","url":"https:\/\/wedrivesolar.com\/","name":"We Drive Solar","description":"Shaping the electricity grid of the future","publisher":{"@id":"https:\/\/wedrivesolar.com\/#organization"},"potentialAction":[{"@type":"SearchAction","target":{"@type":"EntryPoint","urlTemplate":"https:\/\/wedrivesolar.com\/?s={search_term_string}"},"query-input":{"@type":"PropertyValueSpecification","valueRequired":true,"valueName":"search_term_string"}}],"inLanguage":"de"},{"@type":"Organization","@id":"https:\/\/wedrivesolar.com\/#organization","name":"We Drive Solar","url":"https:\/\/wedrivesolar.com\/","logo":{"@type":"ImageObject","inLanguage":"de","@id":"https:\/\/wedrivesolar.com\/#\/schema\/logo\/image\/","url":"https:\/\/wedrivesolar.com\/wp-content\/uploads\/2025\/04\/cropped-wedrivesolar_transparant.png","contentUrl":"https:\/\/wedrivesolar.com\/wp-content\/uploads\/2025\/04\/cropped-wedrivesolar_transparant.png","width":1280,"height":201,"caption":"We Drive Solar"},"image":{"@id":"https:\/\/wedrivesolar.com\/#\/schema\/logo\/image\/"}}]}},"_links":{"self":[{"href":"https:\/\/wedrivesolar.com\/de\/wp-json\/wp\/v2\/pages\/2829","targetHints":{"allow":["GET"]}}],"collection":[{"href":"https:\/\/wedrivesolar.com\/de\/wp-json\/wp\/v2\/pages"}],"about":[{"href":"https:\/\/wedrivesolar.com\/de\/wp-json\/wp\/v2\/types\/page"}],"author":[{"embeddable":true,"href":"https:\/\/wedrivesolar.com\/de\/wp-json\/wp\/v2\/users\/2"}],"replies":[{"embeddable":true,"href":"https:\/\/wedrivesolar.com\/de\/wp-json\/wp\/v2\/comments?post=2829"}],"version-history":[{"count":0,"href":"https:\/\/wedrivesolar.com\/de\/wp-json\/wp\/v2\/pages\/2829\/revisions"}],"wp:attachment":[{"href":"https:\/\/wedrivesolar.com\/de\/wp-json\/wp\/v2\/media?parent=2829"}],"curies":[{"name":"wp","href":"https:\/\/api.w.org\/{rel}","templated":true}]}}