{"id":2900,"date":"2025-04-16T10:32:42","date_gmt":"2025-04-16T10:32:42","guid":{"rendered":"https:\/\/wedrivesolar.com\/demnaechst-verfuegbar-solar-business\/"},"modified":"2025-04-30T09:32:53","modified_gmt":"2025-04-30T09:32:53","slug":"demnaechst-verfuegbar-solar-business","status":"publish","type":"page","link":"https:\/\/wedrivesolar.com\/de\/demnaechst-verfuegbar-solar-business\/","title":{"rendered":"Demn\u00e4chst verf\u00fcgbar Solar Business"},"content":{"rendered":"\t\t<div data-elementor-type=\"wp-page\" data-elementor-id=\"2900\" class=\"elementor elementor-2900 elementor-1247\" data-elementor-post-type=\"page\">\n\t\t\t\t<div class=\"elementor-element elementor-element-fc5cc1e e-flex e-con-boxed e-con e-parent\" data-id=\"fc5cc1e\" data-element_type=\"container\" data-e-type=\"container\" data-settings=\"{&quot;background_background&quot;:&quot;classic&quot;}\">\n\t\t\t\t\t<div class=\"e-con-inner\">\n\t\t<div class=\"elementor-element elementor-element-5c14db5 e-con-full e-flex e-con e-child\" data-id=\"5c14db5\" data-element_type=\"container\" data-e-type=\"container\" data-settings=\"{&quot;background_background&quot;:&quot;classic&quot;}\">\n\t\t\t\t<div class=\"elementor-element elementor-element-b945e19 elementor-view-default elementor-widget elementor-widget-icon\" data-id=\"b945e19\" data-element_type=\"widget\" data-e-type=\"widget\" data-widget_type=\"icon.default\">\n\t\t\t\t\t\t\t<div class=\"elementor-icon-wrapper\">\n\t\t\t<div class=\"elementor-icon\">\n\t\t\t<svg xmlns=\"http:\/\/www.w3.org\/2000\/svg\" id=\"Layer_1\" data-name=\"Layer 1\" viewBox=\"0 0 121.56 152.53\"><defs><style>      .cls-1 {        fill: #e7ac00;      }      .cls-2 {        fill: #1a171b;      }    <\/style><\/defs><path class=\"cls-1\" d=\"M5.57,84.92l4.86,3.26c8.45,5.67,11.27,17.57,6.29,26.44l-2.87,5.1c-4.99,8.87-1.13,13.62,8.57,10.55l5.58-1.77c3.21-1.02,6.85-1.15,10.12-.38,3.31.78,6.63,2.24,9.1,4.59,2.23,2.1,3.64,4.68,5.01,7.36l2.19,5.41c3.83,9.43,9.94,9.38,13.6-.12l2.09-5.45c3.65-9.51,14.63-14.91,24.38-12.02l5.61,1.67c9.76,2.89,13.53-1.93,8.38-10.71l-2.96-5.04c-5.15-8.78-2.54-20.73,5.8-26.55l4.8-3.35c8.35-5.82,6.93-11.78-3.15-13.22l-5.79-.82c-10.07-1.45-17.79-10.94-17.14-21.1l.37-5.84c.65-10.16-4.88-12.76-12.29-5.78l-4.26,4c-2.52,2.38-5.88,4.14-9.28,4.83-3.44.7-7.2.69-10.54-.46-1.33-.45-2.6-1.08-3.8-1.8-1.08-.64-2.34-1.39-3.2-2.32l-4.33-3.93c-7.54-6.83-13.02-4.14-12.19,6.01l.47,5.83c.84,10.14-6.7,19.77-16.74,21.4l-5.78.93c-10.04,1.63-11.35,7.6-2.9,13.28ZM33.59,79.21l9.16-11.53,4.09-5.16h6.58s14.72-.05,14.72-.05h6.6s4.12,5.14,4.12,5.14l9.19,11.49,4.13,5.15-1.46,6.42-3.25,14.36-1.44,6.43-5.93,2.87-13.25,6.42-5.92,2.87-5.95-2.84-13.27-6.36-5.94-2.85-1.48-6.42-3.31-14.34-1.48-6.42,4.1-5.16Z\"><\/path><circle class=\"cls-2\" cx=\"61.3\" cy=\"16.88\" r=\"16.88\"><\/circle><\/svg>\t\t\t<\/div>\n\t\t<\/div>\n\t\t\t\t\t\t<\/div>\n\t\t\t\t<div class=\"elementor-element elementor-element-a382aef elementor-widget elementor-widget-heading\" data-id=\"a382aef\" data-element_type=\"widget\" data-e-type=\"widget\" data-widget_type=\"heading.default\">\n\t\t\t\t\t<h2 class=\"elementor-heading-title elementor-size-default\">Solar Business: Leistungsstarke Aufladung f\u00fcr Ihr Unternehmen\n<\/h2>\t\t\t\t<\/div>\n\t\t\t\t<div class=\"elementor-element elementor-element-dd19a02 elementor-widget elementor-widget-heading\" data-id=\"dd19a02\" data-element_type=\"widget\" data-e-type=\"widget\" data-widget_type=\"heading.default\">\n\t\t\t\t\t<h2 class=\"elementor-heading-title elementor-size-default\">Kommen Sie auf die Warteliste und erfahren Sie als Erster mehr<\/h2>\t\t\t\t<\/div>\n\t\t\t\t<div class=\"elementor-element elementor-element-b2df222 elementor-widget elementor-widget-text-editor\" data-id=\"b2df222\" data-element_type=\"widget\" data-e-type=\"widget\" data-widget_type=\"text-editor.default\">\n\t\t\t\t\t\t\t\t\t<p data-start=\"1305\" data-end=\"1538\">Solar Business ist die professionelle Ladel\u00f6sung, die Unternehmen ben\u00f6tigen, um ihren Betrieb reibungslos und nachhaltig aufrechtzuerhalten. Mit zwei Steckdosenoptionen und erweiterten Funktionen ist Solar Business auf Effizienz und Zuverl\u00e4ssigkeit ausgelegt. <\/p>\n<ul data-start=\"1540\" data-end=\"2006\">\n<li data-start=\"1540\" data-end=\"1654\">\n<p data-start=\"1542\" data-end=\"1654\"><strong data-start=\"1542\" data-end=\"1557\">Doppelte Steckdose<\/strong>: Erm\u00f6glicht das gleichzeitige Aufladen von zwei Fahrzeugen, ideal f\u00fcr Flottenbetriebe oder das Aufladen von Mitarbeitern.<\/p>\n<\/li>\n<li data-start=\"1655\" data-end=\"1736\">\n<p data-start=\"1657\" data-end=\"1736\"><strong data-start=\"1657\" data-end=\"1675\">Wallbox-Design<\/strong>: Platzsparend und schlank, entwickelt f\u00fcr Gesch\u00e4ftsumgebungen.<\/p>\n<\/li>\n<li data-start=\"1737\" data-end=\"1827\">\n<p data-start=\"1739\" data-end=\"1827\"><strong data-start=\"1739\" data-end=\"1757\">V2G-Technologie<\/strong>: Optimieren Sie die Energienutzung, indem Sie bei Bedarf Strom in das Netz zur\u00fcckspeisen.<\/p>\n<\/li>\n<li data-start=\"1828\" data-end=\"1911\">\n<p data-start=\"1830\" data-end=\"1911\"><strong data-start=\"1830\" data-end=\"1852\">Installationsfreundlich<\/strong>: Einfacher Installationsprozess, der sowohl Zeit als auch Geld spart.<\/p>\n<\/li>\n<li data-start=\"1912\" data-end=\"2006\">\n<p data-start=\"1914\" data-end=\"2006\"><strong data-start=\"1914\" data-end=\"1931\">Langlebig<\/strong>: Robust, verl\u00e4sslich und bereit f\u00fcr die Anforderungen jeder Gesch\u00e4ftsumgebung.<\/p>\n<\/li>\n<\/ul>\n<p data-start=\"2008\" data-end=\"2176\">Solar Business bietet alles, was Sie f\u00fcr eine professionelle Ladel\u00f6sung ben\u00f6tigen. Bleiben Sie der Zeit voraus &#8211; tragen Sie sich in unsere Warteliste ein, um weitere Informationen zu erhalten, sobald wir der Markteinf\u00fchrung n\u00e4her kommen. <\/p>\t\t\t\t\t\t\t\t<\/div>\n\t\t\t\t<div class=\"elementor-element elementor-element-530b734 elementor-widget elementor-widget-html\" data-id=\"530b734\" data-element_type=\"widget\" data-e-type=\"widget\" data-widget_type=\"html.default\">\n\t\t\t\t\t<script src=\"https:\/\/js-eu1.hsforms.net\/forms\/embed\/143190085.js\" defer><\/script>\n<div class=\"hs-form-frame\" data-region=\"eu1\" data-form-id=\"14d641e3-e7be-4e7f-bcff-b02700c87788\" data-portal-id=\"143190085\"><\/div>\t\t\t\t<\/div>\n\t\t\t\t<\/div>\n\t\t\t\t\t<\/div>\n\t\t\t\t<\/div>\n\t\t\t\t<\/div>\n\t\t","protected":false},"excerpt":{"rendered":"<p>Solar Business: Leistungsstarke Aufladung f\u00fcr Ihr Unternehmen Kommen Sie auf die Warteliste und erfahren Sie als Erster mehr Solar Business ist die professionelle Ladel\u00f6sung, die Unternehmen ben\u00f6tigen, um ihren Betrieb reibungslos und nachhaltig aufrechtzuerhalten. Mit zwei Steckdosenoptionen und erweiterten Funktionen ist Solar Business auf Effizienz und Zuverl\u00e4ssigkeit ausgelegt. Doppelte Steckdose: Erm\u00f6glicht das gleichzeitige Aufladen von [&hellip;]<\/p>\n","protected":false},"author":2,"featured_media":0,"parent":0,"menu_order":0,"comment_status":"closed","ping_status":"closed","template":"","meta":{"_acf_changed":false,"footnotes":""},"class_list":["post-2900","page","type-page","status-publish","hentry"],"acf":[],"yoast_head":"<!-- This site is optimized with the Yoast SEO plugin v27.2 - https:\/\/yoast.com\/product\/yoast-seo-wordpress\/ -->\n<title>Demn\u00e4chst verf\u00fcgbar Solar Business - We Drive Solar<\/title>\n<meta name=\"robots\" content=\"index, follow, max-snippet:-1, max-image-preview:large, max-video-preview:-1\" \/>\n<link rel=\"canonical\" href=\"https:\/\/wedrivesolar.com\/de\/demnaechst-verfuegbar-solar-business\/\" \/>\n<meta property=\"og:locale\" content=\"de_DE\" \/>\n<meta property=\"og:type\" content=\"article\" \/>\n<meta property=\"og:title\" content=\"Demn\u00e4chst verf\u00fcgbar Solar Business - We Drive Solar\" \/>\n<meta property=\"og:description\" content=\"Solar Business: Leistungsstarke Aufladung f\u00fcr Ihr Unternehmen Kommen Sie auf die Warteliste und erfahren Sie als Erster mehr Solar Business ist die professionelle Ladel\u00f6sung, die Unternehmen ben\u00f6tigen, um ihren Betrieb reibungslos und nachhaltig aufrechtzuerhalten. Mit zwei Steckdosenoptionen und erweiterten Funktionen ist Solar Business auf Effizienz und Zuverl\u00e4ssigkeit ausgelegt. Doppelte Steckdose: Erm\u00f6glicht das gleichzeitige Aufladen von [&hellip;]\" \/>\n<meta property=\"og:url\" content=\"https:\/\/wedrivesolar.com\/de\/demnaechst-verfuegbar-solar-business\/\" \/>\n<meta property=\"og:site_name\" content=\"We Drive Solar\" \/>\n<meta property=\"article:modified_time\" content=\"2025-04-30T09:32:53+00:00\" \/>\n<meta name=\"twitter:card\" content=\"summary_large_image\" \/>\n<meta name=\"twitter:label1\" content=\"Gesch\u00e4tzte Lesezeit\" \/>\n\t<meta name=\"twitter:data1\" content=\"1\u00a0Minute\" \/>\n<script type=\"application\/ld+json\" class=\"yoast-schema-graph\">{\"@context\":\"https:\/\/schema.org\",\"@graph\":[{\"@type\":\"WebPage\",\"@id\":\"https:\/\/wedrivesolar.com\/de\/demnaechst-verfuegbar-solar-business\/\",\"url\":\"https:\/\/wedrivesolar.com\/de\/demnaechst-verfuegbar-solar-business\/\",\"name\":\"Demn\u00e4chst verf\u00fcgbar Solar Business - We Drive Solar\",\"isPartOf\":{\"@id\":\"https:\/\/wedrivesolar.com\/#website\"},\"datePublished\":\"2025-04-16T10:32:42+00:00\",\"dateModified\":\"2025-04-30T09:32:53+00:00\",\"breadcrumb\":{\"@id\":\"https:\/\/wedrivesolar.com\/de\/demnaechst-verfuegbar-solar-business\/#breadcrumb\"},\"inLanguage\":\"de\",\"potentialAction\":[{\"@type\":\"ReadAction\",\"target\":[\"https:\/\/wedrivesolar.com\/de\/demnaechst-verfuegbar-solar-business\/\"]}]},{\"@type\":\"BreadcrumbList\",\"@id\":\"https:\/\/wedrivesolar.com\/de\/demnaechst-verfuegbar-solar-business\/#breadcrumb\",\"itemListElement\":[{\"@type\":\"ListItem\",\"position\":1,\"name\":\"Startseite\",\"item\":\"https:\/\/wedrivesolar.com\/\"},{\"@type\":\"ListItem\",\"position\":2,\"name\":\"Demn\u00e4chst verf\u00fcgbar Solar Business\"}]},{\"@type\":\"WebSite\",\"@id\":\"https:\/\/wedrivesolar.com\/#website\",\"url\":\"https:\/\/wedrivesolar.com\/\",\"name\":\"We Drive Solar\",\"description\":\"Shaping the electricity grid of the future\",\"publisher\":{\"@id\":\"https:\/\/wedrivesolar.com\/#organization\"},\"potentialAction\":[{\"@type\":\"SearchAction\",\"target\":{\"@type\":\"EntryPoint\",\"urlTemplate\":\"https:\/\/wedrivesolar.com\/?s={search_term_string}\"},\"query-input\":{\"@type\":\"PropertyValueSpecification\",\"valueRequired\":true,\"valueName\":\"search_term_string\"}}],\"inLanguage\":\"de\"},{\"@type\":\"Organization\",\"@id\":\"https:\/\/wedrivesolar.com\/#organization\",\"name\":\"We Drive Solar\",\"url\":\"https:\/\/wedrivesolar.com\/\",\"logo\":{\"@type\":\"ImageObject\",\"inLanguage\":\"de\",\"@id\":\"https:\/\/wedrivesolar.com\/#\/schema\/logo\/image\/\",\"url\":\"https:\/\/wedrivesolar.com\/wp-content\/uploads\/2025\/04\/cropped-wedrivesolar_transparant.png\",\"contentUrl\":\"https:\/\/wedrivesolar.com\/wp-content\/uploads\/2025\/04\/cropped-wedrivesolar_transparant.png\",\"width\":1280,\"height\":201,\"caption\":\"We Drive Solar\"},\"image\":{\"@id\":\"https:\/\/wedrivesolar.com\/#\/schema\/logo\/image\/\"}}]}<\/script>\n<!-- \/ Yoast SEO plugin. -->","yoast_head_json":{"title":"Demn\u00e4chst verf\u00fcgbar Solar Business - We Drive Solar","robots":{"index":"index","follow":"follow","max-snippet":"max-snippet:-1","max-image-preview":"max-image-preview:large","max-video-preview":"max-video-preview:-1"},"canonical":"https:\/\/wedrivesolar.com\/de\/demnaechst-verfuegbar-solar-business\/","og_locale":"de_DE","og_type":"article","og_title":"Demn\u00e4chst verf\u00fcgbar Solar Business - We Drive Solar","og_description":"Solar Business: Leistungsstarke Aufladung f\u00fcr Ihr Unternehmen Kommen Sie auf die Warteliste und erfahren Sie als Erster mehr Solar Business ist die professionelle Ladel\u00f6sung, die Unternehmen ben\u00f6tigen, um ihren Betrieb reibungslos und nachhaltig aufrechtzuerhalten. Mit zwei Steckdosenoptionen und erweiterten Funktionen ist Solar Business auf Effizienz und Zuverl\u00e4ssigkeit ausgelegt. Doppelte Steckdose: Erm\u00f6glicht das gleichzeitige Aufladen von [&hellip;]","og_url":"https:\/\/wedrivesolar.com\/de\/demnaechst-verfuegbar-solar-business\/","og_site_name":"We Drive Solar","article_modified_time":"2025-04-30T09:32:53+00:00","twitter_card":"summary_large_image","twitter_misc":{"Gesch\u00e4tzte Lesezeit":"1\u00a0Minute"},"schema":{"@context":"https:\/\/schema.org","@graph":[{"@type":"WebPage","@id":"https:\/\/wedrivesolar.com\/de\/demnaechst-verfuegbar-solar-business\/","url":"https:\/\/wedrivesolar.com\/de\/demnaechst-verfuegbar-solar-business\/","name":"Demn\u00e4chst verf\u00fcgbar Solar Business - We Drive Solar","isPartOf":{"@id":"https:\/\/wedrivesolar.com\/#website"},"datePublished":"2025-04-16T10:32:42+00:00","dateModified":"2025-04-30T09:32:53+00:00","breadcrumb":{"@id":"https:\/\/wedrivesolar.com\/de\/demnaechst-verfuegbar-solar-business\/#breadcrumb"},"inLanguage":"de","potentialAction":[{"@type":"ReadAction","target":["https:\/\/wedrivesolar.com\/de\/demnaechst-verfuegbar-solar-business\/"]}]},{"@type":"BreadcrumbList","@id":"https:\/\/wedrivesolar.com\/de\/demnaechst-verfuegbar-solar-business\/#breadcrumb","itemListElement":[{"@type":"ListItem","position":1,"name":"Startseite","item":"https:\/\/wedrivesolar.com\/"},{"@type":"ListItem","position":2,"name":"Demn\u00e4chst verf\u00fcgbar Solar Business"}]},{"@type":"WebSite","@id":"https:\/\/wedrivesolar.com\/#website","url":"https:\/\/wedrivesolar.com\/","name":"We Drive Solar","description":"Shaping the electricity grid of the future","publisher":{"@id":"https:\/\/wedrivesolar.com\/#organization"},"potentialAction":[{"@type":"SearchAction","target":{"@type":"EntryPoint","urlTemplate":"https:\/\/wedrivesolar.com\/?s={search_term_string}"},"query-input":{"@type":"PropertyValueSpecification","valueRequired":true,"valueName":"search_term_string"}}],"inLanguage":"de"},{"@type":"Organization","@id":"https:\/\/wedrivesolar.com\/#organization","name":"We Drive Solar","url":"https:\/\/wedrivesolar.com\/","logo":{"@type":"ImageObject","inLanguage":"de","@id":"https:\/\/wedrivesolar.com\/#\/schema\/logo\/image\/","url":"https:\/\/wedrivesolar.com\/wp-content\/uploads\/2025\/04\/cropped-wedrivesolar_transparant.png","contentUrl":"https:\/\/wedrivesolar.com\/wp-content\/uploads\/2025\/04\/cropped-wedrivesolar_transparant.png","width":1280,"height":201,"caption":"We Drive Solar"},"image":{"@id":"https:\/\/wedrivesolar.com\/#\/schema\/logo\/image\/"}}]}},"_links":{"self":[{"href":"https:\/\/wedrivesolar.com\/de\/wp-json\/wp\/v2\/pages\/2900","targetHints":{"allow":["GET"]}}],"collection":[{"href":"https:\/\/wedrivesolar.com\/de\/wp-json\/wp\/v2\/pages"}],"about":[{"href":"https:\/\/wedrivesolar.com\/de\/wp-json\/wp\/v2\/types\/page"}],"author":[{"embeddable":true,"href":"https:\/\/wedrivesolar.com\/de\/wp-json\/wp\/v2\/users\/2"}],"replies":[{"embeddable":true,"href":"https:\/\/wedrivesolar.com\/de\/wp-json\/wp\/v2\/comments?post=2900"}],"version-history":[{"count":0,"href":"https:\/\/wedrivesolar.com\/de\/wp-json\/wp\/v2\/pages\/2900\/revisions"}],"wp:attachment":[{"href":"https:\/\/wedrivesolar.com\/de\/wp-json\/wp\/v2\/media?parent=2900"}],"curies":[{"name":"wp","href":"https:\/\/api.w.org\/{rel}","templated":true}]}}