{"id":4131,"date":"2025-07-09T08:27:06","date_gmt":"2025-07-09T08:27:06","guid":{"rendered":"https:\/\/wedrivesolar.com\/oeffentliche-gebuehren\/"},"modified":"2025-07-09T10:56:30","modified_gmt":"2025-07-09T10:56:30","slug":"oeffentliche-gebuehren","status":"publish","type":"page","link":"https:\/\/wedrivesolar.com\/de\/oeffentliche-gebuehren\/","title":{"rendered":"\u00d6ffentliche Geb\u00fchren"},"content":{"rendered":"\t\t<div data-elementor-type=\"wp-page\" data-elementor-id=\"4131\" class=\"elementor elementor-4131\" data-elementor-post-type=\"page\">\n\t\t\t\t<div class=\"elementor-element elementor-element-c03a2e8 e-flex e-con-boxed e-con e-parent\" data-id=\"c03a2e8\" data-element_type=\"container\" data-e-type=\"container\" data-settings=\"{&quot;background_background&quot;:&quot;classic&quot;}\">\n\t\t\t\t\t<div class=\"e-con-inner\">\n\t\t<div class=\"elementor-element elementor-element-41dbb20 e-con-full e-flex e-con e-child\" data-id=\"41dbb20\" data-element_type=\"container\" data-e-type=\"container\">\n\t\t\t\t<div class=\"elementor-element elementor-element-046c0b0 elementor-widget elementor-widget-heading\" data-id=\"046c0b0\" data-element_type=\"widget\" data-e-type=\"widget\" data-widget_type=\"heading.default\">\n\t\t\t\t\t<h2 class=\"elementor-heading-title elementor-size-default\">Unterst\u00fctzung f\u00fcr \u00f6ffentliche Geb\u00fchren<\/h2>\t\t\t\t<\/div>\n\t\t\t\t<div class=\"elementor-element elementor-element-7ab4389 elementor-widget elementor-widget-text-editor\" data-id=\"7ab4389\" data-element_type=\"widget\" data-e-type=\"widget\" data-widget_type=\"text-editor.default\">\n\t\t\t\t\t\t\t\t\t<p>Ben\u00f6tigen Sie Hilfe beim \u00f6ffentlichen Laden? Auf dieser Seite finden Sie klare Anweisungen und Unterst\u00fctzung, damit Sie Ihr E-Fahrzeug einfach und problemlos aufladen k\u00f6nnen. <\/p>\t\t\t\t\t\t\t\t<\/div>\n\t\t\t\t<\/div>\n\t\t\t\t\t<\/div>\n\t\t\t\t<\/div>\n\t\t<div class=\"elementor-element elementor-element-9b1549e e-flex e-con-boxed e-con e-parent\" data-id=\"9b1549e\" data-element_type=\"container\" data-e-type=\"container\" data-settings=\"{&quot;background_background&quot;:&quot;classic&quot;}\">\n\t\t\t\t\t<div class=\"e-con-inner\">\n\t\t<div class=\"elementor-element elementor-element-f5652c8 e-con-full e-flex e-con e-child\" data-id=\"f5652c8\" data-element_type=\"container\" data-e-type=\"container\">\n\t\t<div class=\"elementor-element elementor-element-05d4dcd e-con-full e-flex e-con e-child\" data-id=\"05d4dcd\" data-element_type=\"container\" data-e-type=\"container\">\n\t\t<div class=\"elementor-element elementor-element-898d3cf e-con-full e-flex e-con e-child\" data-id=\"898d3cf\" data-element_type=\"container\" data-e-type=\"container\" data-settings=\"{&quot;background_background&quot;:&quot;classic&quot;}\">\n\t\t\t\t<div class=\"elementor-element elementor-element-bafd7e0 elementor-widget elementor-widget-text-editor\" data-id=\"bafd7e0\" data-element_type=\"widget\" data-e-type=\"widget\" data-widget_type=\"text-editor.default\">\n\t\t\t\t\t\t\t\t\t<p data-start=\"69\" data-end=\"231\"><strong>Kosten f\u00fcr \u00f6ffentliche Geb\u00fchren<\/strong><\/p><p data-start=\"69\" data-end=\"231\">In Utrecht betr\u00e4gt der Tarif 0,41 \u20ac\/kWh einschlie\u00dflich Mehrwertsteuer.<\/p><ul><li>Darin sind keine Aufschl\u00e4ge enthalten, die Ihr Kreditkartenanbieter erheben k\u00f6nnte,<\/li><li>noch die anfallenden Parkgeb\u00fchren.<\/li><\/ul><p><br>Sobald Ihr Fahrzeug vollst\u00e4ndig aufgeladen ist, stellen Sie es bitte weg, um Platz f\u00fcr andere zu schaffen.<\/p>\t\t\t\t\t\t\t\t<\/div>\n\t\t\t\t<div class=\"elementor-element elementor-element-a1e43ff elementor-widget elementor-widget-text-editor\" data-id=\"a1e43ff\" data-element_type=\"widget\" data-e-type=\"widget\" data-widget_type=\"text-editor.default\">\n\t\t\t\t\t\t\t\t\t<p><strong>BITTE BEACHTEN SIE:<\/strong> Die Ladegeschwindigkeit an unseren Stationen kann je nach Verf\u00fcgbarkeit von lokal erzeugter erneuerbarer Energie variieren.<\/p><p><strong>Je mehr gr\u00fcne Energie zur Verf\u00fcgung steht, desto schneller wird Ihr Auto aufgeladen.<\/strong><\/p>\t\t\t\t\t\t\t\t<\/div>\n\t\t\t\t<\/div>\n\t\t\t\t<\/div>\n\t\t\t\t<\/div>\n\t\t\t\t\t<\/div>\n\t\t\t\t<\/div>\n\t\t<div class=\"elementor-element elementor-element-e0b3dff e-flex e-con-boxed e-con e-parent\" data-id=\"e0b3dff\" data-element_type=\"container\" data-e-type=\"container\">\n\t\t\t\t\t<div class=\"e-con-inner\">\n\t\t<div class=\"elementor-element elementor-element-2b7758c e-con-full e-flex e-con e-child\" data-id=\"2b7758c\" data-element_type=\"container\" data-e-type=\"container\">\n\t\t<div class=\"elementor-element elementor-element-4490e69 e-con-full e-grid e-con e-child\" data-id=\"4490e69\" data-element_type=\"container\" data-e-type=\"container\">\n\t\t<div class=\"elementor-element elementor-element-8a9c35c e-con-full e-flex e-con e-child\" data-id=\"8a9c35c\" data-element_type=\"container\" data-e-type=\"container\" data-settings=\"{&quot;background_background&quot;:&quot;classic&quot;}\">\n\t\t\t\t<div class=\"elementor-element elementor-element-32adf25 elementor-widget elementor-widget-heading\" data-id=\"32adf25\" data-element_type=\"widget\" data-e-type=\"widget\" data-widget_type=\"heading.default\">\n\t\t\t\t\t<h3 class=\"elementor-heading-title elementor-size-default\">Brauchen Sie Hilfe mit der Ladestation?<\/h3>\t\t\t\t<\/div>\n\t\t\t\t<div class=\"elementor-element elementor-element-61f298d elementor-widget elementor-widget-text-editor\" data-id=\"61f298d\" data-element_type=\"widget\" data-e-type=\"widget\" data-widget_type=\"text-editor.default\">\n\t\t\t\t\t\t\t\t\t<p data-start=\"0\" data-end=\"93\">Rufen Sie uns an unter +31 3030 796 30 &#8211; wir sind 24\/7 erreichbar.<\/p><p data-start=\"95\" data-end=\"189\">Jede Ladestation hat eine eindeutige ID-Nummer, die auf dem Ger\u00e4t angebracht ist, damit wir Ihnen schneller helfen k\u00f6nnen.<\/p>\t\t\t\t\t\t\t\t<\/div>\n\t\t\t\t<div class=\"elementor-element elementor-element-c7541c1 elementor-widget elementor-widget-button\" data-id=\"c7541c1\" data-element_type=\"widget\" data-e-type=\"widget\" data-widget_type=\"button.default\">\n\t\t\t\t\t\t\t\t\t\t<a class=\"elementor-button elementor-button-link elementor-size-sm\" href=\"https:\/\/wedrivesolar.com\/de\/unterstuetzung\/\">\n\t\t\t\t\t\t<span class=\"elementor-button-content-wrapper\">\n\t\t\t\t\t\t\t\t\t<span class=\"elementor-button-text\">Zur Unterst\u00fctzung der Seite<\/span>\n\t\t\t\t\t<\/span>\n\t\t\t\t\t<\/a>\n\t\t\t\t\t\t\t\t<\/div>\n\t\t\t\t<\/div>\n\t\t<div class=\"elementor-element elementor-element-ea8e637 e-con-full e-flex e-con e-child\" data-id=\"ea8e637\" data-element_type=\"container\" data-e-type=\"container\" data-settings=\"{&quot;background_background&quot;:&quot;classic&quot;}\">\n\t\t\t\t<div class=\"elementor-element elementor-element-45c8c39 elementor-widget elementor-widget-heading\" data-id=\"45c8c39\" data-element_type=\"widget\" data-e-type=\"widget\" data-widget_type=\"heading.default\">\n\t\t\t\t\t<h3 class=\"elementor-heading-title elementor-size-default\">Schl\u00fcsselanh\u00e4nger zum Aufladen<\/h3>\t\t\t\t<\/div>\n\t\t\t\t<div class=\"elementor-element elementor-element-5f21e5e elementor-widget elementor-widget-text-editor\" data-id=\"5f21e5e\" data-element_type=\"widget\" data-e-type=\"widget\" data-widget_type=\"text-editor.default\">\n\t\t\t\t\t\t\t\t\t<p>Bestellen Sie eine praktische Ladestation f\u00fcr 6,05 \u20ac (einmalige Versandkosten).<br data-start=\"286\" data-end=\"289\">Kein Abonnement &#8211; Sie zahlen nur pro kWh, wenn Sie sie verbrauchen.<br data-start=\"344\" data-end=\"347\"><br><\/p>\t\t\t\t\t\t\t\t<\/div>\n\t\t\t\t<div class=\"elementor-element elementor-element-269b080 elementor-widget elementor-widget-button\" data-id=\"269b080\" data-element_type=\"widget\" data-e-type=\"widget\" data-widget_type=\"button.default\">\n\t\t\t\t\t\t\t\t\t\t<a class=\"elementor-button elementor-button-link elementor-size-sm\" href=\"https:\/\/lomboxnet.evc-net.com\/Register\/NonCompany\">\n\t\t\t\t\t\t<span class=\"elementor-button-content-wrapper\">\n\t\t\t\t\t\t\t\t\t<span class=\"elementor-button-text\">Fordern Sie Ihre Ladestation an<\/span>\n\t\t\t\t\t<\/span>\n\t\t\t\t\t<\/a>\n\t\t\t\t\t\t\t\t<\/div>\n\t\t\t\t<\/div>\n\t\t<div class=\"elementor-element elementor-element-97e6ff1 e-con-full e-flex e-con e-child\" data-id=\"97e6ff1\" data-element_type=\"container\" data-e-type=\"container\" data-settings=\"{&quot;background_background&quot;:&quot;classic&quot;}\">\n\t\t\t\t<div class=\"elementor-element elementor-element-a9b448c elementor-widget elementor-widget-heading\" data-id=\"a9b448c\" data-element_type=\"widget\" data-e-type=\"widget\" data-widget_type=\"heading.default\">\n\t\t\t\t\t<h3 class=\"elementor-heading-title elementor-size-default\">\u00d6ffentliche Geb\u00fchren in Utrecht<\/h3>\t\t\t\t<\/div>\n\t\t\t\t<div class=\"elementor-element elementor-element-9ac1354 elementor-widget elementor-widget-text-editor\" data-id=\"9ac1354\" data-element_type=\"widget\" data-e-type=\"widget\" data-widget_type=\"text-editor.default\">\n\t\t\t\t\t\t\t\t\t<p data-start=\"0\" data-end=\"183\">Wir haben in ganz Utrecht \u00f6ffentliche Ladestationen mit einer Leistung von 22 kW installiert.  <br><br>Diese Ladeger\u00e4te der n\u00e4chsten Generation bieten Schnellladung und unterst\u00fctzen bidirektionales AC-Laden \/ V2G.<\/p>\t\t\t\t\t\t\t\t<\/div>\n\t\t\t\t<\/div>\n\t\t\t\t<\/div>\n\t\t\t\t<\/div>\n\t\t\t\t\t<\/div>\n\t\t\t\t<\/div>\n\t\t<div class=\"elementor-element elementor-element-69b01c3 e-flex e-con-boxed e-con e-parent\" data-id=\"69b01c3\" data-element_type=\"container\" data-e-type=\"container\">\n\t\t\t\t\t<div class=\"e-con-inner\">\n\t\t<div class=\"elementor-element elementor-element-3510131 e-con-full e-flex e-con e-child\" data-id=\"3510131\" data-element_type=\"container\" data-e-type=\"container\">\n\t\t\t\t<div class=\"elementor-element elementor-element-0bfb7f0 elementor-widget elementor-widget-heading\" data-id=\"0bfb7f0\" data-element_type=\"widget\" data-e-type=\"widget\" data-widget_type=\"heading.default\">\n\t\t\t\t\t<h2 class=\"elementor-heading-title elementor-size-default\">Beenden des Ladevorgangs\n\n<\/h2>\t\t\t\t<\/div>\n\t\t\t\t<div class=\"elementor-element elementor-element-47af904 elementor-widget elementor-widget-text-editor\" data-id=\"47af904\" data-element_type=\"widget\" data-e-type=\"widget\" data-widget_type=\"text-editor.default\">\n\t\t\t\t\t\t\t\t\t<p data-start=\"0\" data-end=\"63\"><strong data-start=\"0\" data-end=\"63\">Trennen des Ladekabels &#8211; beachten Sie die richtige Reihenfolge<\/strong><\/p><p data-start=\"65\" data-end=\"170\">Um eine Besch\u00e4digung des Ladeger\u00e4ts zu vermeiden, ist es wichtig, das Kabel beim Verlassen in der richtigen Reihenfolge abzuziehen.<\/p><ol><li data-start=\"172\" data-end=\"470\">Beenden Sie zun\u00e4chst den Ladevorgang an der Station mit Ihrem Ladeanh\u00e4nger. Die LED leuchtet dann gr\u00fcn. <\/li><li data-start=\"172\" data-end=\"470\">Ziehen Sie dann das Kabel aus der Station.<\/li><li data-start=\"172\" data-end=\"470\">Gehen Sie dann zu Ihrem Auto und dr\u00fccken Sie den Knopf links neben dem Lenkrad, um den blauen Stecker zu l\u00f6sen.<\/li><li data-start=\"172\" data-end=\"470\">Verstauen Sie das Ladekabel schlie\u00dflich in Ihrem Kofferraum.<\/li><\/ol>\t\t\t\t\t\t\t\t<\/div>\n\t\t\t\t<\/div>\n\t\t<div class=\"elementor-element elementor-element-2dd7072 e-con-full e-flex e-con e-child\" data-id=\"2dd7072\" data-element_type=\"container\" data-e-type=\"container\">\n\t\t\t\t<div class=\"elementor-element elementor-element-8d67438 elementor-widget elementor-widget-image\" data-id=\"8d67438\" data-element_type=\"widget\" data-e-type=\"widget\" data-widget_type=\"image.default\">\n\t\t\t\t\t\t\t\t\t\t\t\t\t\t\t<img decoding=\"async\" width=\"186\" height=\"256\" src=\"https:\/\/wedrivesolar.com\/wp-content\/uploads\/2025\/07\/stopladenwedrivesolar_4.webp\" class=\"attachment-large size-large wp-image-4088\" alt=\"\" \/>\t\t\t\t\t\t\t\t\t\t\t\t\t\t\t<\/div>\n\t\t\t\t<\/div>\n\t\t\t\t\t<\/div>\n\t\t\t\t<\/div>\n\t\t<div class=\"elementor-element elementor-element-f43b186 e-flex e-con-boxed e-con e-parent\" data-id=\"f43b186\" data-element_type=\"container\" data-e-type=\"container\">\n\t\t\t\t\t<div class=\"e-con-inner\">\n\t\t<div class=\"elementor-element elementor-element-4382919 e-con-full e-flex e-con e-child\" data-id=\"4382919\" data-element_type=\"container\" data-e-type=\"container\">\n\t\t<div class=\"elementor-element elementor-element-1e99441 e-con-full e-flex e-con e-child\" data-id=\"1e99441\" data-element_type=\"container\" data-e-type=\"container\">\n\t\t\t\t<div class=\"elementor-element elementor-element-f1fbee0 elementor-widget elementor-widget-heading\" data-id=\"f1fbee0\" data-element_type=\"widget\" data-e-type=\"widget\" data-widget_type=\"heading.default\">\n\t\t\t\t\t<h3 class=\"elementor-heading-title elementor-size-default\">Anschlie\u00dfen der ZOE zum Aufladen<\/h3>\t\t\t\t<\/div>\n\t\t\t\t<div class=\"elementor-element elementor-element-40f98db elementor-widget elementor-widget-text-editor\" data-id=\"40f98db\" data-element_type=\"widget\" data-e-type=\"widget\" data-widget_type=\"text-editor.default\">\n\t\t\t\t\t\t\t\t\t<ol><li data-start=\"37\" data-end=\"614\">Dr\u00fccken Sie die Taste links neben dem Lenkrad, um die vordere Ladeklappe zu \u00f6ffnen.<br data-start=\"120\" data-end=\"123\">\u00d6ffnen Sie die schwarze Innenabdeckung von Hand.<\/li><li data-start=\"37\" data-end=\"614\">Nehmen Sie das Ladekabel aus dem Kofferraum und stecken Sie den blauen Stecker direkt in das Fahrzeug. Der Stecker rastet ein. Die ZE-Leuchte leuchtet blau.  <\/li><li data-start=\"37\" data-end=\"614\">Stecken Sie den schwarzen Stecker in die Ladestation.<\/li><li data-start=\"37\" data-end=\"614\">Nehmen Sie den Ladeanh\u00e4nger aus dem Handschuhfach und halten Sie ihn an das Leseger\u00e4t der Ladestation, um den Vorgang zu starten.<\/li><li data-start=\"37\" data-end=\"614\">Das Auto gibt einen hohen Piepton ab, und \u00fcber dem Lenkrad wird angezeigt, wie lange es dauert, bis der Akku vollst\u00e4ndig aufgeladen ist.<\/li><\/ol>\t\t\t\t\t\t\t\t<\/div>\n\t\t\t\t<\/div>\n\t\t<div class=\"elementor-element elementor-element-2d434aa e-con-full e-flex e-con e-child\" data-id=\"2d434aa\" data-element_type=\"container\" data-e-type=\"container\">\n\t\t\t\t<div class=\"elementor-element elementor-element-274eb8b elementor-widget elementor-widget-heading\" data-id=\"274eb8b\" data-element_type=\"widget\" data-e-type=\"widget\" data-widget_type=\"heading.default\">\n\t\t\t\t\t<h3 class=\"elementor-heading-title elementor-size-default\">Anschlie\u00dfen des TESLA zum Aufladen\n\n<\/h3>\t\t\t\t<\/div>\n\t\t\t\t<div class=\"elementor-element elementor-element-a39a2b5 elementor-widget elementor-widget-text-editor\" data-id=\"a39a2b5\" data-element_type=\"widget\" data-e-type=\"widget\" data-widget_type=\"text-editor.default\">\n\t\t\t\t\t\t\t\t\t<ol><li data-start=\"0\" data-end=\"35\">\u00d6ffnen Sie die Ladeklappe, indem Sie auf das Fahrzeugsymbol auf dem Bildschirm tippen (linke hintere Seite des Fahrzeugs), oder dr\u00fccken Sie zweimal auf die Klappe, wenn das Fahrzeug entriegelt ist.<\/li><li data-start=\"0\" data-end=\"35\">Nehmen Sie das Ladekabel aus dem Kofferraum und stecken Sie es direkt in das Auto, bis es einrastet.<\/li><li data-start=\"0\" data-end=\"35\">Stecken Sie den schwarzen Stecker in die Ladestation.<\/li><li data-start=\"0\" data-end=\"35\">Nehmen Sie den Ladeanh\u00e4nger aus dem Handschuhfach und halten Sie ihn an das Leseger\u00e4t der Ladestation, um den Ladevorgang zu starten.<br data-start=\"475\" data-end=\"478\">Auf dem Bildschirm wird angezeigt, wie lange es dauert, bis das Ger\u00e4t vollst\u00e4ndig aufgeladen ist.<\/li><\/ol>\t\t\t\t\t\t\t\t<\/div>\n\t\t\t\t<\/div>\n\t\t\t\t<\/div>\n\t\t<div class=\"elementor-element elementor-element-0769b33 e-con-full e-flex e-con e-child\" data-id=\"0769b33\" data-element_type=\"container\" data-e-type=\"container\">\n\t\t\t\t<div class=\"elementor-element elementor-element-4e6f581 elementor-widget elementor-widget-image\" data-id=\"4e6f581\" data-element_type=\"widget\" data-e-type=\"widget\" data-widget_type=\"image.default\">\n\t\t\t\t\t\t\t\t\t\t\t\t\t\t\t<img fetchpriority=\"high\" decoding=\"async\" width=\"300\" height=\"457\" src=\"https:\/\/wedrivesolar.com\/wp-content\/uploads\/2025\/07\/ladenmetwedrivesolar_1.webp\" class=\"attachment-large size-large wp-image-4095\" alt=\"\" \/>\t\t\t\t\t\t\t\t\t\t\t\t\t\t\t<\/div>\n\t\t\t\t<\/div>\n\t\t\t\t\t<\/div>\n\t\t\t\t<\/div>\n\t\t<div class=\"elementor-element elementor-element-1a04842 e-flex e-con-boxed e-con e-parent\" data-id=\"1a04842\" data-element_type=\"container\" data-e-type=\"container\">\n\t\t\t\t\t<div class=\"e-con-inner\">\n\t\t\t\t\t<\/div>\n\t\t\t\t<\/div>\n\t\t\t\t<\/div>\n\t\t","protected":false},"excerpt":{"rendered":"<p>Unterst\u00fctzung f\u00fcr \u00f6ffentliche Geb\u00fchren Ben\u00f6tigen Sie Hilfe beim \u00f6ffentlichen Laden? Auf dieser Seite finden Sie klare Anweisungen und Unterst\u00fctzung, damit Sie Ihr E-Fahrzeug einfach und problemlos aufladen k\u00f6nnen. Kosten f\u00fcr \u00f6ffentliche Geb\u00fchren In Utrecht betr\u00e4gt der Tarif 0,41 \u20ac\/kWh einschlie\u00dflich Mehrwertsteuer. Darin sind keine Aufschl\u00e4ge enthalten, die Ihr Kreditkartenanbieter erheben k\u00f6nnte, noch die anfallenden Parkgeb\u00fchren. [&hellip;]<\/p>\n","protected":false},"author":3,"featured_media":0,"parent":0,"menu_order":0,"comment_status":"closed","ping_status":"closed","template":"","meta":{"_acf_changed":false,"footnotes":""},"class_list":["post-4131","page","type-page","status-publish","hentry"],"acf":[],"yoast_head":"<!-- This site is optimized with the Yoast SEO plugin v27.2 - https:\/\/yoast.com\/product\/yoast-seo-wordpress\/ -->\n<title>\u00d6ffentliche Geb\u00fchren - We Drive Solar<\/title>\n<meta name=\"robots\" content=\"index, follow, max-snippet:-1, max-image-preview:large, max-video-preview:-1\" \/>\n<link rel=\"canonical\" href=\"https:\/\/wedrivesolar.com\/opladen-public-charging\/\" \/>\n<meta property=\"og:locale\" content=\"de_DE\" \/>\n<meta property=\"og:type\" content=\"article\" \/>\n<meta property=\"og:title\" content=\"\u00d6ffentliche Geb\u00fchren - We Drive Solar\" \/>\n<meta property=\"og:description\" content=\"Unterst\u00fctzung f\u00fcr \u00f6ffentliche Geb\u00fchren Ben\u00f6tigen Sie Hilfe beim \u00f6ffentlichen Laden? Auf dieser Seite finden Sie klare Anweisungen und Unterst\u00fctzung, damit Sie Ihr E-Fahrzeug einfach und problemlos aufladen k\u00f6nnen. Kosten f\u00fcr \u00f6ffentliche Geb\u00fchren In Utrecht betr\u00e4gt der Tarif 0,41 \u20ac\/kWh einschlie\u00dflich Mehrwertsteuer. Darin sind keine Aufschl\u00e4ge enthalten, die Ihr Kreditkartenanbieter erheben k\u00f6nnte, noch die anfallenden Parkgeb\u00fchren. [&hellip;]\" \/>\n<meta property=\"og:url\" content=\"https:\/\/wedrivesolar.com\/opladen-public-charging\/\" \/>\n<meta property=\"og:site_name\" content=\"We Drive Solar\" \/>\n<meta property=\"article:modified_time\" content=\"2025-07-09T10:56:30+00:00\" \/>\n<meta property=\"og:image\" content=\"https:\/\/wedrivesolar.com\/wp-content\/uploads\/2025\/07\/stopladenwedrivesolar_4.webp\" \/>\n\t<meta property=\"og:image:width\" content=\"186\" \/>\n\t<meta property=\"og:image:height\" content=\"256\" \/>\n\t<meta property=\"og:image:type\" content=\"image\/webp\" \/>\n<meta name=\"twitter:card\" content=\"summary_large_image\" \/>\n<meta name=\"twitter:label1\" content=\"Gesch\u00e4tzte Lesezeit\" \/>\n\t<meta name=\"twitter:data1\" content=\"4\u00a0Minute\" \/>\n<script type=\"application\/ld+json\" class=\"yoast-schema-graph\">{\"@context\":\"https:\/\/schema.org\",\"@graph\":[{\"@type\":\"WebPage\",\"@id\":\"https:\/\/wedrivesolar.com\/opladen-public-charging\/\",\"url\":\"https:\/\/wedrivesolar.com\/opladen-public-charging\/\",\"name\":\"\u00d6ffentliche Geb\u00fchren - We Drive Solar\",\"isPartOf\":{\"@id\":\"https:\/\/wedrivesolar.com\/#website\"},\"primaryImageOfPage\":{\"@id\":\"https:\/\/wedrivesolar.com\/opladen-public-charging\/#primaryimage\"},\"image\":{\"@id\":\"https:\/\/wedrivesolar.com\/opladen-public-charging\/#primaryimage\"},\"thumbnailUrl\":\"https:\/\/wedrivesolar.com\/wp-content\/uploads\/2025\/07\/stopladenwedrivesolar_4.gif\",\"datePublished\":\"2025-07-09T08:27:06+00:00\",\"dateModified\":\"2025-07-09T10:56:30+00:00\",\"breadcrumb\":{\"@id\":\"https:\/\/wedrivesolar.com\/opladen-public-charging\/#breadcrumb\"},\"inLanguage\":\"de\",\"potentialAction\":[{\"@type\":\"ReadAction\",\"target\":[\"https:\/\/wedrivesolar.com\/opladen-public-charging\/\"]}]},{\"@type\":\"ImageObject\",\"inLanguage\":\"de\",\"@id\":\"https:\/\/wedrivesolar.com\/opladen-public-charging\/#primaryimage\",\"url\":\"https:\/\/wedrivesolar.com\/wp-content\/uploads\/2025\/07\/stopladenwedrivesolar_4.gif\",\"contentUrl\":\"https:\/\/wedrivesolar.com\/wp-content\/uploads\/2025\/07\/stopladenwedrivesolar_4.gif\"},{\"@type\":\"BreadcrumbList\",\"@id\":\"https:\/\/wedrivesolar.com\/opladen-public-charging\/#breadcrumb\",\"itemListElement\":[{\"@type\":\"ListItem\",\"position\":1,\"name\":\"Startseite\",\"item\":\"https:\/\/wedrivesolar.com\/\"},{\"@type\":\"ListItem\",\"position\":2,\"name\":\"\u00d6ffentliche Geb\u00fchren\"}]},{\"@type\":\"WebSite\",\"@id\":\"https:\/\/wedrivesolar.com\/#website\",\"url\":\"https:\/\/wedrivesolar.com\/\",\"name\":\"We Drive Solar\",\"description\":\"Shaping the electricity grid of the future\",\"publisher\":{\"@id\":\"https:\/\/wedrivesolar.com\/#organization\"},\"potentialAction\":[{\"@type\":\"SearchAction\",\"target\":{\"@type\":\"EntryPoint\",\"urlTemplate\":\"https:\/\/wedrivesolar.com\/?s={search_term_string}\"},\"query-input\":{\"@type\":\"PropertyValueSpecification\",\"valueRequired\":true,\"valueName\":\"search_term_string\"}}],\"inLanguage\":\"de\"},{\"@type\":\"Organization\",\"@id\":\"https:\/\/wedrivesolar.com\/#organization\",\"name\":\"We Drive Solar\",\"url\":\"https:\/\/wedrivesolar.com\/\",\"logo\":{\"@type\":\"ImageObject\",\"inLanguage\":\"de\",\"@id\":\"https:\/\/wedrivesolar.com\/#\/schema\/logo\/image\/\",\"url\":\"https:\/\/wedrivesolar.com\/wp-content\/uploads\/2025\/04\/cropped-wedrivesolar_transparant.png\",\"contentUrl\":\"https:\/\/wedrivesolar.com\/wp-content\/uploads\/2025\/04\/cropped-wedrivesolar_transparant.png\",\"width\":1280,\"height\":201,\"caption\":\"We Drive Solar\"},\"image\":{\"@id\":\"https:\/\/wedrivesolar.com\/#\/schema\/logo\/image\/\"}}]}<\/script>\n<!-- \/ Yoast SEO plugin. -->","yoast_head_json":{"title":"\u00d6ffentliche Geb\u00fchren - We Drive Solar","robots":{"index":"index","follow":"follow","max-snippet":"max-snippet:-1","max-image-preview":"max-image-preview:large","max-video-preview":"max-video-preview:-1"},"canonical":"https:\/\/wedrivesolar.com\/opladen-public-charging\/","og_locale":"de_DE","og_type":"article","og_title":"\u00d6ffentliche Geb\u00fchren - We Drive Solar","og_description":"Unterst\u00fctzung f\u00fcr \u00f6ffentliche Geb\u00fchren Ben\u00f6tigen Sie Hilfe beim \u00f6ffentlichen Laden? Auf dieser Seite finden Sie klare Anweisungen und Unterst\u00fctzung, damit Sie Ihr E-Fahrzeug einfach und problemlos aufladen k\u00f6nnen. Kosten f\u00fcr \u00f6ffentliche Geb\u00fchren In Utrecht betr\u00e4gt der Tarif 0,41 \u20ac\/kWh einschlie\u00dflich Mehrwertsteuer. Darin sind keine Aufschl\u00e4ge enthalten, die Ihr Kreditkartenanbieter erheben k\u00f6nnte, noch die anfallenden Parkgeb\u00fchren. [&hellip;]","og_url":"https:\/\/wedrivesolar.com\/opladen-public-charging\/","og_site_name":"We Drive Solar","article_modified_time":"2025-07-09T10:56:30+00:00","og_image":[{"width":186,"height":256,"url":"https:\/\/wedrivesolar.com\/wp-content\/uploads\/2025\/07\/stopladenwedrivesolar_4.webp","type":"image\/webp"}],"twitter_card":"summary_large_image","twitter_misc":{"Gesch\u00e4tzte Lesezeit":"4\u00a0Minute"},"schema":{"@context":"https:\/\/schema.org","@graph":[{"@type":"WebPage","@id":"https:\/\/wedrivesolar.com\/opladen-public-charging\/","url":"https:\/\/wedrivesolar.com\/opladen-public-charging\/","name":"\u00d6ffentliche Geb\u00fchren - We Drive Solar","isPartOf":{"@id":"https:\/\/wedrivesolar.com\/#website"},"primaryImageOfPage":{"@id":"https:\/\/wedrivesolar.com\/opladen-public-charging\/#primaryimage"},"image":{"@id":"https:\/\/wedrivesolar.com\/opladen-public-charging\/#primaryimage"},"thumbnailUrl":"https:\/\/wedrivesolar.com\/wp-content\/uploads\/2025\/07\/stopladenwedrivesolar_4.gif","datePublished":"2025-07-09T08:27:06+00:00","dateModified":"2025-07-09T10:56:30+00:00","breadcrumb":{"@id":"https:\/\/wedrivesolar.com\/opladen-public-charging\/#breadcrumb"},"inLanguage":"de","potentialAction":[{"@type":"ReadAction","target":["https:\/\/wedrivesolar.com\/opladen-public-charging\/"]}]},{"@type":"ImageObject","inLanguage":"de","@id":"https:\/\/wedrivesolar.com\/opladen-public-charging\/#primaryimage","url":"https:\/\/wedrivesolar.com\/wp-content\/uploads\/2025\/07\/stopladenwedrivesolar_4.gif","contentUrl":"https:\/\/wedrivesolar.com\/wp-content\/uploads\/2025\/07\/stopladenwedrivesolar_4.gif"},{"@type":"BreadcrumbList","@id":"https:\/\/wedrivesolar.com\/opladen-public-charging\/#breadcrumb","itemListElement":[{"@type":"ListItem","position":1,"name":"Startseite","item":"https:\/\/wedrivesolar.com\/"},{"@type":"ListItem","position":2,"name":"\u00d6ffentliche Geb\u00fchren"}]},{"@type":"WebSite","@id":"https:\/\/wedrivesolar.com\/#website","url":"https:\/\/wedrivesolar.com\/","name":"We Drive Solar","description":"Shaping the electricity grid of the future","publisher":{"@id":"https:\/\/wedrivesolar.com\/#organization"},"potentialAction":[{"@type":"SearchAction","target":{"@type":"EntryPoint","urlTemplate":"https:\/\/wedrivesolar.com\/?s={search_term_string}"},"query-input":{"@type":"PropertyValueSpecification","valueRequired":true,"valueName":"search_term_string"}}],"inLanguage":"de"},{"@type":"Organization","@id":"https:\/\/wedrivesolar.com\/#organization","name":"We Drive Solar","url":"https:\/\/wedrivesolar.com\/","logo":{"@type":"ImageObject","inLanguage":"de","@id":"https:\/\/wedrivesolar.com\/#\/schema\/logo\/image\/","url":"https:\/\/wedrivesolar.com\/wp-content\/uploads\/2025\/04\/cropped-wedrivesolar_transparant.png","contentUrl":"https:\/\/wedrivesolar.com\/wp-content\/uploads\/2025\/04\/cropped-wedrivesolar_transparant.png","width":1280,"height":201,"caption":"We Drive Solar"},"image":{"@id":"https:\/\/wedrivesolar.com\/#\/schema\/logo\/image\/"}}]}},"_links":{"self":[{"href":"https:\/\/wedrivesolar.com\/de\/wp-json\/wp\/v2\/pages\/4131","targetHints":{"allow":["GET"]}}],"collection":[{"href":"https:\/\/wedrivesolar.com\/de\/wp-json\/wp\/v2\/pages"}],"about":[{"href":"https:\/\/wedrivesolar.com\/de\/wp-json\/wp\/v2\/types\/page"}],"author":[{"embeddable":true,"href":"https:\/\/wedrivesolar.com\/de\/wp-json\/wp\/v2\/users\/3"}],"replies":[{"embeddable":true,"href":"https:\/\/wedrivesolar.com\/de\/wp-json\/wp\/v2\/comments?post=4131"}],"version-history":[{"count":0,"href":"https:\/\/wedrivesolar.com\/de\/wp-json\/wp\/v2\/pages\/4131\/revisions"}],"wp:attachment":[{"href":"https:\/\/wedrivesolar.com\/de\/wp-json\/wp\/v2\/media?parent=4131"}],"curies":[{"name":"wp","href":"https:\/\/api.w.org\/{rel}","templated":true}]}}