{"id":5092,"date":"2025-05-16T09:38:08","date_gmt":"2025-05-16T09:38:08","guid":{"rendered":"https:\/\/wedrivesolar.com\/cena-a-pie-aanmeldpagina\/"},"modified":"2025-11-03T14:09:50","modified_gmt":"2025-11-03T14:09:50","slug":"cena-a-pie-aanmeldpagina","status":"publish","type":"page","link":"https:\/\/wedrivesolar.com\/es\/cena-a-pie-aanmeldpagina\/","title":{"rendered":"Cena a pie Aanmeldpagina"},"content":{"rendered":"\t\t<div data-elementor-type=\"wp-page\" data-elementor-id=\"5092\" class=\"elementor elementor-5092 elementor-3171\" data-elementor-post-type=\"page\">\n\t\t\t\t<div class=\"elementor-element elementor-element-ee471c7 e-flex e-con-boxed e-con e-parent\" data-id=\"ee471c7\" data-element_type=\"container\" data-e-type=\"container\" data-settings=\"{&quot;background_background&quot;:&quot;classic&quot;}\">\n\t\t\t\t\t<div class=\"e-con-inner\">\n\t\t<div class=\"elementor-element elementor-element-651d228 e-con-full e-flex e-con e-child\" data-id=\"651d228\" data-element_type=\"container\" data-e-type=\"container\">\n\t\t\t\t<div class=\"elementor-element elementor-element-09646d0 elementor-widget elementor-widget-heading\" data-id=\"09646d0\" data-element_type=\"widget\" data-e-type=\"widget\" data-widget_type=\"heading.default\">\n\t\t\t\t\t<h2 class=\"elementor-heading-title elementor-size-default\">Mira aqu\u00ed<\/h2>\t\t\t\t<\/div>\n\t\t\t\t<div class=\"elementor-element elementor-element-9ae455e elementor-widget elementor-widget-text-editor\" data-id=\"9ae455e\" data-element_type=\"widget\" data-e-type=\"widget\" data-widget_type=\"text-editor.default\">\n\t\t\t\t\t\t\t\t\t<p style=\"font-weight: 400;\">Desde la direcci\u00f3n de We Drive Solar te invitamos a vivir un momento \u00fanico e hist\u00f3rico: la inauguraci\u00f3n oficial de las primeras cenas a pie bidireccionales para uso p\u00fablico en Utrecht. A trav\u00e9s del formulario de arriba puedes inscribirte en nuestra cena a pie VIP. <\/p>\t\t\t\t\t\t\t\t<\/div>\n\t\t\t\t<div class=\"elementor-element elementor-element-f865498 elementor-widget elementor-widget-heading\" data-id=\"f865498\" data-element_type=\"widget\" data-e-type=\"widget\" data-widget_type=\"heading.default\">\n\t\t\t\t\t<h4 class=\"elementor-heading-title elementor-size-default\">\u00bfNo te has registrado para el evento?  \nEsto puede ser aqu\u00ed:<\/h4>\t\t\t\t<\/div>\n\t\t\t\t<div class=\"elementor-element elementor-element-f11bed6 elementor-widget elementor-widget-button\" data-id=\"f11bed6\" data-element_type=\"widget\" data-e-type=\"widget\" data-widget_type=\"button.default\">\n\t\t\t\t\t\t\t\t\t\t<a class=\"elementor-button elementor-button-link elementor-size-sm\" href=\"https:\/\/utrechtenergized.com\/?invited-login\">\n\t\t\t\t\t\t<span class=\"elementor-button-content-wrapper\">\n\t\t\t\t\t\t\t\t\t<span class=\"elementor-button-text\">Aanmelden<\/span>\n\t\t\t\t\t<\/span>\n\t\t\t\t\t<\/a>\n\t\t\t\t\t\t\t\t<\/div>\n\t\t\t\t<\/div>\n\t\t<div class=\"elementor-element elementor-element-bd43c25 e-con-full e-flex e-con e-child\" data-id=\"bd43c25\" data-element_type=\"container\" data-e-type=\"container\">\n\t\t<div class=\"elementor-element elementor-element-2396f00 e-con-full e-flex e-con e-child\" data-id=\"2396f00\" data-element_type=\"container\" data-e-type=\"container\" data-settings=\"{&quot;background_background&quot;:&quot;classic&quot;}\">\n\t\t\t\t<\/div>\n\t\t<div class=\"elementor-element elementor-element-795fe9c e-con-full e-flex e-con e-child\" data-id=\"795fe9c\" data-element_type=\"container\" data-e-type=\"container\" data-settings=\"{&quot;background_background&quot;:&quot;classic&quot;}\">\n\t\t\t\t<div class=\"elementor-element elementor-element-e5ef2ca elementor-widget elementor-widget-html\" data-id=\"e5ef2ca\" data-element_type=\"widget\" data-e-type=\"widget\" data-widget_type=\"html.default\">\n\t\t\t\t\t<iframe src=\"https:\/\/docs.google.com\/forms\/d\/e\/1FAIpQLSf09qm_Qs7e_yaY3C_k7xtEKJDRdMHiZ4-ZvAOYs9h2AMYjkw\/viewform?embedded=true\" width=\"640\" height=\"1029\" frameborder=\"0\" marginheight=\"0\" marginwidth=\"0\">Cargando...<\/iframe>\t\t\t\t<\/div>\n\t\t\t\t<\/div>\n\t\t\t\t<\/div>\n\t\t\t\t\t<\/div>\n\t\t\t\t<\/div>\n\t\t\t\t<\/div>\n\t\t","protected":false},"excerpt":{"rendered":"<p>Mira aqu\u00ed Desde la direcci\u00f3n de We Drive Solar te invitamos a vivir un momento \u00fanico e hist\u00f3rico: la inauguraci\u00f3n oficial de las primeras cenas a pie bidireccionales para uso p\u00fablico en Utrecht. A trav\u00e9s del formulario de arriba puedes inscribirte en nuestra cena a pie VIP. \u00bfNo te has registrado para el evento? Esto [&hellip;]<\/p>\n","protected":false},"author":3,"featured_media":0,"parent":0,"menu_order":0,"comment_status":"closed","ping_status":"closed","template":"","meta":{"_acf_changed":false,"footnotes":""},"class_list":["post-5092","page","type-page","status-publish","hentry"],"acf":[],"yoast_head":"<!-- This site is optimized with the Yoast SEO plugin v27.2 - https:\/\/yoast.com\/product\/yoast-seo-wordpress\/ -->\n<title>Cena a pie Aanmeldpagina - We Drive Solar<\/title>\n<meta name=\"robots\" content=\"index, follow, max-snippet:-1, max-image-preview:large, max-video-preview:-1\" \/>\n<link rel=\"canonical\" href=\"https:\/\/wedrivesolar.com\/es\/cena-a-pie-aanmeldpagina\/\" \/>\n<meta property=\"og:locale\" content=\"es_ES\" \/>\n<meta property=\"og:type\" content=\"article\" \/>\n<meta property=\"og:title\" content=\"Cena a pie Aanmeldpagina - We Drive Solar\" \/>\n<meta property=\"og:description\" content=\"Mira aqu\u00ed Desde la direcci\u00f3n de We Drive Solar te invitamos a vivir un momento \u00fanico e hist\u00f3rico: la inauguraci\u00f3n oficial de las primeras cenas a pie bidireccionales para uso p\u00fablico en Utrecht. A trav\u00e9s del formulario de arriba puedes inscribirte en nuestra cena a pie VIP. \u00bfNo te has registrado para el evento? Esto [&hellip;]\" \/>\n<meta property=\"og:url\" content=\"https:\/\/wedrivesolar.com\/es\/cena-a-pie-aanmeldpagina\/\" \/>\n<meta property=\"og:site_name\" content=\"We Drive Solar\" \/>\n<meta property=\"article:modified_time\" content=\"2025-11-03T14:09:50+00:00\" \/>\n<meta name=\"twitter:card\" content=\"summary_large_image\" \/>\n<script type=\"application\/ld+json\" class=\"yoast-schema-graph\">{\"@context\":\"https:\/\/schema.org\",\"@graph\":[{\"@type\":\"WebPage\",\"@id\":\"https:\/\/wedrivesolar.com\/es\/cena-a-pie-aanmeldpagina\/\",\"url\":\"https:\/\/wedrivesolar.com\/es\/cena-a-pie-aanmeldpagina\/\",\"name\":\"Cena a pie Aanmeldpagina - We Drive Solar\",\"isPartOf\":{\"@id\":\"https:\/\/wedrivesolar.com\/#website\"},\"datePublished\":\"2025-05-16T09:38:08+00:00\",\"dateModified\":\"2025-11-03T14:09:50+00:00\",\"breadcrumb\":{\"@id\":\"https:\/\/wedrivesolar.com\/es\/cena-a-pie-aanmeldpagina\/#breadcrumb\"},\"inLanguage\":\"es\",\"potentialAction\":[{\"@type\":\"ReadAction\",\"target\":[\"https:\/\/wedrivesolar.com\/es\/cena-a-pie-aanmeldpagina\/\"]}]},{\"@type\":\"BreadcrumbList\",\"@id\":\"https:\/\/wedrivesolar.com\/es\/cena-a-pie-aanmeldpagina\/#breadcrumb\",\"itemListElement\":[{\"@type\":\"ListItem\",\"position\":1,\"name\":\"Inicio\",\"item\":\"https:\/\/wedrivesolar.com\/es\/inicio\/\"},{\"@type\":\"ListItem\",\"position\":2,\"name\":\"Cena a pie Aanmeldpagina\"}]},{\"@type\":\"WebSite\",\"@id\":\"https:\/\/wedrivesolar.com\/#website\",\"url\":\"https:\/\/wedrivesolar.com\/\",\"name\":\"We Drive Solar\",\"description\":\"Shaping the electricity grid of the future\",\"publisher\":{\"@id\":\"https:\/\/wedrivesolar.com\/#organization\"},\"potentialAction\":[{\"@type\":\"SearchAction\",\"target\":{\"@type\":\"EntryPoint\",\"urlTemplate\":\"https:\/\/wedrivesolar.com\/?s={search_term_string}\"},\"query-input\":{\"@type\":\"PropertyValueSpecification\",\"valueRequired\":true,\"valueName\":\"search_term_string\"}}],\"inLanguage\":\"es\"},{\"@type\":\"Organization\",\"@id\":\"https:\/\/wedrivesolar.com\/#organization\",\"name\":\"We Drive Solar\",\"url\":\"https:\/\/wedrivesolar.com\/\",\"logo\":{\"@type\":\"ImageObject\",\"inLanguage\":\"es\",\"@id\":\"https:\/\/wedrivesolar.com\/#\/schema\/logo\/image\/\",\"url\":\"https:\/\/wedrivesolar.com\/wp-content\/uploads\/2025\/04\/cropped-wedrivesolar_transparant.png\",\"contentUrl\":\"https:\/\/wedrivesolar.com\/wp-content\/uploads\/2025\/04\/cropped-wedrivesolar_transparant.png\",\"width\":1280,\"height\":201,\"caption\":\"We Drive Solar\"},\"image\":{\"@id\":\"https:\/\/wedrivesolar.com\/#\/schema\/logo\/image\/\"}}]}<\/script>\n<!-- \/ Yoast SEO plugin. -->","yoast_head_json":{"title":"Cena a pie Aanmeldpagina - We Drive Solar","robots":{"index":"index","follow":"follow","max-snippet":"max-snippet:-1","max-image-preview":"max-image-preview:large","max-video-preview":"max-video-preview:-1"},"canonical":"https:\/\/wedrivesolar.com\/es\/cena-a-pie-aanmeldpagina\/","og_locale":"es_ES","og_type":"article","og_title":"Cena a pie Aanmeldpagina - We Drive Solar","og_description":"Mira aqu\u00ed Desde la direcci\u00f3n de We Drive Solar te invitamos a vivir un momento \u00fanico e hist\u00f3rico: la inauguraci\u00f3n oficial de las primeras cenas a pie bidireccionales para uso p\u00fablico en Utrecht. A trav\u00e9s del formulario de arriba puedes inscribirte en nuestra cena a pie VIP. \u00bfNo te has registrado para el evento? Esto [&hellip;]","og_url":"https:\/\/wedrivesolar.com\/es\/cena-a-pie-aanmeldpagina\/","og_site_name":"We Drive Solar","article_modified_time":"2025-11-03T14:09:50+00:00","twitter_card":"summary_large_image","schema":{"@context":"https:\/\/schema.org","@graph":[{"@type":"WebPage","@id":"https:\/\/wedrivesolar.com\/es\/cena-a-pie-aanmeldpagina\/","url":"https:\/\/wedrivesolar.com\/es\/cena-a-pie-aanmeldpagina\/","name":"Cena a pie Aanmeldpagina - We Drive Solar","isPartOf":{"@id":"https:\/\/wedrivesolar.com\/#website"},"datePublished":"2025-05-16T09:38:08+00:00","dateModified":"2025-11-03T14:09:50+00:00","breadcrumb":{"@id":"https:\/\/wedrivesolar.com\/es\/cena-a-pie-aanmeldpagina\/#breadcrumb"},"inLanguage":"es","potentialAction":[{"@type":"ReadAction","target":["https:\/\/wedrivesolar.com\/es\/cena-a-pie-aanmeldpagina\/"]}]},{"@type":"BreadcrumbList","@id":"https:\/\/wedrivesolar.com\/es\/cena-a-pie-aanmeldpagina\/#breadcrumb","itemListElement":[{"@type":"ListItem","position":1,"name":"Inicio","item":"https:\/\/wedrivesolar.com\/es\/inicio\/"},{"@type":"ListItem","position":2,"name":"Cena a pie Aanmeldpagina"}]},{"@type":"WebSite","@id":"https:\/\/wedrivesolar.com\/#website","url":"https:\/\/wedrivesolar.com\/","name":"We Drive Solar","description":"Shaping the electricity grid of the future","publisher":{"@id":"https:\/\/wedrivesolar.com\/#organization"},"potentialAction":[{"@type":"SearchAction","target":{"@type":"EntryPoint","urlTemplate":"https:\/\/wedrivesolar.com\/?s={search_term_string}"},"query-input":{"@type":"PropertyValueSpecification","valueRequired":true,"valueName":"search_term_string"}}],"inLanguage":"es"},{"@type":"Organization","@id":"https:\/\/wedrivesolar.com\/#organization","name":"We Drive Solar","url":"https:\/\/wedrivesolar.com\/","logo":{"@type":"ImageObject","inLanguage":"es","@id":"https:\/\/wedrivesolar.com\/#\/schema\/logo\/image\/","url":"https:\/\/wedrivesolar.com\/wp-content\/uploads\/2025\/04\/cropped-wedrivesolar_transparant.png","contentUrl":"https:\/\/wedrivesolar.com\/wp-content\/uploads\/2025\/04\/cropped-wedrivesolar_transparant.png","width":1280,"height":201,"caption":"We Drive Solar"},"image":{"@id":"https:\/\/wedrivesolar.com\/#\/schema\/logo\/image\/"}}]}},"_links":{"self":[{"href":"https:\/\/wedrivesolar.com\/es\/wp-json\/wp\/v2\/pages\/5092","targetHints":{"allow":["GET"]}}],"collection":[{"href":"https:\/\/wedrivesolar.com\/es\/wp-json\/wp\/v2\/pages"}],"about":[{"href":"https:\/\/wedrivesolar.com\/es\/wp-json\/wp\/v2\/types\/page"}],"author":[{"embeddable":true,"href":"https:\/\/wedrivesolar.com\/es\/wp-json\/wp\/v2\/users\/3"}],"replies":[{"embeddable":true,"href":"https:\/\/wedrivesolar.com\/es\/wp-json\/wp\/v2\/comments?post=5092"}],"version-history":[{"count":0,"href":"https:\/\/wedrivesolar.com\/es\/wp-json\/wp\/v2\/pages\/5092\/revisions"}],"wp:attachment":[{"href":"https:\/\/wedrivesolar.com\/es\/wp-json\/wp\/v2\/media?parent=5092"}],"curies":[{"name":"wp","href":"https:\/\/api.w.org\/{rel}","templated":true}]}}