{"id":5133,"date":"2025-06-10T09:02:58","date_gmt":"2025-06-10T09:02:58","guid":{"rendered":"https:\/\/wedrivesolar.com\/empleo\/"},"modified":"2026-01-19T10:30:42","modified_gmt":"2026-01-19T10:30:42","slug":"empleo","status":"publish","type":"page","link":"https:\/\/wedrivesolar.com\/es\/empleo\/","title":{"rendered":"Empleo"},"content":{"rendered":"\t\t<div data-elementor-type=\"wp-page\" data-elementor-id=\"5133\" class=\"elementor elementor-5133 elementor-3853\" data-elementor-post-type=\"page\">\n\t\t\t\t<div class=\"elementor-element elementor-element-1ff49ce e-flex e-con-boxed e-con e-parent\" data-id=\"1ff49ce\" data-element_type=\"container\" data-e-type=\"container\" data-settings=\"{&quot;background_background&quot;:&quot;classic&quot;}\">\n\t\t\t\t\t<div class=\"e-con-inner\">\n\t\t\t\t<div class=\"elementor-element elementor-element-d87e957 elementor-widget elementor-widget-image\" data-id=\"d87e957\" data-element_type=\"widget\" data-e-type=\"widget\" data-widget_type=\"image.default\">\n\t\t\t\t\t\t\t\t\t\t\t\t\t\t\t<img decoding=\"async\" width=\"121\" height=\"152\" src=\"https:\/\/wedrivesolar.com\/wp-content\/uploads\/2025\/04\/wds-icoon.svg\" class=\"attachment-large size-large wp-image-4952\" alt=\"\" \/>\t\t\t\t\t\t\t\t\t\t\t\t\t\t\t<\/div>\n\t\t\t\t<div class=\"elementor-element elementor-element-b96412e elementor-widget elementor-widget-heading\" data-id=\"b96412e\" data-element_type=\"widget\" data-e-type=\"widget\" data-widget_type=\"heading.default\">\n\t\t\t\t\t<h1 class=\"elementor-heading-title elementor-size-default\">Piensa a lo grande. Construye a lo grande. \n<\/h1>\t\t\t\t<\/div>\n\t\t\t\t<div class=\"elementor-element elementor-element-b800476 elementor-widget elementor-widget-text-editor\" data-id=\"b800476\" data-element_type=\"widget\" data-e-type=\"widget\" data-widget_type=\"text-editor.default\">\n\t\t\t\t\t\t\t\t\t<p data-start=\"486\" data-end=\"619\">En We Drive Solar, t\u00fa ayudas a dar forma al sistema energ\u00e9tico del ma\u00f1ana, y no hemos hecho m\u00e1s que empezar.<\/p>\t\t\t\t\t\t\t\t<\/div>\n\t\t\t\t\t<\/div>\n\t\t\t\t<\/div>\n\t\t<div class=\"elementor-element elementor-element-528c6ec e-flex e-con-boxed e-con e-parent\" data-id=\"528c6ec\" data-element_type=\"container\" data-e-type=\"container\">\n\t\t\t\t\t<div class=\"e-con-inner\">\n\t\t\t\t<div class=\"elementor-element elementor-element-ddee21d elementor-widget elementor-widget-heading\" data-id=\"ddee21d\" data-element_type=\"widget\" data-e-type=\"widget\" data-widget_type=\"heading.default\">\n\t\t\t\t\t<h3 class=\"elementor-heading-title elementor-size-default\">Puestos vacantes<\/h3>\t\t\t\t<\/div>\n\t\t\t\t<div class=\"elementor-element elementor-element-659fc92 elementor-grid-tablet-1 afbeelding-links-mobile-boven elementor-grid-3 elementor-grid-mobile-1 elementor-posts--thumbnail-top elementor-widget elementor-widget-posts\" data-id=\"659fc92\" data-element_type=\"widget\" data-e-type=\"widget\" data-settings=\"{&quot;classic_columns_tablet&quot;:&quot;1&quot;,&quot;pagination_type&quot;:&quot;load_more_infinite_scroll&quot;,&quot;classic_columns&quot;:&quot;3&quot;,&quot;classic_columns_mobile&quot;:&quot;1&quot;,&quot;classic_row_gap&quot;:{&quot;unit&quot;:&quot;px&quot;,&quot;size&quot;:35,&quot;sizes&quot;:[]},&quot;classic_row_gap_widescreen&quot;:{&quot;unit&quot;:&quot;px&quot;,&quot;size&quot;:&quot;&quot;,&quot;sizes&quot;:[]},&quot;classic_row_gap_tablet&quot;:{&quot;unit&quot;:&quot;px&quot;,&quot;size&quot;:&quot;&quot;,&quot;sizes&quot;:[]},&quot;classic_row_gap_mobile&quot;:{&quot;unit&quot;:&quot;px&quot;,&quot;size&quot;:&quot;&quot;,&quot;sizes&quot;:[]},&quot;load_more_spinner&quot;:{&quot;value&quot;:&quot;fas fa-spinner&quot;,&quot;library&quot;:&quot;fa-solid&quot;}}\" data-widget_type=\"posts.classic\">\n\t\t\t\t<div class=\"elementor-widget-container\">\n\t\t\t\t\t\t\t<div class=\"elementor-posts-container elementor-posts elementor-posts--skin-classic elementor-grid\" role=\"list\">\n\t\t\t\t<article class=\"elementor-post elementor-grid-item post-5773 post type-post status-publish format-standard has-post-thumbnail hentry category-posicion-abierta\" role=\"listitem\">\n\t\t\t\t<a class=\"elementor-post__thumbnail__link\" href=\"https:\/\/wedrivesolar.com\/es\/ingeniero-de-servicios\/\" tabindex=\"-1\" target=&quot;_blank&quot;>\n\t\t\t<div class=\"elementor-post__thumbnail\"><img fetchpriority=\"high\" decoding=\"async\" width=\"2048\" height=\"1151\" src=\"https:\/\/wedrivesolar.com\/wp-content\/uploads\/2025\/04\/thegreenbox-drone-foto.jpg\" class=\"attachment-full size-full wp-image-4996\" alt=\"\" srcset=\"https:\/\/wedrivesolar.com\/wp-content\/uploads\/2025\/04\/thegreenbox-drone-foto.jpg 2048w, https:\/\/wedrivesolar.com\/wp-content\/uploads\/2025\/04\/thegreenbox-drone-foto-300x169.jpg 300w, https:\/\/wedrivesolar.com\/wp-content\/uploads\/2025\/04\/thegreenbox-drone-foto-1024x576.jpg 1024w, https:\/\/wedrivesolar.com\/wp-content\/uploads\/2025\/04\/thegreenbox-drone-foto-768x432.jpg 768w, https:\/\/wedrivesolar.com\/wp-content\/uploads\/2025\/04\/thegreenbox-drone-foto-1536x863.jpg 1536w\" sizes=\"(max-width: 2048px) 100vw, 2048px\" \/><\/div>\n\t\t<\/a>\n\t\t\t\t<div class=\"elementor-post__text\">\n\t\t\t\t<h3 class=\"elementor-post__title\">\n\t\t\t<a href=\"https:\/\/wedrivesolar.com\/es\/ingeniero-de-servicios\/\" target=&quot;_blank&quot;>\n\t\t\t\tIngeniero de Servicios\t\t\t<\/a>\n\t\t<\/h3>\n\t\t\n\t\t<a class=\"elementor-post__read-more\" href=\"https:\/\/wedrivesolar.com\/es\/ingeniero-de-servicios\/\" aria-label=\"M\u00e1s informaci\u00f3n sobre Ingeniero de Servicios\" tabindex=\"-1\" target=\"_blank\">\n\t\t\tSigue leyendo \"\t\t<\/a>\n\n\t\t\t\t<\/div>\n\t\t\t\t<\/article>\n\t\t\t\t<article class=\"elementor-post elementor-grid-item post-5130 post type-post status-publish format-standard has-post-thumbnail hentry category-posicion-abierta\" role=\"listitem\">\n\t\t\t\t<a class=\"elementor-post__thumbnail__link\" href=\"https:\/\/wedrivesolar.com\/es\/ingeniero-jefe-de-software\/\" tabindex=\"-1\" target=&quot;_blank&quot;>\n\t\t\t<div class=\"elementor-post__thumbnail\"><img decoding=\"async\" width=\"2560\" height=\"1709\" src=\"https:\/\/wedrivesolar.com\/wp-content\/uploads\/2025\/06\/Software-Photo-scaled.webp\" class=\"attachment-full size-full wp-image-5131\" alt=\"\" \/><\/div>\n\t\t<\/a>\n\t\t\t\t<div class=\"elementor-post__text\">\n\t\t\t\t<h3 class=\"elementor-post__title\">\n\t\t\t<a href=\"https:\/\/wedrivesolar.com\/es\/ingeniero-jefe-de-software\/\" target=&quot;_blank&quot;>\n\t\t\t\tIngeniero jefe de software\t\t\t<\/a>\n\t\t<\/h3>\n\t\t\n\t\t<a class=\"elementor-post__read-more\" href=\"https:\/\/wedrivesolar.com\/es\/ingeniero-jefe-de-software\/\" aria-label=\"M\u00e1s informaci\u00f3n sobre Ingeniero jefe de software\" tabindex=\"-1\" target=\"_blank\">\n\t\t\tSigue leyendo \"\t\t<\/a>\n\n\t\t\t\t<\/div>\n\t\t\t\t<\/article>\n\t\t\t\t<article class=\"elementor-post elementor-grid-item post-5045 post type-post status-publish format-standard has-post-thumbnail hentry category-posicion-abierta\" role=\"listitem\">\n\t\t\t\t<a class=\"elementor-post__thumbnail__link\" href=\"https:\/\/wedrivesolar.com\/es\/ingeniero-de-hardware\/\" tabindex=\"-1\" target=&quot;_blank&quot;>\n\t\t\t<div class=\"elementor-post__thumbnail\"><img loading=\"lazy\" decoding=\"async\" width=\"2560\" height=\"2560\" src=\"https:\/\/wedrivesolar.com\/wp-content\/uploads\/2025\/06\/flat-lay-desk-arrangement-with-copy-space-scaled.webp\" class=\"attachment-full size-full wp-image-5031\" alt=\"\" \/><\/div>\n\t\t<\/a>\n\t\t\t\t<div class=\"elementor-post__text\">\n\t\t\t\t<h3 class=\"elementor-post__title\">\n\t\t\t<a href=\"https:\/\/wedrivesolar.com\/es\/ingeniero-de-hardware\/\" target=&quot;_blank&quot;>\n\t\t\t\tIngeniero de Hardware\t\t\t<\/a>\n\t\t<\/h3>\n\t\t\n\t\t<a class=\"elementor-post__read-more\" href=\"https:\/\/wedrivesolar.com\/es\/ingeniero-de-hardware\/\" aria-label=\"M\u00e1s informaci\u00f3n sobre Ingeniero de Hardware\" tabindex=\"-1\" target=\"_blank\">\n\t\t\tSigue leyendo \"\t\t<\/a>\n\n\t\t\t\t<\/div>\n\t\t\t\t<\/article>\n\t\t\t\t<article class=\"elementor-post elementor-grid-item post-5029 post type-post status-publish format-standard has-post-thumbnail hentry category-posicion-abierta\" role=\"listitem\">\n\t\t\t\t<a class=\"elementor-post__thumbnail__link\" href=\"https:\/\/wedrivesolar.com\/es\/ingeniero-de-procesos\/\" tabindex=\"-1\" target=&quot;_blank&quot;>\n\t\t\t<div class=\"elementor-post__thumbnail\"><img loading=\"lazy\" decoding=\"async\" width=\"2560\" height=\"1707\" src=\"https:\/\/wedrivesolar.com\/wp-content\/uploads\/2025\/06\/top-view-desk-concept-with-copy-space-scaled.webp\" class=\"attachment-full size-full wp-image-5032\" alt=\"\" \/><\/div>\n\t\t<\/a>\n\t\t\t\t<div class=\"elementor-post__text\">\n\t\t\t\t<h3 class=\"elementor-post__title\">\n\t\t\t<a href=\"https:\/\/wedrivesolar.com\/es\/ingeniero-de-procesos\/\" target=&quot;_blank&quot;>\n\t\t\t\tIngeniero de procesos\t\t\t<\/a>\n\t\t<\/h3>\n\t\t\n\t\t<a class=\"elementor-post__read-more\" href=\"https:\/\/wedrivesolar.com\/es\/ingeniero-de-procesos\/\" aria-label=\"M\u00e1s informaci\u00f3n sobre Ingeniero de procesos\" tabindex=\"-1\" target=\"_blank\">\n\t\t\tSigue leyendo \"\t\t<\/a>\n\n\t\t\t\t<\/div>\n\t\t\t\t<\/article>\n\t\t\t\t<article class=\"elementor-post elementor-grid-item post-5049 post type-post status-publish format-standard has-post-thumbnail hentry category-posicion-abierta\" role=\"listitem\">\n\t\t\t\t<a class=\"elementor-post__thumbnail__link\" href=\"https:\/\/wedrivesolar.com\/es\/ingeniero-de-software-embebido\/\" tabindex=\"-1\" target=&quot;_blank&quot;>\n\t\t\t<div class=\"elementor-post__thumbnail\"><img loading=\"lazy\" decoding=\"async\" width=\"2560\" height=\"1707\" src=\"https:\/\/wedrivesolar.com\/wp-content\/uploads\/2025\/06\/close-up-man-writing-code-laptop-scaled.webp\" class=\"attachment-full size-full wp-image-5050\" alt=\"\" \/><\/div>\n\t\t<\/a>\n\t\t\t\t<div class=\"elementor-post__text\">\n\t\t\t\t<h3 class=\"elementor-post__title\">\n\t\t\t<a href=\"https:\/\/wedrivesolar.com\/es\/ingeniero-de-software-embebido\/\" target=&quot;_blank&quot;>\n\t\t\t\tIngeniero de Software Embebido\t\t\t<\/a>\n\t\t<\/h3>\n\t\t\n\t\t<a class=\"elementor-post__read-more\" href=\"https:\/\/wedrivesolar.com\/es\/ingeniero-de-software-embebido\/\" aria-label=\"M\u00e1s informaci\u00f3n sobre Ingeniero de Software Embebido\" tabindex=\"-1\" target=\"_blank\">\n\t\t\tSigue leyendo \"\t\t<\/a>\n\n\t\t\t\t<\/div>\n\t\t\t\t<\/article>\n\t\t\t\t<\/div>\n\t\t\t\t\t<span class=\"e-load-more-spinner\">\n\t\t\t\t<svg aria-hidden=\"true\" class=\"e-font-icon-svg e-fas-spinner\" viewBox=\"0 0 512 512\" xmlns=\"http:\/\/www.w3.org\/2000\/svg\"><path d=\"M304 48c0 26.51-21.49 48-48 48s-48-21.49-48-48 21.49-48 48-48 48 21.49 48 48zm-48 368c-26.51 0-48 21.49-48 48s21.49 48 48 48 48-21.49 48-48-21.49-48-48-48zm208-208c-26.51 0-48 21.49-48 48s21.49 48 48 48 48-21.49 48-48-21.49-48-48-48zM96 256c0-26.51-21.49-48-48-48S0 229.49 0 256s21.49 48 48 48 48-21.49 48-48zm12.922 99.078c-26.51 0-48 21.49-48 48s21.49 48 48 48 48-21.49 48-48c0-26.509-21.491-48-48-48zm294.156 0c-26.51 0-48 21.49-48 48s21.49 48 48 48 48-21.49 48-48c0-26.509-21.49-48-48-48zM108.922 60.922c-26.51 0-48 21.49-48 48s21.49 48 48 48 48-21.49 48-48-21.491-48-48-48z\"><\/path><\/svg>\t\t\t<\/span>\n\t\t\n\t\t\t\t\t\t<\/div>\n\t\t\t\t<\/div>\n\t\t\t\t\t<\/div>\n\t\t\t\t<\/div>\n\t\t\t\t<\/div>\n\t\t","protected":false},"excerpt":{"rendered":"<p>Piensa a lo grande. Construye a lo grande. En We Drive Solar, t\u00fa ayudas a dar forma al sistema energ\u00e9tico del ma\u00f1ana, y no hemos<\/p>\n","protected":false},"author":2,"featured_media":0,"parent":0,"menu_order":0,"comment_status":"closed","ping_status":"closed","template":"","meta":{"_acf_changed":false,"footnotes":""},"class_list":["post-5133","page","type-page","status-publish","hentry"],"acf":[],"yoast_head":"<!-- This site is optimized with the Yoast SEO plugin v27.2 - https:\/\/yoast.com\/product\/yoast-seo-wordpress\/ -->\n<title>Empleo - We Drive Solar<\/title>\n<meta name=\"robots\" content=\"index, follow, max-snippet:-1, max-image-preview:large, max-video-preview:-1\" \/>\n<link rel=\"canonical\" href=\"https:\/\/wedrivesolar.com\/es\/empleo\/\" \/>\n<meta property=\"og:locale\" content=\"es_ES\" \/>\n<meta property=\"og:type\" content=\"article\" \/>\n<meta property=\"og:title\" content=\"Empleo - We Drive Solar\" \/>\n<meta property=\"og:description\" content=\"Piensa a lo grande. Construye a lo grande. En We Drive Solar, t\u00fa ayudas a dar forma al sistema energ\u00e9tico del ma\u00f1ana, y no hemos\" \/>\n<meta property=\"og:url\" content=\"https:\/\/wedrivesolar.com\/es\/empleo\/\" \/>\n<meta property=\"og:site_name\" content=\"We Drive Solar\" \/>\n<meta property=\"article:modified_time\" content=\"2026-01-19T10:30:42+00:00\" \/>\n<meta name=\"twitter:card\" content=\"summary_large_image\" \/>\n<script type=\"application\/ld+json\" class=\"yoast-schema-graph\">{\"@context\":\"https:\/\/schema.org\",\"@graph\":[{\"@type\":\"WebPage\",\"@id\":\"https:\/\/wedrivesolar.com\/es\/empleo\/\",\"url\":\"https:\/\/wedrivesolar.com\/es\/empleo\/\",\"name\":\"Empleo - We Drive Solar\",\"isPartOf\":{\"@id\":\"https:\/\/wedrivesolar.com\/#website\"},\"primaryImageOfPage\":{\"@id\":\"https:\/\/wedrivesolar.com\/es\/empleo\/#primaryimage\"},\"image\":{\"@id\":\"https:\/\/wedrivesolar.com\/es\/empleo\/#primaryimage\"},\"thumbnailUrl\":\"https:\/\/wedrivesolar.com\/wp-content\/uploads\/2025\/04\/wds-icoon.svg\",\"datePublished\":\"2025-06-10T09:02:58+00:00\",\"dateModified\":\"2026-01-19T10:30:42+00:00\",\"breadcrumb\":{\"@id\":\"https:\/\/wedrivesolar.com\/es\/empleo\/#breadcrumb\"},\"inLanguage\":\"es\",\"potentialAction\":[{\"@type\":\"ReadAction\",\"target\":[\"https:\/\/wedrivesolar.com\/es\/empleo\/\"]}]},{\"@type\":\"ImageObject\",\"inLanguage\":\"es\",\"@id\":\"https:\/\/wedrivesolar.com\/es\/empleo\/#primaryimage\",\"url\":\"https:\/\/wedrivesolar.com\/wp-content\/uploads\/2025\/04\/wds-icoon.svg\",\"contentUrl\":\"https:\/\/wedrivesolar.com\/wp-content\/uploads\/2025\/04\/wds-icoon.svg\"},{\"@type\":\"BreadcrumbList\",\"@id\":\"https:\/\/wedrivesolar.com\/es\/empleo\/#breadcrumb\",\"itemListElement\":[{\"@type\":\"ListItem\",\"position\":1,\"name\":\"Inicio\",\"item\":\"https:\/\/wedrivesolar.com\/es\/inicio\/\"},{\"@type\":\"ListItem\",\"position\":2,\"name\":\"Empleo\"}]},{\"@type\":\"WebSite\",\"@id\":\"https:\/\/wedrivesolar.com\/#website\",\"url\":\"https:\/\/wedrivesolar.com\/\",\"name\":\"We Drive Solar\",\"description\":\"Shaping the electricity grid of the future\",\"publisher\":{\"@id\":\"https:\/\/wedrivesolar.com\/#organization\"},\"potentialAction\":[{\"@type\":\"SearchAction\",\"target\":{\"@type\":\"EntryPoint\",\"urlTemplate\":\"https:\/\/wedrivesolar.com\/?s={search_term_string}\"},\"query-input\":{\"@type\":\"PropertyValueSpecification\",\"valueRequired\":true,\"valueName\":\"search_term_string\"}}],\"inLanguage\":\"es\"},{\"@type\":\"Organization\",\"@id\":\"https:\/\/wedrivesolar.com\/#organization\",\"name\":\"We Drive Solar\",\"url\":\"https:\/\/wedrivesolar.com\/\",\"logo\":{\"@type\":\"ImageObject\",\"inLanguage\":\"es\",\"@id\":\"https:\/\/wedrivesolar.com\/#\/schema\/logo\/image\/\",\"url\":\"https:\/\/wedrivesolar.com\/wp-content\/uploads\/2025\/04\/cropped-wedrivesolar_transparant.png\",\"contentUrl\":\"https:\/\/wedrivesolar.com\/wp-content\/uploads\/2025\/04\/cropped-wedrivesolar_transparant.png\",\"width\":1280,\"height\":201,\"caption\":\"We Drive Solar\"},\"image\":{\"@id\":\"https:\/\/wedrivesolar.com\/#\/schema\/logo\/image\/\"}}]}<\/script>\n<!-- \/ Yoast SEO plugin. -->","yoast_head_json":{"title":"Empleo - We Drive Solar","robots":{"index":"index","follow":"follow","max-snippet":"max-snippet:-1","max-image-preview":"max-image-preview:large","max-video-preview":"max-video-preview:-1"},"canonical":"https:\/\/wedrivesolar.com\/es\/empleo\/","og_locale":"es_ES","og_type":"article","og_title":"Empleo - We Drive Solar","og_description":"Piensa a lo grande. Construye a lo grande. En We Drive Solar, t\u00fa ayudas a dar forma al sistema energ\u00e9tico del ma\u00f1ana, y no hemos","og_url":"https:\/\/wedrivesolar.com\/es\/empleo\/","og_site_name":"We Drive Solar","article_modified_time":"2026-01-19T10:30:42+00:00","twitter_card":"summary_large_image","schema":{"@context":"https:\/\/schema.org","@graph":[{"@type":"WebPage","@id":"https:\/\/wedrivesolar.com\/es\/empleo\/","url":"https:\/\/wedrivesolar.com\/es\/empleo\/","name":"Empleo - We Drive Solar","isPartOf":{"@id":"https:\/\/wedrivesolar.com\/#website"},"primaryImageOfPage":{"@id":"https:\/\/wedrivesolar.com\/es\/empleo\/#primaryimage"},"image":{"@id":"https:\/\/wedrivesolar.com\/es\/empleo\/#primaryimage"},"thumbnailUrl":"https:\/\/wedrivesolar.com\/wp-content\/uploads\/2025\/04\/wds-icoon.svg","datePublished":"2025-06-10T09:02:58+00:00","dateModified":"2026-01-19T10:30:42+00:00","breadcrumb":{"@id":"https:\/\/wedrivesolar.com\/es\/empleo\/#breadcrumb"},"inLanguage":"es","potentialAction":[{"@type":"ReadAction","target":["https:\/\/wedrivesolar.com\/es\/empleo\/"]}]},{"@type":"ImageObject","inLanguage":"es","@id":"https:\/\/wedrivesolar.com\/es\/empleo\/#primaryimage","url":"https:\/\/wedrivesolar.com\/wp-content\/uploads\/2025\/04\/wds-icoon.svg","contentUrl":"https:\/\/wedrivesolar.com\/wp-content\/uploads\/2025\/04\/wds-icoon.svg"},{"@type":"BreadcrumbList","@id":"https:\/\/wedrivesolar.com\/es\/empleo\/#breadcrumb","itemListElement":[{"@type":"ListItem","position":1,"name":"Inicio","item":"https:\/\/wedrivesolar.com\/es\/inicio\/"},{"@type":"ListItem","position":2,"name":"Empleo"}]},{"@type":"WebSite","@id":"https:\/\/wedrivesolar.com\/#website","url":"https:\/\/wedrivesolar.com\/","name":"We Drive Solar","description":"Shaping the electricity grid of the future","publisher":{"@id":"https:\/\/wedrivesolar.com\/#organization"},"potentialAction":[{"@type":"SearchAction","target":{"@type":"EntryPoint","urlTemplate":"https:\/\/wedrivesolar.com\/?s={search_term_string}"},"query-input":{"@type":"PropertyValueSpecification","valueRequired":true,"valueName":"search_term_string"}}],"inLanguage":"es"},{"@type":"Organization","@id":"https:\/\/wedrivesolar.com\/#organization","name":"We Drive Solar","url":"https:\/\/wedrivesolar.com\/","logo":{"@type":"ImageObject","inLanguage":"es","@id":"https:\/\/wedrivesolar.com\/#\/schema\/logo\/image\/","url":"https:\/\/wedrivesolar.com\/wp-content\/uploads\/2025\/04\/cropped-wedrivesolar_transparant.png","contentUrl":"https:\/\/wedrivesolar.com\/wp-content\/uploads\/2025\/04\/cropped-wedrivesolar_transparant.png","width":1280,"height":201,"caption":"We Drive Solar"},"image":{"@id":"https:\/\/wedrivesolar.com\/#\/schema\/logo\/image\/"}}]}},"_links":{"self":[{"href":"https:\/\/wedrivesolar.com\/es\/wp-json\/wp\/v2\/pages\/5133","targetHints":{"allow":["GET"]}}],"collection":[{"href":"https:\/\/wedrivesolar.com\/es\/wp-json\/wp\/v2\/pages"}],"about":[{"href":"https:\/\/wedrivesolar.com\/es\/wp-json\/wp\/v2\/types\/page"}],"author":[{"embeddable":true,"href":"https:\/\/wedrivesolar.com\/es\/wp-json\/wp\/v2\/users\/2"}],"replies":[{"embeddable":true,"href":"https:\/\/wedrivesolar.com\/es\/wp-json\/wp\/v2\/comments?post=5133"}],"version-history":[{"count":1,"href":"https:\/\/wedrivesolar.com\/es\/wp-json\/wp\/v2\/pages\/5133\/revisions"}],"predecessor-version":[{"id":5770,"href":"https:\/\/wedrivesolar.com\/es\/wp-json\/wp\/v2\/pages\/5133\/revisions\/5770"}],"wp:attachment":[{"href":"https:\/\/wedrivesolar.com\/es\/wp-json\/wp\/v2\/media?parent=5133"}],"curies":[{"name":"wp","href":"https:\/\/api.w.org\/{rel}","templated":true}]}}