{"id":2825,"date":"2025-04-16T09:10:26","date_gmt":"2025-04-16T09:10:26","guid":{"rendered":"https:\/\/wedrivesolar.com\/declaration-de-confidentialite\/"},"modified":"2025-09-02T06:59:01","modified_gmt":"2025-09-02T06:59:01","slug":"declaration-de-confidentialite","status":"publish","type":"page","link":"https:\/\/wedrivesolar.com\/fr\/declaration-de-confidentialite\/","title":{"rendered":"D\u00e9claration de confidentialit\u00e9"},"content":{"rendered":"\t\t<div data-elementor-type=\"wp-page\" data-elementor-id=\"2825\" class=\"elementor elementor-2825\" data-elementor-post-type=\"page\">\n\t\t\t\t<div class=\"elementor-element elementor-element-9291b52 e-flex e-con-boxed e-con e-parent\" data-id=\"9291b52\" data-element_type=\"container\" data-e-type=\"container\">\n\t\t\t\t\t<div class=\"e-con-inner\">\n\t\t\t\t<div class=\"elementor-element elementor-element-e860a22 elementor-widget elementor-widget-text-editor\" data-id=\"e860a22\" data-element_type=\"widget\" data-e-type=\"widget\" data-widget_type=\"text-editor.default\">\n\t\t\t\t\t\t\t\t\t<p><strong>GDPR &#8211; D\u00e9claration de confidentialit\u00e9 We Drive Solar (01-01-2025)<\/strong><\/p>\n<p>We Drive Solar, situ\u00e9 \u00e0 Europalaan 202, 7559 SC, Hengelo, Pays-Bas, est responsable du traitement des donn\u00e9es personnelles tel que d\u00e9crit dans cette d\u00e9claration de confidentialit\u00e9. Pour les coordonn\u00e9es de We Drive Solar, veuillez vous r\u00e9f\u00e9rer \u00e0 l&#8217;adresse du site web <a href=\"http:\/\/www.wedrivesolar.nl\/\">http:\/\/www.wedrivesolar.com<\/a>. <\/p>\n<p>Robin Berg est le d\u00e9l\u00e9gu\u00e9 \u00e0 la protection des donn\u00e9es de We Drive Solar et peut \u00eatre contact\u00e9 directement par e-mail : <a href=\"mailto:robin@wedrivesolar.nl\">robin@wedrivesolar.nl<\/a>.<\/p>\n<p><strong>Donn\u00e9es personnelles<\/strong><br>We Drive Solar traite certaines donn\u00e9es personnelles parce que vous utilisez nos services et\/ou parce que vous nous fournissez vous-m\u00eame ces informations. Vous trouverez ci-dessous un aper\u00e7u des donn\u00e9es personnelles trait\u00e9es par We Drive Solar : <\/p>\n<ul>\n<li>\n<p><strong>Les donn\u00e9es de contact primaires<\/strong> (telles que le nom de l&#8217;entreprise, le nom de la personne, l&#8217;adresse, le num\u00e9ro de t\u00e9l\u00e9phone et l&#8217;adresse \u00e9lectronique) ;<\/p>\n<\/li>\n<li>\n<p>les <strong>donn\u00e9es de contact secondaires<\/strong> (telles que la date de naissance, le sexe, la nationalit\u00e9 et les d\u00e9tails du permis de conduire) ; et<\/p>\n<\/li>\n<li>\n<p><strong>Donn\u00e9es d&#8217;utilisation<\/strong> (telles que les donn\u00e9es de localisation et de conduite).<\/p>\n<\/li>\n<\/ul>\n<p><strong>Donn\u00e9es personnelles sp\u00e9ciales et\/ou sensibles<\/strong><br>Nos services (y compris ce site web) n&#8217;ont pas pour but de collecter des donn\u00e9es personnelles. Nous ne collectons pas de donn\u00e9es personnelles sp\u00e9ciales et\/ou sensibles. <\/p>\n<p><strong>Objectif du traitement des donn\u00e9es personnelles<\/strong><br>We Drive Solar traite vos donn\u00e9es personnelles aux fins suivantes :<\/p>\n<ul>\n<li>\n<p>Pour cr\u00e9er un compte ;<\/p>\n<\/li>\n<li>\n<p>Pour fournir nos services et traiter les transactions de paiement ;<\/p>\n<\/li>\n<li>\n<p>Pour vous informer sur nos services et\/ou produits ;<\/p>\n<\/li>\n<li>\n<p>Pour envoyer notre bulletin d&#8217;information, si vous vous y \u00eates inscrit.<\/p>\n<\/li>\n<\/ul>\n<p>We Drive Solar analyse vos donn\u00e9es d&#8217;utilisation afin d&#8217;am\u00e9liorer\/optimiser les services qui vous sont fournis. Nous traitons \u00e9galement des donn\u00e9es personnelles parce que nous sommes l\u00e9galement tenus de le faire, telles que les donn\u00e9es n\u00e9cessaires pour les d\u00e9clarations fiscales. <\/p>\n<p><strong>Prise de d\u00e9cision automatis\u00e9e<\/strong><br>We Drive Solar ne prend pas de d\u00e9cisions fond\u00e9es uniquement sur un traitement automatis\u00e9 susceptible d&#8217;avoir des cons\u00e9quences significatives pour les personnes (telles que les d\u00e9cisions prises par des programmes ou syst\u00e8mes informatiques sans aucune implication humaine).<\/p>\n<p><strong>P\u00e9riodes de conservation des donn\u00e9es personnelles<\/strong><br>We Drive Solar conserve vos donn\u00e9es personnelles pour une dur\u00e9e n&#8217;exc\u00e9dant pas celle strictement n\u00e9cessaire \u00e0 la r\u00e9alisation des objectifs pour lesquels vos donn\u00e9es ont \u00e9t\u00e9 collect\u00e9es. Nous respectons les p\u00e9riodes de conservation suivantes pour les cat\u00e9gories de donn\u00e9es \u00e0 caract\u00e8re personnel suivantes : <\/p>\n<ul>\n<li>\n<p><strong>Donn\u00e9es de contact primaires<\/strong>: 10 ans apr\u00e8s la prestation de services.<\/p>\n<\/li>\n<li>\n<p><strong>Donn\u00e9es de contact secondaires<\/strong>: 10 ans apr\u00e8s la prestation de services.<\/p>\n<\/li>\n<li>\n<p><strong>Donn\u00e9es d&#8217;utilisation<\/strong>: 10 ans apr\u00e8s la fourniture du service.<\/p>\n<\/li>\n<\/ul>\n<p>Si une personne s&#8217;est abonn\u00e9e \u00e0 la lettre d&#8217;information \u00e9lectronique (adresse \u00e9lectronique), cette adresse \u00e9lectronique sera conserv\u00e9e jusqu&#8217;\u00e0 ce que la personne se d\u00e9sabonne de ce service (par exemple, par le biais d&#8217;une option dans la lettre d&#8217;information).<\/p>\n<p><strong>Partage des donn\u00e9es personnelles avec des tiers<\/strong><br>We Drive Solar ne partage des donn\u00e9es personnelles avec des tiers que si cela est n\u00e9cessaire pour l&#8217;ex\u00e9cution de notre contrat avec vous ou pour se conformer \u00e0 une obligation l\u00e9gale.<\/p>\n<p><strong>Cookies ou technologies similaires<\/strong><br>We Drive Solar n&#8217;utilise que des cookies techniques et fonctionnels ou des technologies similaires. Nous n&#8217;utilisons que des cookies techniques, fonctionnels et analytiques qui ne portent pas atteinte \u00e0 votre vie priv\u00e9e. Un cookie est un petit fichier texte qui est stock\u00e9 sur votre ordinateur, tablette ou smartphone lors de votre premi\u00e8re visite sur ce site web. Les cookies que nous utilisons sont n\u00e9cessaires au fonctionnement technique du site web et \u00e0 sa facilit\u00e9 d&#8217;utilisation. Ils garantissent le bon fonctionnement du site web et, par exemple, m\u00e9morisent vos pr\u00e9f\u00e9rences. Vous pouvez refuser les cookies en param\u00e9trant votre navigateur Internet de mani\u00e8re \u00e0 ce qu&#8217;il ne stocke pas de cookies. Vous pouvez \u00e9galement supprimer toutes les informations pr\u00e9c\u00e9demment stock\u00e9es via les param\u00e8tres de votre navigateur.      <\/p>\n<p><strong>Acc\u00e8s, correction ou suppression des donn\u00e9es<\/strong><br>Vous avez le droit de demander l&#8217;acc\u00e8s, la correction ou la suppression de vos donn\u00e9es personnelles d\u00e9tenues par We Drive Solar. Vous avez \u00e9galement le droit de retirer votre consentement au traitement des donn\u00e9es ou de vous opposer au traitement de vos donn\u00e9es personnelles par We Drive Solar, et vous avez le droit \u00e0 la portabilit\u00e9 des donn\u00e9es. Cela signifie que vous pouvez demander \u00e0 We Drive Solar de vous envoyer les donn\u00e9es personnelles qu&#8217;elle d\u00e9tient dans un fichier informatique. Vous pouvez envoyer une demande d&#8217;acc\u00e8s, de correction, de suppression, de transfert de donn\u00e9es, de retrait de consentement ou d&#8217;objection au traitement de vos donn\u00e9es personnelles \u00e0 l&#8217;adresse \u00e9lectronique mentionn\u00e9e ci-dessus.<br>Pour vous assurer que la demande d&#8217;acc\u00e8s est faite par vous, veuillez inclure une copie de votre pi\u00e8ce d&#8217;identit\u00e9 avec la demande. Veuillez noircir votre photo, votre MRZ (zone lisible par machine, la bande avec des chiffres au bas du passeport), votre num\u00e9ro de passeport et votre num\u00e9ro de s\u00e9curit\u00e9 sociale (BSN) pour la protection de la vie priv\u00e9e. Nous r\u00e9pondrons \u00e0 votre demande le plus rapidement possible, mais en tout \u00e9tat de cause, dans un d\u00e9lai de quatre semaines.     <\/p>\n<p>We Drive Solar souhaite \u00e9galement vous informer que vous avez la possibilit\u00e9 de d\u00e9poser une plainte aupr\u00e8s de l&#8217;autorit\u00e9 nationale de contr\u00f4le, l&#8217;autorit\u00e9 n\u00e9erlandaise de protection des donn\u00e9es. Vous pouvez le faire via le lien suivant <a href=\"https:\/\/autoriteitpersoonsgegevens.nl\/nl\/contact-met-de-autoriteit-persoonsgegevens\/tip-ons\">: https:\/\/autoriteitpersoonsgegevens.nl\/nl\/contact-met-de-autoriteit-persoonsgegevens\/tip-ons.<\/a> <\/p>\n<p><strong>S\u00e9curit\u00e9 des donn\u00e9es<\/strong><br>We Drive Solar prend au s\u00e9rieux la protection de vos donn\u00e9es et met en \u0153uvre des mesures appropri\u00e9es pour emp\u00eacher l&#8217;utilisation abusive, la perte, l&#8217;acc\u00e8s non autoris\u00e9, la divulgation non d\u00e9sir\u00e9e et la modification non autoris\u00e9e. Si vous pensez que vos donn\u00e9es ne sont pas correctement s\u00e9curis\u00e9es ou s&#8217;il y a des signes d&#8217;abus, veuillez contacter We Drive Solar via l&#8217;adresse email fournie ci-dessus. <\/p>\n<p>We Drive Solar NL BV<br>Chambre de commerce : 67717403<br>Contact : <a href=\"mailto:info@wedrivesolar.nl\">info@wedrivesolar.nl<\/a><br>Europalaan 202, 7559 SC, Hengelo NL<\/p>\t\t\t\t\t\t\t\t<\/div>\n\t\t\t\t\t<\/div>\n\t\t\t\t<\/div>\n\t\t\t\t<\/div>\n\t\t","protected":false},"excerpt":{"rendered":"<p>GDPR &#8211; D\u00e9claration de confidentialit\u00e9 We Drive Solar (01-01-2025) We Drive Solar, situ\u00e9 \u00e0 Europalaan 202, 7559 SC, Hengelo, Pays-Bas, est responsable du traitement des donn\u00e9es personnelles tel que d\u00e9crit dans cette d\u00e9claration de confidentialit\u00e9. Pour les coordonn\u00e9es de We Drive Solar, veuillez vous r\u00e9f\u00e9rer \u00e0 l&#8217;adresse du site web http:\/\/www.wedrivesolar.com. Robin Berg est le [&hellip;]<\/p>\n","protected":false},"author":2,"featured_media":0,"parent":0,"menu_order":0,"comment_status":"closed","ping_status":"closed","template":"","meta":{"_acf_changed":false,"footnotes":""},"class_list":["post-2825","page","type-page","status-publish","hentry"],"acf":[],"yoast_head":"<!-- This site is optimized with the Yoast SEO plugin v27.2 - https:\/\/yoast.com\/product\/yoast-seo-wordpress\/ -->\n<title>D\u00e9claration de confidentialit\u00e9 - We Drive Solar<\/title>\n<meta name=\"robots\" content=\"index, follow, max-snippet:-1, max-image-preview:large, max-video-preview:-1\" \/>\n<link rel=\"canonical\" href=\"https:\/\/wedrivesolar.com\/fr\/declaration-de-confidentialite\/\" \/>\n<meta property=\"og:locale\" content=\"fr_FR\" \/>\n<meta property=\"og:type\" content=\"article\" \/>\n<meta property=\"og:title\" content=\"D\u00e9claration de confidentialit\u00e9 - We Drive Solar\" \/>\n<meta property=\"og:description\" content=\"GDPR &#8211; D\u00e9claration de confidentialit\u00e9 We Drive Solar (01-01-2025) We Drive Solar, situ\u00e9 \u00e0 Europalaan 202, 7559 SC, Hengelo, Pays-Bas, est responsable du traitement des donn\u00e9es personnelles tel que d\u00e9crit dans cette d\u00e9claration de confidentialit\u00e9. Pour les coordonn\u00e9es de We Drive Solar, veuillez vous r\u00e9f\u00e9rer \u00e0 l&#8217;adresse du site web http:\/\/www.wedrivesolar.com. Robin Berg est le [&hellip;]\" \/>\n<meta property=\"og:url\" content=\"https:\/\/wedrivesolar.com\/fr\/declaration-de-confidentialite\/\" \/>\n<meta property=\"og:site_name\" content=\"We Drive Solar\" \/>\n<meta property=\"article:modified_time\" content=\"2025-09-02T06:59:01+00:00\" \/>\n<meta name=\"twitter:card\" content=\"summary_large_image\" \/>\n<meta name=\"twitter:label1\" content=\"Dur\u00e9e de lecture estim\u00e9e\" \/>\n\t<meta name=\"twitter:data1\" content=\"5 minutes\" \/>\n<script type=\"application\/ld+json\" class=\"yoast-schema-graph\">{\"@context\":\"https:\/\/schema.org\",\"@graph\":[{\"@type\":\"WebPage\",\"@id\":\"https:\/\/wedrivesolar.com\/fr\/declaration-de-confidentialite\/\",\"url\":\"https:\/\/wedrivesolar.com\/fr\/declaration-de-confidentialite\/\",\"name\":\"D\u00e9claration de confidentialit\u00e9 - We Drive Solar\",\"isPartOf\":{\"@id\":\"https:\/\/wedrivesolar.com\/#website\"},\"datePublished\":\"2025-04-16T09:10:26+00:00\",\"dateModified\":\"2025-09-02T06:59:01+00:00\",\"breadcrumb\":{\"@id\":\"https:\/\/wedrivesolar.com\/fr\/declaration-de-confidentialite\/#breadcrumb\"},\"inLanguage\":\"fr-FR\",\"potentialAction\":[{\"@type\":\"ReadAction\",\"target\":[\"https:\/\/wedrivesolar.com\/fr\/declaration-de-confidentialite\/\"]}]},{\"@type\":\"BreadcrumbList\",\"@id\":\"https:\/\/wedrivesolar.com\/fr\/declaration-de-confidentialite\/#breadcrumb\",\"itemListElement\":[{\"@type\":\"ListItem\",\"position\":1,\"name\":\"Accueil\",\"item\":\"https:\/\/wedrivesolar.com\/\"},{\"@type\":\"ListItem\",\"position\":2,\"name\":\"D\u00e9claration de confidentialit\u00e9\"}]},{\"@type\":\"WebSite\",\"@id\":\"https:\/\/wedrivesolar.com\/#website\",\"url\":\"https:\/\/wedrivesolar.com\/\",\"name\":\"We Drive Solar\",\"description\":\"Shaping the electricity grid of the future\",\"publisher\":{\"@id\":\"https:\/\/wedrivesolar.com\/#organization\"},\"potentialAction\":[{\"@type\":\"SearchAction\",\"target\":{\"@type\":\"EntryPoint\",\"urlTemplate\":\"https:\/\/wedrivesolar.com\/?s={search_term_string}\"},\"query-input\":{\"@type\":\"PropertyValueSpecification\",\"valueRequired\":true,\"valueName\":\"search_term_string\"}}],\"inLanguage\":\"fr-FR\"},{\"@type\":\"Organization\",\"@id\":\"https:\/\/wedrivesolar.com\/#organization\",\"name\":\"We Drive Solar\",\"url\":\"https:\/\/wedrivesolar.com\/\",\"logo\":{\"@type\":\"ImageObject\",\"inLanguage\":\"fr-FR\",\"@id\":\"https:\/\/wedrivesolar.com\/#\/schema\/logo\/image\/\",\"url\":\"https:\/\/wedrivesolar.com\/wp-content\/uploads\/2025\/04\/cropped-wedrivesolar_transparant.png\",\"contentUrl\":\"https:\/\/wedrivesolar.com\/wp-content\/uploads\/2025\/04\/cropped-wedrivesolar_transparant.png\",\"width\":1280,\"height\":201,\"caption\":\"We Drive Solar\"},\"image\":{\"@id\":\"https:\/\/wedrivesolar.com\/#\/schema\/logo\/image\/\"}}]}<\/script>\n<!-- \/ Yoast SEO plugin. -->","yoast_head_json":{"title":"D\u00e9claration de confidentialit\u00e9 - We Drive Solar","robots":{"index":"index","follow":"follow","max-snippet":"max-snippet:-1","max-image-preview":"max-image-preview:large","max-video-preview":"max-video-preview:-1"},"canonical":"https:\/\/wedrivesolar.com\/fr\/declaration-de-confidentialite\/","og_locale":"fr_FR","og_type":"article","og_title":"D\u00e9claration de confidentialit\u00e9 - We Drive Solar","og_description":"GDPR &#8211; D\u00e9claration de confidentialit\u00e9 We Drive Solar (01-01-2025) We Drive Solar, situ\u00e9 \u00e0 Europalaan 202, 7559 SC, Hengelo, Pays-Bas, est responsable du traitement des donn\u00e9es personnelles tel que d\u00e9crit dans cette d\u00e9claration de confidentialit\u00e9. Pour les coordonn\u00e9es de We Drive Solar, veuillez vous r\u00e9f\u00e9rer \u00e0 l&#8217;adresse du site web http:\/\/www.wedrivesolar.com. Robin Berg est le [&hellip;]","og_url":"https:\/\/wedrivesolar.com\/fr\/declaration-de-confidentialite\/","og_site_name":"We Drive Solar","article_modified_time":"2025-09-02T06:59:01+00:00","twitter_card":"summary_large_image","twitter_misc":{"Dur\u00e9e de lecture estim\u00e9e":"5 minutes"},"schema":{"@context":"https:\/\/schema.org","@graph":[{"@type":"WebPage","@id":"https:\/\/wedrivesolar.com\/fr\/declaration-de-confidentialite\/","url":"https:\/\/wedrivesolar.com\/fr\/declaration-de-confidentialite\/","name":"D\u00e9claration de confidentialit\u00e9 - We Drive Solar","isPartOf":{"@id":"https:\/\/wedrivesolar.com\/#website"},"datePublished":"2025-04-16T09:10:26+00:00","dateModified":"2025-09-02T06:59:01+00:00","breadcrumb":{"@id":"https:\/\/wedrivesolar.com\/fr\/declaration-de-confidentialite\/#breadcrumb"},"inLanguage":"fr-FR","potentialAction":[{"@type":"ReadAction","target":["https:\/\/wedrivesolar.com\/fr\/declaration-de-confidentialite\/"]}]},{"@type":"BreadcrumbList","@id":"https:\/\/wedrivesolar.com\/fr\/declaration-de-confidentialite\/#breadcrumb","itemListElement":[{"@type":"ListItem","position":1,"name":"Accueil","item":"https:\/\/wedrivesolar.com\/"},{"@type":"ListItem","position":2,"name":"D\u00e9claration de confidentialit\u00e9"}]},{"@type":"WebSite","@id":"https:\/\/wedrivesolar.com\/#website","url":"https:\/\/wedrivesolar.com\/","name":"We Drive Solar","description":"Shaping the electricity grid of the future","publisher":{"@id":"https:\/\/wedrivesolar.com\/#organization"},"potentialAction":[{"@type":"SearchAction","target":{"@type":"EntryPoint","urlTemplate":"https:\/\/wedrivesolar.com\/?s={search_term_string}"},"query-input":{"@type":"PropertyValueSpecification","valueRequired":true,"valueName":"search_term_string"}}],"inLanguage":"fr-FR"},{"@type":"Organization","@id":"https:\/\/wedrivesolar.com\/#organization","name":"We Drive Solar","url":"https:\/\/wedrivesolar.com\/","logo":{"@type":"ImageObject","inLanguage":"fr-FR","@id":"https:\/\/wedrivesolar.com\/#\/schema\/logo\/image\/","url":"https:\/\/wedrivesolar.com\/wp-content\/uploads\/2025\/04\/cropped-wedrivesolar_transparant.png","contentUrl":"https:\/\/wedrivesolar.com\/wp-content\/uploads\/2025\/04\/cropped-wedrivesolar_transparant.png","width":1280,"height":201,"caption":"We Drive Solar"},"image":{"@id":"https:\/\/wedrivesolar.com\/#\/schema\/logo\/image\/"}}]}},"_links":{"self":[{"href":"https:\/\/wedrivesolar.com\/fr\/wp-json\/wp\/v2\/pages\/2825","targetHints":{"allow":["GET"]}}],"collection":[{"href":"https:\/\/wedrivesolar.com\/fr\/wp-json\/wp\/v2\/pages"}],"about":[{"href":"https:\/\/wedrivesolar.com\/fr\/wp-json\/wp\/v2\/types\/page"}],"author":[{"embeddable":true,"href":"https:\/\/wedrivesolar.com\/fr\/wp-json\/wp\/v2\/users\/2"}],"replies":[{"embeddable":true,"href":"https:\/\/wedrivesolar.com\/fr\/wp-json\/wp\/v2\/comments?post=2825"}],"version-history":[{"count":0,"href":"https:\/\/wedrivesolar.com\/fr\/wp-json\/wp\/v2\/pages\/2825\/revisions"}],"wp:attachment":[{"href":"https:\/\/wedrivesolar.com\/fr\/wp-json\/wp\/v2\/media?parent=2825"}],"curies":[{"name":"wp","href":"https:\/\/api.w.org\/{rel}","templated":true}]}}