{"id":4129,"date":"2025-07-09T08:27:06","date_gmt":"2025-07-09T08:27:06","guid":{"rendered":"https:\/\/wedrivesolar.com\/charge-publique\/"},"modified":"2025-07-09T11:00:21","modified_gmt":"2025-07-09T11:00:21","slug":"charge-publique","status":"publish","type":"page","link":"https:\/\/wedrivesolar.com\/fr\/charge-publique\/","title":{"rendered":"Charge publique"},"content":{"rendered":"\t\t<div data-elementor-type=\"wp-page\" data-elementor-id=\"4129\" class=\"elementor elementor-4129\" data-elementor-post-type=\"page\">\n\t\t\t\t<div class=\"elementor-element elementor-element-c03a2e8 e-flex e-con-boxed e-con e-parent\" data-id=\"c03a2e8\" data-element_type=\"container\" data-e-type=\"container\" data-settings=\"{&quot;background_background&quot;:&quot;classic&quot;}\">\n\t\t\t\t\t<div class=\"e-con-inner\">\n\t\t<div class=\"elementor-element elementor-element-41dbb20 e-con-full e-flex e-con e-child\" data-id=\"41dbb20\" data-element_type=\"container\" data-e-type=\"container\">\n\t\t\t\t<div class=\"elementor-element elementor-element-046c0b0 elementor-widget elementor-widget-heading\" data-id=\"046c0b0\" data-element_type=\"widget\" data-e-type=\"widget\" data-widget_type=\"heading.default\">\n\t\t\t\t\t<h2 class=\"elementor-heading-title elementor-size-default\">Soutien \u00e0 la tarification publique<\/h2>\t\t\t\t<\/div>\n\t\t\t\t<div class=\"elementor-element elementor-element-7ab4389 elementor-widget elementor-widget-text-editor\" data-id=\"7ab4389\" data-element_type=\"widget\" data-e-type=\"widget\" data-widget_type=\"text-editor.default\">\n\t\t\t\t\t\t\t\t\t<p>Besoin d&#8217;aide pour la recharge publique ? Sur cette page, vous trouverez des instructions claires et de l&#8217;aide pour que la recharge de votre VE soit simple et sans probl\u00e8me. <\/p>\t\t\t\t\t\t\t\t<\/div>\n\t\t\t\t<\/div>\n\t\t\t\t\t<\/div>\n\t\t\t\t<\/div>\n\t\t<div class=\"elementor-element elementor-element-9b1549e e-flex e-con-boxed e-con e-parent\" data-id=\"9b1549e\" data-element_type=\"container\" data-e-type=\"container\" data-settings=\"{&quot;background_background&quot;:&quot;classic&quot;}\">\n\t\t\t\t\t<div class=\"e-con-inner\">\n\t\t<div class=\"elementor-element elementor-element-f5652c8 e-con-full e-flex e-con e-child\" data-id=\"f5652c8\" data-element_type=\"container\" data-e-type=\"container\">\n\t\t<div class=\"elementor-element elementor-element-05d4dcd e-con-full e-flex e-con e-child\" data-id=\"05d4dcd\" data-element_type=\"container\" data-e-type=\"container\">\n\t\t<div class=\"elementor-element elementor-element-898d3cf e-con-full e-flex e-con e-child\" data-id=\"898d3cf\" data-element_type=\"container\" data-e-type=\"container\" data-settings=\"{&quot;background_background&quot;:&quot;classic&quot;}\">\n\t\t\t\t<div class=\"elementor-element elementor-element-bafd7e0 elementor-widget elementor-widget-text-editor\" data-id=\"bafd7e0\" data-element_type=\"widget\" data-e-type=\"widget\" data-widget_type=\"text-editor.default\">\n\t\t\t\t\t\t\t\t\t<p data-start=\"69\" data-end=\"231\"><strong>Co\u00fbt de la redevance publique<\/strong><\/p><p data-start=\"69\" data-end=\"231\">\u00c0 Utrecht, le tarif est de 0,41 \u20ac\/kWh, TVA comprise.<\/p><ul><li>Ce montant n&#8217;inclut pas les frais suppl\u00e9mentaires que votre fournisseur de carte de cr\u00e9dit peut appliquer,<\/li><li>ni les frais de stationnement applicables.<\/li><\/ul><p><br>Une fois que votre v\u00e9hicule est compl\u00e8tement charg\u00e9, veuillez le d\u00e9placer pour faire de la place aux autres.<\/p>\t\t\t\t\t\t\t\t<\/div>\n\t\t\t\t<div class=\"elementor-element elementor-element-a1e43ff elementor-widget elementor-widget-text-editor\" data-id=\"a1e43ff\" data-element_type=\"widget\" data-e-type=\"widget\" data-widget_type=\"text-editor.default\">\n\t\t\t\t\t\t\t\t\t<p><strong>REMARQUE :<\/strong> la vitesse de chargement de nos stations peut varier en fonction de la disponibilit\u00e9 de l&#8217;\u00e9nergie renouvelable produite localement.<\/p><p><strong>Plus il y a d&#8217;\u00e9nergie verte disponible, plus votre voiture se recharge rapidement.<\/strong><\/p>\t\t\t\t\t\t\t\t<\/div>\n\t\t\t\t<\/div>\n\t\t\t\t<\/div>\n\t\t\t\t<\/div>\n\t\t\t\t\t<\/div>\n\t\t\t\t<\/div>\n\t\t<div class=\"elementor-element elementor-element-e0b3dff e-flex e-con-boxed e-con e-parent\" data-id=\"e0b3dff\" data-element_type=\"container\" data-e-type=\"container\">\n\t\t\t\t\t<div class=\"e-con-inner\">\n\t\t<div class=\"elementor-element elementor-element-2b7758c e-con-full e-flex e-con e-child\" data-id=\"2b7758c\" data-element_type=\"container\" data-e-type=\"container\">\n\t\t<div class=\"elementor-element elementor-element-4490e69 e-con-full e-grid e-con e-child\" data-id=\"4490e69\" data-element_type=\"container\" data-e-type=\"container\">\n\t\t<div class=\"elementor-element elementor-element-8a9c35c e-con-full e-flex e-con e-child\" data-id=\"8a9c35c\" data-element_type=\"container\" data-e-type=\"container\" data-settings=\"{&quot;background_background&quot;:&quot;classic&quot;}\">\n\t\t\t\t<div class=\"elementor-element elementor-element-32adf25 elementor-widget elementor-widget-heading\" data-id=\"32adf25\" data-element_type=\"widget\" data-e-type=\"widget\" data-widget_type=\"heading.default\">\n\t\t\t\t\t<h3 class=\"elementor-heading-title elementor-size-default\">Besoin d'aide avec la station de recharge ?<\/h3>\t\t\t\t<\/div>\n\t\t\t\t<div class=\"elementor-element elementor-element-61f298d elementor-widget elementor-widget-text-editor\" data-id=\"61f298d\" data-element_type=\"widget\" data-e-type=\"widget\" data-widget_type=\"text-editor.default\">\n\t\t\t\t\t\t\t\t\t<p data-start=\"0\" data-end=\"93\">Appelez-nous au +31 3030 796 30 &#8211; nous sommes disponibles 24 heures sur 24 et 7 jours sur 7.<\/p><p data-start=\"95\" data-end=\"189\">Chaque borne de recharge poss\u00e8de un num\u00e9ro d&#8217;identification unique affich\u00e9 sur l&#8217;unit\u00e9 pour nous permettre de vous aider plus rapidement.<\/p>\t\t\t\t\t\t\t\t<\/div>\n\t\t\t\t<div class=\"elementor-element elementor-element-c7541c1 elementor-widget elementor-widget-button\" data-id=\"c7541c1\" data-element_type=\"widget\" data-e-type=\"widget\" data-widget_type=\"button.default\">\n\t\t\t\t\t\t\t\t\t\t<a class=\"elementor-button elementor-button-link elementor-size-sm\" href=\"https:\/\/wedrivesolar.com\/fr\/soutien\/\">\n\t\t\t\t\t\t<span class=\"elementor-button-content-wrapper\">\n\t\t\t\t\t\t\t\t\t<span class=\"elementor-button-text\">Pour soutenir la page<\/span>\n\t\t\t\t\t<\/span>\n\t\t\t\t\t<\/a>\n\t\t\t\t\t\t\t\t<\/div>\n\t\t\t\t<\/div>\n\t\t<div class=\"elementor-element elementor-element-ea8e637 e-con-full e-flex e-con e-child\" data-id=\"ea8e637\" data-element_type=\"container\" data-e-type=\"container\" data-settings=\"{&quot;background_background&quot;:&quot;classic&quot;}\">\n\t\t\t\t<div class=\"elementor-element elementor-element-45c8c39 elementor-widget elementor-widget-heading\" data-id=\"45c8c39\" data-element_type=\"widget\" data-e-type=\"widget\" data-widget_type=\"heading.default\">\n\t\t\t\t\t<h3 class=\"elementor-heading-title elementor-size-default\">Porte-cl\u00e9s de recharge<\/h3>\t\t\t\t<\/div>\n\t\t\t\t<div class=\"elementor-element elementor-element-5f21e5e elementor-widget elementor-widget-text-editor\" data-id=\"5f21e5e\" data-element_type=\"widget\" data-e-type=\"widget\" data-widget_type=\"text-editor.default\">\n\t\t\t\t\t\t\t\t\t<p>Commandez un porte-charge pratique pour 6,05 \u20ac (frais d&#8217;exp\u00e9dition uniques).<br data-start=\"286\" data-end=\"289\">Pas d&#8217;abonnement &#8211; vous ne payez le kWh que lorsque vous l&#8217;utilisez.<br data-start=\"344\" data-end=\"347\"><br><\/p>\t\t\t\t\t\t\t\t<\/div>\n\t\t\t\t<div class=\"elementor-element elementor-element-269b080 elementor-widget elementor-widget-button\" data-id=\"269b080\" data-element_type=\"widget\" data-e-type=\"widget\" data-widget_type=\"button.default\">\n\t\t\t\t\t\t\t\t\t\t<a class=\"elementor-button elementor-button-link elementor-size-sm\" href=\"https:\/\/lomboxnet.evc-net.com\/Register\/NonCompany\">\n\t\t\t\t\t\t<span class=\"elementor-button-content-wrapper\">\n\t\t\t\t\t\t\t\t\t<span class=\"elementor-button-text\">Demandez votre porte de recharge<\/span>\n\t\t\t\t\t<\/span>\n\t\t\t\t\t<\/a>\n\t\t\t\t\t\t\t\t<\/div>\n\t\t\t\t<\/div>\n\t\t<div class=\"elementor-element elementor-element-97e6ff1 e-con-full e-flex e-con e-child\" data-id=\"97e6ff1\" data-element_type=\"container\" data-e-type=\"container\" data-settings=\"{&quot;background_background&quot;:&quot;classic&quot;}\">\n\t\t\t\t<div class=\"elementor-element elementor-element-a9b448c elementor-widget elementor-widget-heading\" data-id=\"a9b448c\" data-element_type=\"widget\" data-e-type=\"widget\" data-widget_type=\"heading.default\">\n\t\t\t\t\t<h3 class=\"elementor-heading-title elementor-size-default\">Charge publique \u00e0 Utrecht<\/h3>\t\t\t\t<\/div>\n\t\t\t\t<div class=\"elementor-element elementor-element-9ac1354 elementor-widget elementor-widget-text-editor\" data-id=\"9ac1354\" data-element_type=\"widget\" data-e-type=\"widget\" data-widget_type=\"text-editor.default\">\n\t\t\t\t\t\t\t\t\t<p data-start=\"0\" data-end=\"183\">Nous avons install\u00e9 dans tout Utrecht des stations de recharge publiques d&#8217;une capacit\u00e9 de 22 kW.  <br><br>Ces chargeurs de nouvelle g\u00e9n\u00e9ration offrent une charge rapide et prennent en charge la charge bidirectionnelle en courant alternatif \/ V2G.<\/p>\t\t\t\t\t\t\t\t<\/div>\n\t\t\t\t<\/div>\n\t\t\t\t<\/div>\n\t\t\t\t<\/div>\n\t\t\t\t\t<\/div>\n\t\t\t\t<\/div>\n\t\t<div class=\"elementor-element elementor-element-69b01c3 e-flex e-con-boxed e-con e-parent\" data-id=\"69b01c3\" data-element_type=\"container\" data-e-type=\"container\">\n\t\t\t\t\t<div class=\"e-con-inner\">\n\t\t<div class=\"elementor-element elementor-element-3510131 e-con-full e-flex e-con e-child\" data-id=\"3510131\" data-element_type=\"container\" data-e-type=\"container\">\n\t\t\t\t<div class=\"elementor-element elementor-element-0bfb7f0 elementor-widget elementor-widget-heading\" data-id=\"0bfb7f0\" data-element_type=\"widget\" data-e-type=\"widget\" data-widget_type=\"heading.default\">\n\t\t\t\t\t<h2 class=\"elementor-heading-title elementor-size-default\">Arr\u00eat de la session de charge\n\n<\/h2>\t\t\t\t<\/div>\n\t\t\t\t<div class=\"elementor-element elementor-element-47af904 elementor-widget elementor-widget-text-editor\" data-id=\"47af904\" data-element_type=\"widget\" data-e-type=\"widget\" data-widget_type=\"text-editor.default\">\n\t\t\t\t\t\t\t\t\t<p data-start=\"0\" data-end=\"63\"><strong data-start=\"0\" data-end=\"63\">D\u00e9brancher le c\u00e2ble de chargement &#8211; suivre l&#8217;ordre correct<\/strong><\/p><p data-start=\"65\" data-end=\"170\">Pour \u00e9viter d&#8217;endommager le chargeur, il est important de d\u00e9connecter le c\u00e2ble dans le bon ordre lors du d\u00e9part.<\/p><ol><li data-start=\"172\" data-end=\"470\">Tout d&#8217;abord, terminez la session de charge \u00e0 la station \u00e0 l&#8217;aide de votre t\u00e9l\u00e9commande de charge. Le voyant devient vert. <\/li><li data-start=\"172\" data-end=\"470\">D\u00e9branchez ensuite le c\u00e2ble de la station.<\/li><li data-start=\"172\" data-end=\"470\">Ensuite, allez dans votre voiture et appuyez sur le bouton situ\u00e9 \u00e0 gauche du volant pour d\u00e9bloquer le connecteur bleu.<\/li><li data-start=\"172\" data-end=\"470\">Enfin, rangez le c\u00e2ble de chargement dans votre coffre.<\/li><\/ol>\t\t\t\t\t\t\t\t<\/div>\n\t\t\t\t<\/div>\n\t\t<div class=\"elementor-element elementor-element-2dd7072 e-con-full e-flex e-con e-child\" data-id=\"2dd7072\" data-element_type=\"container\" data-e-type=\"container\">\n\t\t\t\t<div class=\"elementor-element elementor-element-8d67438 elementor-widget elementor-widget-image\" data-id=\"8d67438\" data-element_type=\"widget\" data-e-type=\"widget\" data-widget_type=\"image.default\">\n\t\t\t\t\t\t\t\t\t\t\t\t\t\t\t<img decoding=\"async\" width=\"186\" height=\"256\" src=\"https:\/\/wedrivesolar.com\/wp-content\/uploads\/2025\/07\/stopladenwedrivesolar_4.webp\" class=\"attachment-large size-large wp-image-4087\" alt=\"\" \/>\t\t\t\t\t\t\t\t\t\t\t\t\t\t\t<\/div>\n\t\t\t\t<\/div>\n\t\t\t\t\t<\/div>\n\t\t\t\t<\/div>\n\t\t<div class=\"elementor-element elementor-element-f43b186 e-flex e-con-boxed e-con e-parent\" data-id=\"f43b186\" data-element_type=\"container\" data-e-type=\"container\">\n\t\t\t\t\t<div class=\"e-con-inner\">\n\t\t<div class=\"elementor-element elementor-element-4382919 e-con-full e-flex e-con e-child\" data-id=\"4382919\" data-element_type=\"container\" data-e-type=\"container\">\n\t\t<div class=\"elementor-element elementor-element-1e99441 e-con-full e-flex e-con e-child\" data-id=\"1e99441\" data-element_type=\"container\" data-e-type=\"container\">\n\t\t\t\t<div class=\"elementor-element elementor-element-f1fbee0 elementor-widget elementor-widget-heading\" data-id=\"f1fbee0\" data-element_type=\"widget\" data-e-type=\"widget\" data-widget_type=\"heading.default\">\n\t\t\t\t\t<h3 class=\"elementor-heading-title elementor-size-default\">Branchement de ZOE pour la recharge<\/h3>\t\t\t\t<\/div>\n\t\t\t\t<div class=\"elementor-element elementor-element-40f98db elementor-widget elementor-widget-text-editor\" data-id=\"40f98db\" data-element_type=\"widget\" data-e-type=\"widget\" data-widget_type=\"text-editor.default\">\n\t\t\t\t\t\t\t\t\t<ol><li data-start=\"37\" data-end=\"614\">Appuyez sur le bouton situ\u00e9 \u00e0 gauche du volant pour ouvrir la trappe de chargement avant.<br data-start=\"120\" data-end=\"123\">Ouvrez manuellement le couvercle int\u00e9rieur noir.<\/li><li data-start=\"37\" data-end=\"614\">Prenez le c\u00e2ble de chargement dans le coffre et branchez fermement le connecteur bleu directement dans la voiture. Un d\u00e9clic se fait entendre. Le voyant ZE devient bleu.  <\/li><li data-start=\"37\" data-end=\"614\">Ins\u00e9rer le connecteur noir dans la station de charge.<\/li><li data-start=\"37\" data-end=\"614\">Prenez la cl\u00e9 de recharge dans la bo\u00eete \u00e0 gants et tenez-la contre le lecteur de la station de recharge pour d\u00e9marrer la session.<\/li><li data-start=\"37\" data-end=\"614\">La voiture \u00e9mettra un bip aigu et, au-dessus du volant, vous verrez combien de temps il lui faudra pour se recharger compl\u00e8tement.<\/li><\/ol>\t\t\t\t\t\t\t\t<\/div>\n\t\t\t\t<\/div>\n\t\t<div class=\"elementor-element elementor-element-2d434aa e-con-full e-flex e-con e-child\" data-id=\"2d434aa\" data-element_type=\"container\" data-e-type=\"container\">\n\t\t\t\t<div class=\"elementor-element elementor-element-274eb8b elementor-widget elementor-widget-heading\" data-id=\"274eb8b\" data-element_type=\"widget\" data-e-type=\"widget\" data-widget_type=\"heading.default\">\n\t\t\t\t\t<h3 class=\"elementor-heading-title elementor-size-default\">Raccordement de la TESLA pour la recharge\n\n<\/h3>\t\t\t\t<\/div>\n\t\t\t\t<div class=\"elementor-element elementor-element-a39a2b5 elementor-widget elementor-widget-text-editor\" data-id=\"a39a2b5\" data-element_type=\"widget\" data-e-type=\"widget\" data-widget_type=\"text-editor.default\">\n\t\t\t\t\t\t\t\t\t<ol><li data-start=\"0\" data-end=\"35\">Ouvrez la trappe de chargement en touchant l&#8217;ic\u00f4ne de la voiture sur l&#8217;\u00e9cran (\u00e0 l&#8217;arri\u00e8re gauche du v\u00e9hicule), ou appuyez deux fois sur la trappe si la voiture est d\u00e9verrouill\u00e9e.<\/li><li data-start=\"0\" data-end=\"35\">Prenez le c\u00e2ble de chargement dans le coffre et branchez-le fermement dans la voiture jusqu&#8217;\u00e0 ce qu&#8217;il s&#8217;enclenche.<\/li><li data-start=\"0\" data-end=\"35\">Ins\u00e9rer le connecteur noir dans la station de charge.<\/li><li data-start=\"0\" data-end=\"35\">Prenez la cl\u00e9 de recharge dans la bo\u00eete \u00e0 gants et tenez-la contre le lecteur de la station de recharge pour d\u00e9marrer la session.<br data-start=\"475\" data-end=\"478\">L&#8217;\u00e9cran affiche le temps n\u00e9cessaire \u00e0 la recharge compl\u00e8te.<\/li><\/ol>\t\t\t\t\t\t\t\t<\/div>\n\t\t\t\t<\/div>\n\t\t\t\t<\/div>\n\t\t<div class=\"elementor-element elementor-element-0769b33 e-con-full e-flex e-con e-child\" data-id=\"0769b33\" data-element_type=\"container\" data-e-type=\"container\">\n\t\t\t\t<div class=\"elementor-element elementor-element-4e6f581 elementor-widget elementor-widget-image\" data-id=\"4e6f581\" data-element_type=\"widget\" data-e-type=\"widget\" data-widget_type=\"image.default\">\n\t\t\t\t\t\t\t\t\t\t\t\t\t\t\t<img fetchpriority=\"high\" decoding=\"async\" width=\"300\" height=\"457\" src=\"https:\/\/wedrivesolar.com\/wp-content\/uploads\/2025\/07\/ladenmetwedrivesolar_1.webp\" class=\"attachment-large size-large wp-image-4094\" alt=\"\" \/>\t\t\t\t\t\t\t\t\t\t\t\t\t\t\t<\/div>\n\t\t\t\t<\/div>\n\t\t\t\t\t<\/div>\n\t\t\t\t<\/div>\n\t\t<div class=\"elementor-element elementor-element-1a04842 e-flex e-con-boxed e-con e-parent\" data-id=\"1a04842\" data-element_type=\"container\" data-e-type=\"container\">\n\t\t\t\t\t<div class=\"e-con-inner\">\n\t\t\t\t\t<\/div>\n\t\t\t\t<\/div>\n\t\t\t\t<\/div>\n\t\t","protected":false},"excerpt":{"rendered":"<p>Soutien \u00e0 la tarification publique Besoin d&#8217;aide pour la recharge publique ? Sur cette page, vous trouverez des instructions claires et de l&#8217;aide pour que la recharge de votre VE soit simple et sans probl\u00e8me. Co\u00fbt de la redevance publique \u00c0 Utrecht, le tarif est de 0,41 \u20ac\/kWh, TVA comprise. Ce montant n&#8217;inclut pas les [&hellip;]<\/p>\n","protected":false},"author":3,"featured_media":0,"parent":0,"menu_order":0,"comment_status":"closed","ping_status":"closed","template":"","meta":{"_acf_changed":false,"footnotes":""},"class_list":["post-4129","page","type-page","status-publish","hentry"],"acf":[],"yoast_head":"<!-- This site is optimized with the Yoast SEO plugin v27.2 - https:\/\/yoast.com\/product\/yoast-seo-wordpress\/ -->\n<title>Charge publique - We Drive Solar<\/title>\n<meta name=\"robots\" content=\"index, follow, max-snippet:-1, max-image-preview:large, max-video-preview:-1\" \/>\n<link rel=\"canonical\" href=\"https:\/\/wedrivesolar.com\/opladen-public-charging\/\" \/>\n<meta property=\"og:locale\" content=\"fr_FR\" \/>\n<meta property=\"og:type\" content=\"article\" \/>\n<meta property=\"og:title\" content=\"Charge publique - We Drive Solar\" \/>\n<meta property=\"og:description\" content=\"Soutien \u00e0 la tarification publique Besoin d&#8217;aide pour la recharge publique ? Sur cette page, vous trouverez des instructions claires et de l&#8217;aide pour que la recharge de votre VE soit simple et sans probl\u00e8me. Co\u00fbt de la redevance publique \u00c0 Utrecht, le tarif est de 0,41 \u20ac\/kWh, TVA comprise. Ce montant n&#8217;inclut pas les [&hellip;]\" \/>\n<meta property=\"og:url\" content=\"https:\/\/wedrivesolar.com\/opladen-public-charging\/\" \/>\n<meta property=\"og:site_name\" content=\"We Drive Solar\" \/>\n<meta property=\"article:modified_time\" content=\"2025-07-09T11:00:21+00:00\" \/>\n<meta property=\"og:image\" content=\"https:\/\/wedrivesolar.com\/wp-content\/uploads\/2025\/07\/stopladenwedrivesolar_4.webp\" \/>\n\t<meta property=\"og:image:width\" content=\"186\" \/>\n\t<meta property=\"og:image:height\" content=\"256\" \/>\n\t<meta property=\"og:image:type\" content=\"image\/webp\" \/>\n<meta name=\"twitter:card\" content=\"summary_large_image\" \/>\n<meta name=\"twitter:label1\" content=\"Dur\u00e9e de lecture estim\u00e9e\" \/>\n\t<meta name=\"twitter:data1\" content=\"4 minutes\" \/>\n<script type=\"application\/ld+json\" class=\"yoast-schema-graph\">{\"@context\":\"https:\/\/schema.org\",\"@graph\":[{\"@type\":\"WebPage\",\"@id\":\"https:\/\/wedrivesolar.com\/opladen-public-charging\/\",\"url\":\"https:\/\/wedrivesolar.com\/opladen-public-charging\/\",\"name\":\"Charge publique - We Drive Solar\",\"isPartOf\":{\"@id\":\"https:\/\/wedrivesolar.com\/#website\"},\"primaryImageOfPage\":{\"@id\":\"https:\/\/wedrivesolar.com\/opladen-public-charging\/#primaryimage\"},\"image\":{\"@id\":\"https:\/\/wedrivesolar.com\/opladen-public-charging\/#primaryimage\"},\"thumbnailUrl\":\"https:\/\/wedrivesolar.com\/wp-content\/uploads\/2025\/07\/stopladenwedrivesolar_4.gif\",\"datePublished\":\"2025-07-09T08:27:06+00:00\",\"dateModified\":\"2025-07-09T11:00:21+00:00\",\"breadcrumb\":{\"@id\":\"https:\/\/wedrivesolar.com\/opladen-public-charging\/#breadcrumb\"},\"inLanguage\":\"fr-FR\",\"potentialAction\":[{\"@type\":\"ReadAction\",\"target\":[\"https:\/\/wedrivesolar.com\/opladen-public-charging\/\"]}]},{\"@type\":\"ImageObject\",\"inLanguage\":\"fr-FR\",\"@id\":\"https:\/\/wedrivesolar.com\/opladen-public-charging\/#primaryimage\",\"url\":\"https:\/\/wedrivesolar.com\/wp-content\/uploads\/2025\/07\/stopladenwedrivesolar_4.gif\",\"contentUrl\":\"https:\/\/wedrivesolar.com\/wp-content\/uploads\/2025\/07\/stopladenwedrivesolar_4.gif\"},{\"@type\":\"BreadcrumbList\",\"@id\":\"https:\/\/wedrivesolar.com\/opladen-public-charging\/#breadcrumb\",\"itemListElement\":[{\"@type\":\"ListItem\",\"position\":1,\"name\":\"Accueil\",\"item\":\"https:\/\/wedrivesolar.com\/\"},{\"@type\":\"ListItem\",\"position\":2,\"name\":\"Charge publique\"}]},{\"@type\":\"WebSite\",\"@id\":\"https:\/\/wedrivesolar.com\/#website\",\"url\":\"https:\/\/wedrivesolar.com\/\",\"name\":\"We Drive Solar\",\"description\":\"Shaping the electricity grid of the future\",\"publisher\":{\"@id\":\"https:\/\/wedrivesolar.com\/#organization\"},\"potentialAction\":[{\"@type\":\"SearchAction\",\"target\":{\"@type\":\"EntryPoint\",\"urlTemplate\":\"https:\/\/wedrivesolar.com\/?s={search_term_string}\"},\"query-input\":{\"@type\":\"PropertyValueSpecification\",\"valueRequired\":true,\"valueName\":\"search_term_string\"}}],\"inLanguage\":\"fr-FR\"},{\"@type\":\"Organization\",\"@id\":\"https:\/\/wedrivesolar.com\/#organization\",\"name\":\"We Drive Solar\",\"url\":\"https:\/\/wedrivesolar.com\/\",\"logo\":{\"@type\":\"ImageObject\",\"inLanguage\":\"fr-FR\",\"@id\":\"https:\/\/wedrivesolar.com\/#\/schema\/logo\/image\/\",\"url\":\"https:\/\/wedrivesolar.com\/wp-content\/uploads\/2025\/04\/cropped-wedrivesolar_transparant.png\",\"contentUrl\":\"https:\/\/wedrivesolar.com\/wp-content\/uploads\/2025\/04\/cropped-wedrivesolar_transparant.png\",\"width\":1280,\"height\":201,\"caption\":\"We Drive Solar\"},\"image\":{\"@id\":\"https:\/\/wedrivesolar.com\/#\/schema\/logo\/image\/\"}}]}<\/script>\n<!-- \/ Yoast SEO plugin. -->","yoast_head_json":{"title":"Charge publique - We Drive Solar","robots":{"index":"index","follow":"follow","max-snippet":"max-snippet:-1","max-image-preview":"max-image-preview:large","max-video-preview":"max-video-preview:-1"},"canonical":"https:\/\/wedrivesolar.com\/opladen-public-charging\/","og_locale":"fr_FR","og_type":"article","og_title":"Charge publique - We Drive Solar","og_description":"Soutien \u00e0 la tarification publique Besoin d&#8217;aide pour la recharge publique ? Sur cette page, vous trouverez des instructions claires et de l&#8217;aide pour que la recharge de votre VE soit simple et sans probl\u00e8me. Co\u00fbt de la redevance publique \u00c0 Utrecht, le tarif est de 0,41 \u20ac\/kWh, TVA comprise. Ce montant n&#8217;inclut pas les [&hellip;]","og_url":"https:\/\/wedrivesolar.com\/opladen-public-charging\/","og_site_name":"We Drive Solar","article_modified_time":"2025-07-09T11:00:21+00:00","og_image":[{"width":186,"height":256,"url":"https:\/\/wedrivesolar.com\/wp-content\/uploads\/2025\/07\/stopladenwedrivesolar_4.webp","type":"image\/webp"}],"twitter_card":"summary_large_image","twitter_misc":{"Dur\u00e9e de lecture estim\u00e9e":"4 minutes"},"schema":{"@context":"https:\/\/schema.org","@graph":[{"@type":"WebPage","@id":"https:\/\/wedrivesolar.com\/opladen-public-charging\/","url":"https:\/\/wedrivesolar.com\/opladen-public-charging\/","name":"Charge publique - We Drive Solar","isPartOf":{"@id":"https:\/\/wedrivesolar.com\/#website"},"primaryImageOfPage":{"@id":"https:\/\/wedrivesolar.com\/opladen-public-charging\/#primaryimage"},"image":{"@id":"https:\/\/wedrivesolar.com\/opladen-public-charging\/#primaryimage"},"thumbnailUrl":"https:\/\/wedrivesolar.com\/wp-content\/uploads\/2025\/07\/stopladenwedrivesolar_4.gif","datePublished":"2025-07-09T08:27:06+00:00","dateModified":"2025-07-09T11:00:21+00:00","breadcrumb":{"@id":"https:\/\/wedrivesolar.com\/opladen-public-charging\/#breadcrumb"},"inLanguage":"fr-FR","potentialAction":[{"@type":"ReadAction","target":["https:\/\/wedrivesolar.com\/opladen-public-charging\/"]}]},{"@type":"ImageObject","inLanguage":"fr-FR","@id":"https:\/\/wedrivesolar.com\/opladen-public-charging\/#primaryimage","url":"https:\/\/wedrivesolar.com\/wp-content\/uploads\/2025\/07\/stopladenwedrivesolar_4.gif","contentUrl":"https:\/\/wedrivesolar.com\/wp-content\/uploads\/2025\/07\/stopladenwedrivesolar_4.gif"},{"@type":"BreadcrumbList","@id":"https:\/\/wedrivesolar.com\/opladen-public-charging\/#breadcrumb","itemListElement":[{"@type":"ListItem","position":1,"name":"Accueil","item":"https:\/\/wedrivesolar.com\/"},{"@type":"ListItem","position":2,"name":"Charge publique"}]},{"@type":"WebSite","@id":"https:\/\/wedrivesolar.com\/#website","url":"https:\/\/wedrivesolar.com\/","name":"We Drive Solar","description":"Shaping the electricity grid of the future","publisher":{"@id":"https:\/\/wedrivesolar.com\/#organization"},"potentialAction":[{"@type":"SearchAction","target":{"@type":"EntryPoint","urlTemplate":"https:\/\/wedrivesolar.com\/?s={search_term_string}"},"query-input":{"@type":"PropertyValueSpecification","valueRequired":true,"valueName":"search_term_string"}}],"inLanguage":"fr-FR"},{"@type":"Organization","@id":"https:\/\/wedrivesolar.com\/#organization","name":"We Drive Solar","url":"https:\/\/wedrivesolar.com\/","logo":{"@type":"ImageObject","inLanguage":"fr-FR","@id":"https:\/\/wedrivesolar.com\/#\/schema\/logo\/image\/","url":"https:\/\/wedrivesolar.com\/wp-content\/uploads\/2025\/04\/cropped-wedrivesolar_transparant.png","contentUrl":"https:\/\/wedrivesolar.com\/wp-content\/uploads\/2025\/04\/cropped-wedrivesolar_transparant.png","width":1280,"height":201,"caption":"We Drive Solar"},"image":{"@id":"https:\/\/wedrivesolar.com\/#\/schema\/logo\/image\/"}}]}},"_links":{"self":[{"href":"https:\/\/wedrivesolar.com\/fr\/wp-json\/wp\/v2\/pages\/4129","targetHints":{"allow":["GET"]}}],"collection":[{"href":"https:\/\/wedrivesolar.com\/fr\/wp-json\/wp\/v2\/pages"}],"about":[{"href":"https:\/\/wedrivesolar.com\/fr\/wp-json\/wp\/v2\/types\/page"}],"author":[{"embeddable":true,"href":"https:\/\/wedrivesolar.com\/fr\/wp-json\/wp\/v2\/users\/3"}],"replies":[{"embeddable":true,"href":"https:\/\/wedrivesolar.com\/fr\/wp-json\/wp\/v2\/comments?post=4129"}],"version-history":[{"count":0,"href":"https:\/\/wedrivesolar.com\/fr\/wp-json\/wp\/v2\/pages\/4129\/revisions"}],"wp:attachment":[{"href":"https:\/\/wedrivesolar.com\/fr\/wp-json\/wp\/v2\/media?parent=4129"}],"curies":[{"name":"wp","href":"https:\/\/api.w.org\/{rel}","templated":true}]}}