{"id":5283,"date":"2025-11-20T13:36:21","date_gmt":"2025-11-20T13:36:21","guid":{"rendered":"https:\/\/wedrivesolar.com\/declaration-de-confidentialite-2\/"},"modified":"2025-11-20T15:33:20","modified_gmt":"2025-11-20T15:33:20","slug":"declaration-de-confidentialite-2","status":"publish","type":"page","link":"https:\/\/wedrivesolar.com\/fr\/declaration-de-confidentialite-2\/","title":{"rendered":"Politique de confidentialit\u00e9"},"content":{"rendered":"\t\t<div data-elementor-type=\"wp-page\" data-elementor-id=\"5283\" class=\"elementor elementor-5283 elementor-5281\" data-elementor-post-type=\"page\">\n\t\t\t\t<div class=\"elementor-element elementor-element-d553c3a e-flex e-con-boxed e-con e-parent\" data-id=\"d553c3a\" data-element_type=\"container\" data-e-type=\"container\" data-settings=\"{&quot;background_background&quot;:&quot;classic&quot;}\">\n\t\t\t\t\t<div class=\"e-con-inner\">\n\t\t\t\t<div class=\"elementor-element elementor-element-6dd99bd elementor-widget elementor-widget-heading\" data-id=\"6dd99bd\" data-element_type=\"widget\" data-e-type=\"widget\" data-widget_type=\"heading.default\">\n\t\t\t\t\t<h2 class=\"elementor-heading-title elementor-size-default\">Politique de confidentialit\u00e9<\/h2>\t\t\t\t<\/div>\n\t\t\t\t<div class=\"elementor-element elementor-element-45ffe3f elementor-widget elementor-widget-text-editor\" data-id=\"45ffe3f\" data-element_type=\"widget\" data-e-type=\"widget\" data-widget_type=\"text-editor.default\">\n\t\t\t\t\t\t\t\t\t<p>La page Politique de confidentialit\u00e9 de We Drive Solar explique comment nous traitons les donn\u00e9es personnelles et quelles mesures nous prenons pour les prot\u00e9ger. Notre d\u00e9claration de confidentialit\u00e9 vous donne un aper\u00e7u clair des informations que nous collectons, des raisons pour lesquelles nous les collectons et des droits dont vous disposez en tant qu&#8217;utilisateur. Veuillez prendre le temps de lire le document avant d&#8217;utiliser nos services. Vous pouvez t\u00e9l\u00e9charger l&#8217;int\u00e9gralit\u00e9 de la d\u00e9claration de confidentialit\u00e9 en cliquant sur le bouton ci-dessous. Si vous avez des questions, n&#8217;h\u00e9sitez pas \u00e0 nous contacter.    <\/p>\t\t\t\t\t\t\t\t<\/div>\n\t\t\t\t<div class=\"elementor-element elementor-element-642ce69 elementor-widget elementor-widget-button\" data-id=\"642ce69\" data-element_type=\"widget\" data-e-type=\"widget\" data-widget_type=\"button.default\">\n\t\t\t\t\t\t\t\t\t\t<a class=\"elementor-button elementor-button-link elementor-size-sm\" href=\"https:\/\/wedrivesolar.com\/wp-content\/uploads\/2025\/11\/Privacy-statement-Frans.pdf\" target=\"_blank\">\n\t\t\t\t\t\t<span class=\"elementor-button-content-wrapper\">\n\t\t\t\t\t\t\t\t\t<span class=\"elementor-button-text\">Voir la d\u00e9claration de confidentialit\u00e9<\/span>\n\t\t\t\t\t<\/span>\n\t\t\t\t\t<\/a>\n\t\t\t\t\t\t\t\t<\/div>\n\t\t\t\t\t<\/div>\n\t\t\t\t<\/div>\n\t\t\t\t<\/div>\n\t\t","protected":false},"excerpt":{"rendered":"<p>Politique de confidentialit\u00e9 La page Politique de confidentialit\u00e9 de We Drive Solar explique comment nous traitons les donn\u00e9es personnelles et quelles mesures nous prenons pour les prot\u00e9ger. Notre d\u00e9claration de confidentialit\u00e9 vous donne un aper\u00e7u clair des informations que nous collectons, des raisons pour lesquelles nous les collectons et des droits dont vous disposez en [&hellip;]<\/p>\n","protected":false},"author":3,"featured_media":0,"parent":0,"menu_order":0,"comment_status":"closed","ping_status":"closed","template":"","meta":{"_acf_changed":false,"footnotes":""},"class_list":["post-5283","page","type-page","status-publish","hentry"],"acf":[],"yoast_head":"<!-- This site is optimized with the Yoast SEO plugin v27.2 - https:\/\/yoast.com\/product\/yoast-seo-wordpress\/ -->\n<title>Politique de confidentialit\u00e9 - We Drive Solar<\/title>\n<meta name=\"robots\" content=\"index, follow, max-snippet:-1, max-image-preview:large, max-video-preview:-1\" \/>\n<link rel=\"canonical\" href=\"https:\/\/wedrivesolar.com\/privacy-statement\/\" \/>\n<meta property=\"og:locale\" content=\"fr_FR\" \/>\n<meta property=\"og:type\" content=\"article\" \/>\n<meta property=\"og:title\" content=\"Politique de confidentialit\u00e9 - We Drive Solar\" \/>\n<meta property=\"og:description\" content=\"Politique de confidentialit\u00e9 La page Politique de confidentialit\u00e9 de We Drive Solar explique comment nous traitons les donn\u00e9es personnelles et quelles mesures nous prenons pour les prot\u00e9ger. Notre d\u00e9claration de confidentialit\u00e9 vous donne un aper\u00e7u clair des informations que nous collectons, des raisons pour lesquelles nous les collectons et des droits dont vous disposez en [&hellip;]\" \/>\n<meta property=\"og:url\" content=\"https:\/\/wedrivesolar.com\/privacy-statement\/\" \/>\n<meta property=\"og:site_name\" content=\"We Drive Solar\" \/>\n<meta property=\"article:modified_time\" content=\"2025-11-20T15:33:20+00:00\" \/>\n<meta name=\"twitter:card\" content=\"summary_large_image\" \/>\n<meta name=\"twitter:label1\" content=\"Dur\u00e9e de lecture estim\u00e9e\" \/>\n\t<meta name=\"twitter:data1\" content=\"1 minute\" \/>\n<script type=\"application\/ld+json\" class=\"yoast-schema-graph\">{\"@context\":\"https:\/\/schema.org\",\"@graph\":[{\"@type\":\"WebPage\",\"@id\":\"https:\/\/wedrivesolar.com\/privacy-statement\/\",\"url\":\"https:\/\/wedrivesolar.com\/privacy-statement\/\",\"name\":\"Politique de confidentialit\u00e9 - We Drive Solar\",\"isPartOf\":{\"@id\":\"https:\/\/wedrivesolar.com\/#website\"},\"datePublished\":\"2025-11-20T13:36:21+00:00\",\"dateModified\":\"2025-11-20T15:33:20+00:00\",\"breadcrumb\":{\"@id\":\"https:\/\/wedrivesolar.com\/privacy-statement\/#breadcrumb\"},\"inLanguage\":\"fr-FR\",\"potentialAction\":[{\"@type\":\"ReadAction\",\"target\":[\"https:\/\/wedrivesolar.com\/privacy-statement\/\"]}]},{\"@type\":\"BreadcrumbList\",\"@id\":\"https:\/\/wedrivesolar.com\/privacy-statement\/#breadcrumb\",\"itemListElement\":[{\"@type\":\"ListItem\",\"position\":1,\"name\":\"Accueil\",\"item\":\"https:\/\/wedrivesolar.com\/\"},{\"@type\":\"ListItem\",\"position\":2,\"name\":\"Politique de confidentialit\u00e9\"}]},{\"@type\":\"WebSite\",\"@id\":\"https:\/\/wedrivesolar.com\/#website\",\"url\":\"https:\/\/wedrivesolar.com\/\",\"name\":\"We Drive Solar\",\"description\":\"Shaping the electricity grid of the future\",\"publisher\":{\"@id\":\"https:\/\/wedrivesolar.com\/#organization\"},\"potentialAction\":[{\"@type\":\"SearchAction\",\"target\":{\"@type\":\"EntryPoint\",\"urlTemplate\":\"https:\/\/wedrivesolar.com\/?s={search_term_string}\"},\"query-input\":{\"@type\":\"PropertyValueSpecification\",\"valueRequired\":true,\"valueName\":\"search_term_string\"}}],\"inLanguage\":\"fr-FR\"},{\"@type\":\"Organization\",\"@id\":\"https:\/\/wedrivesolar.com\/#organization\",\"name\":\"We Drive Solar\",\"url\":\"https:\/\/wedrivesolar.com\/\",\"logo\":{\"@type\":\"ImageObject\",\"inLanguage\":\"fr-FR\",\"@id\":\"https:\/\/wedrivesolar.com\/#\/schema\/logo\/image\/\",\"url\":\"https:\/\/wedrivesolar.com\/wp-content\/uploads\/2025\/04\/cropped-wedrivesolar_transparant.png\",\"contentUrl\":\"https:\/\/wedrivesolar.com\/wp-content\/uploads\/2025\/04\/cropped-wedrivesolar_transparant.png\",\"width\":1280,\"height\":201,\"caption\":\"We Drive Solar\"},\"image\":{\"@id\":\"https:\/\/wedrivesolar.com\/#\/schema\/logo\/image\/\"}}]}<\/script>\n<!-- \/ Yoast SEO plugin. -->","yoast_head_json":{"title":"Politique de confidentialit\u00e9 - We Drive Solar","robots":{"index":"index","follow":"follow","max-snippet":"max-snippet:-1","max-image-preview":"max-image-preview:large","max-video-preview":"max-video-preview:-1"},"canonical":"https:\/\/wedrivesolar.com\/privacy-statement\/","og_locale":"fr_FR","og_type":"article","og_title":"Politique de confidentialit\u00e9 - We Drive Solar","og_description":"Politique de confidentialit\u00e9 La page Politique de confidentialit\u00e9 de We Drive Solar explique comment nous traitons les donn\u00e9es personnelles et quelles mesures nous prenons pour les prot\u00e9ger. Notre d\u00e9claration de confidentialit\u00e9 vous donne un aper\u00e7u clair des informations que nous collectons, des raisons pour lesquelles nous les collectons et des droits dont vous disposez en [&hellip;]","og_url":"https:\/\/wedrivesolar.com\/privacy-statement\/","og_site_name":"We Drive Solar","article_modified_time":"2025-11-20T15:33:20+00:00","twitter_card":"summary_large_image","twitter_misc":{"Dur\u00e9e de lecture estim\u00e9e":"1 minute"},"schema":{"@context":"https:\/\/schema.org","@graph":[{"@type":"WebPage","@id":"https:\/\/wedrivesolar.com\/privacy-statement\/","url":"https:\/\/wedrivesolar.com\/privacy-statement\/","name":"Politique de confidentialit\u00e9 - We Drive Solar","isPartOf":{"@id":"https:\/\/wedrivesolar.com\/#website"},"datePublished":"2025-11-20T13:36:21+00:00","dateModified":"2025-11-20T15:33:20+00:00","breadcrumb":{"@id":"https:\/\/wedrivesolar.com\/privacy-statement\/#breadcrumb"},"inLanguage":"fr-FR","potentialAction":[{"@type":"ReadAction","target":["https:\/\/wedrivesolar.com\/privacy-statement\/"]}]},{"@type":"BreadcrumbList","@id":"https:\/\/wedrivesolar.com\/privacy-statement\/#breadcrumb","itemListElement":[{"@type":"ListItem","position":1,"name":"Accueil","item":"https:\/\/wedrivesolar.com\/"},{"@type":"ListItem","position":2,"name":"Politique de confidentialit\u00e9"}]},{"@type":"WebSite","@id":"https:\/\/wedrivesolar.com\/#website","url":"https:\/\/wedrivesolar.com\/","name":"We Drive Solar","description":"Shaping the electricity grid of the future","publisher":{"@id":"https:\/\/wedrivesolar.com\/#organization"},"potentialAction":[{"@type":"SearchAction","target":{"@type":"EntryPoint","urlTemplate":"https:\/\/wedrivesolar.com\/?s={search_term_string}"},"query-input":{"@type":"PropertyValueSpecification","valueRequired":true,"valueName":"search_term_string"}}],"inLanguage":"fr-FR"},{"@type":"Organization","@id":"https:\/\/wedrivesolar.com\/#organization","name":"We Drive Solar","url":"https:\/\/wedrivesolar.com\/","logo":{"@type":"ImageObject","inLanguage":"fr-FR","@id":"https:\/\/wedrivesolar.com\/#\/schema\/logo\/image\/","url":"https:\/\/wedrivesolar.com\/wp-content\/uploads\/2025\/04\/cropped-wedrivesolar_transparant.png","contentUrl":"https:\/\/wedrivesolar.com\/wp-content\/uploads\/2025\/04\/cropped-wedrivesolar_transparant.png","width":1280,"height":201,"caption":"We Drive Solar"},"image":{"@id":"https:\/\/wedrivesolar.com\/#\/schema\/logo\/image\/"}}]}},"_links":{"self":[{"href":"https:\/\/wedrivesolar.com\/fr\/wp-json\/wp\/v2\/pages\/5283","targetHints":{"allow":["GET"]}}],"collection":[{"href":"https:\/\/wedrivesolar.com\/fr\/wp-json\/wp\/v2\/pages"}],"about":[{"href":"https:\/\/wedrivesolar.com\/fr\/wp-json\/wp\/v2\/types\/page"}],"author":[{"embeddable":true,"href":"https:\/\/wedrivesolar.com\/fr\/wp-json\/wp\/v2\/users\/3"}],"replies":[{"embeddable":true,"href":"https:\/\/wedrivesolar.com\/fr\/wp-json\/wp\/v2\/comments?post=5283"}],"version-history":[{"count":0,"href":"https:\/\/wedrivesolar.com\/fr\/wp-json\/wp\/v2\/pages\/5283\/revisions"}],"wp:attachment":[{"href":"https:\/\/wedrivesolar.com\/fr\/wp-json\/wp\/v2\/media?parent=5283"}],"curies":[{"name":"wp","href":"https:\/\/api.w.org\/{rel}","templated":true}]}}